{"id":13244,"date":"2023-10-11T10:43:50","date_gmt":"2023-10-11T10:43:50","guid":{"rendered":"https:\/\/www.modernloveschool.com\/?page_id=13244"},"modified":"2023-10-11T10:49:52","modified_gmt":"2023-10-11T10:49:52","slug":"vereinbarung-fuer-love-storys","status":"publish","type":"page","link":"https:\/\/www.modernloveschool.com\/de\/vereinbarung-fuer-love-storys\/","title":{"rendered":"Vereinbarung f\u00fcr Love Storys"},"content":{"rendered":"\n<h2 class=\"wp-block-heading\"><strong>Vereinbarung f\u00fcr Love Storys<\/strong><\/h2>\n\n\n\n<p>Modern Love School bietet Ihnen (im Folgenden \u201eNutzer\u201c genannt) die M\u00f6glichkeit, als Gastautor auf der Webseite Modern Love School unentgeltlich eigene Texte (im Folgenden \u201eBeitr\u00e4ge\u201c) zu ver\u00f6ffentlichen. Voraussetzung hierf\u00fcr ist, dass Sie die nachfolgenden Nutzungsbedingungen akzeptieren.<\/p>\n\n\n\n<p><strong>Allgemeines<\/strong><\/p>\n\n\n\n<p>Modern Love School bietet dem Nutzer eine technische Plattform, sich mit anderen Nutzern \u00fcber Themen auszutauschen.<\/p>\n\n\n\n<p>Auf Modern Love School haben sich die Nutzer gegenseitig mit Respekt und R\u00fccksicht zu behandeln. Toleranz gegen\u00fcber Meinungsvielfalt sowie eine Sachlichkeit in der Auseinandersetzung mit anderen Nutzern von Modern Love School setzen wir voraus.<\/p>\n\n\n\n<p>Es ist dem Nutzer nicht gestattet, Modern Love School dazu zu verwenden, andere Nutzer oder Dritte zu beleidigen, zu bel\u00e4stigen oder zu bedrohen. Die Plattform Modern Love School ist nicht der Ort, an dem pers\u00f6nliche Streitigkeiten zwischen einzelnen Nutzern ausgetragen werden.<\/p>\n\n\n\n<p>Modern Love School darf auch nicht f\u00fcr Zwecke verwendet werden, durch die der Nutzer gegen rechtliche Bestimmungen verst\u00f6\u00dft.<\/p>\n\n\n\n<p>Keine Pr\u00fcfungspflicht von Modern Love School f\u00fcr Beitr\u00e4ge der Nutzer<\/p>\n\n\n\n<p>Modern Love School ist nicht verpflichtet, die Richtigkeit, Vollst\u00e4ndigkeit und Rechtm\u00e4\u00dfigkeit der Beitr\u00e4ge der Nutzer zu \u00fcberpr\u00fcfen. Soweit eine \u00dcberpr\u00fcfung durch die Redaktion von Modern Love School erfolgt, findet sie nicht in Echtzeit statt.<\/p>\n\n\n\n<p>Modern Love School ist f\u00fcr den Inhalt der Beitr\u00e4ge nicht verantwortlich und \u00fcbernimmt insoweit keine Haftung. Des Weiteren hat Modern Love School keinen Einfluss auf verlinkte Seiten und \u00fcbernimmt deshalb keine Haftung f\u00fcr Links, auf die direkt oder indirekt verwiesen wird. Modern Love School beh\u00e4lt sich vor, Beitr\u00e4ge, die bedenkliche Inhalte oder Verlinkungen beinhalten, zu l\u00f6schen.<\/p>\n\n\n\n<p><strong>Nutzerbeitr\u00e4ge<\/strong><\/p>\n\n\n\n<p>Der Nutzer hat keinen Anspruch auf Verg\u00fctung f\u00fcr das Erstellen oder Ver\u00f6ffentlichen seiner Beitr\u00e4ge auf Modern Love School.<\/p>\n\n\n\n<p>Beitr\u00e4ge, die rechtswidrig, gesch\u00e4ftssch\u00e4digend, werblich, drohend, bel\u00e4stigend, verleumderisch, vulg\u00e4r, rassistisch, illegal, beleidigend oder aggressiv gegen Personen oder Unternehmen gerichtet sind, sind nicht zul\u00e4ssig. Angriffe oder Unterstellungen gegen\u00fcber anderen Nutzern oder gegen\u00fcber Modern Love School sind weder direkt noch indirekt, unterschwellig oder verklausuliert erlaubt.<\/p>\n\n\n\n<p>Auch Beitr\u00e4ge mit anst\u00f6\u00dfigem Inhalt, doppeldeutigen Bezeichnungen und anderweitiger Darstellungen und Bezeichnungen, die sich am Rande der Legalit\u00e4t bewegen, sind untersagt. Jeder Nutzer verpflichtet sich zur Einhaltung der geltenden Jugendschutzvorschriften.<\/p>\n\n\n\n<p>Beitr\u00e4ge, mit denen der Nutzer werbliche oder kommerzielle Zwecke verfolgt, sind ebenfalls untersagt.<\/p>\n\n\n\n<p>Ma\u00dfnahmen bei Versto\u00df gegen die Nutzungsbedingungen von Modern Love School<\/p>\n\n\n\n<p>Modern Love School ist berechtigt, jederzeit nach alleinigem Belieben einzelne Beitr\u00e4ge oder Teile von Beitr\u00e4gen der Nutzer zu editieren und zu l\u00f6schen. Unabh\u00e4ngig von dem vorgenannten Recht wird Modern Love School Inhalte entfernen, die gegen diese Nutzungsbedingungen versto\u00dfen.<\/p>\n\n\n\n<p>Eine Rechtspflicht von Modern Love School zum Ergreifen der vorbenannten Ma\u00dfnahmen besteht jedoch nicht. Ebenfalls besteht keine Rechtspflicht von Modern Love School, den Nutzer \u00fcber das Ergreifen dieser Ma\u00dfnahmen zu informieren.<\/p>\n\n\n\n<p><strong>Freistellung<\/strong><\/p>\n\n\n\n<p>Der Nutzer stellt Modern Love School von Anspr\u00fcchen Dritter frei, die gegen Modern Love School aufgrund eines vom Nutzer auf dem Portal verbreiteten und \u00f6ffentlich zug\u00e4nglich gemachten Beitrags geltend gemacht werden. Der Nutzer \u00fcbernimmt insoweit auch die gerichtlichen und au\u00dfergerichtlichen Kosten der Rechtsverteidigung.<\/p>\n\n\n\n<p><strong>Haftung der Nutzer<\/strong><\/p>\n\n\n\n<p>Der Nutzer haftet daf\u00fcr, dass seine Beitr\u00e4ge nicht gegen Rechte Dritter und\/oder gesetzliche oder beh\u00f6rdliche Verbote und\/oder die Umgangsformen und Verhaltensregeln im Internet (Netiquette) und\/oder die guten Sitten versto\u00dfen.<\/p>\n\n\n\n<p>Nutzungsrechte an Beitr\u00e4gen der Nutzer<\/p>\n\n\n\n<ol class=\"wp-block-list\">\n<li>S\u00e4mtliche Nutzungsrechte an der finalen, durch die Modern Love School redigierten Version des ver\u00f6ffentlichten Beitrags stehen Modern Love School zu und gehen vorbehaltlich der nachfolgend in dieser Ziffer enthaltenen Regelung in das ausschlie\u00dfliche Eigentum von Modern Love School \u00fcber.&nbsp;<\/li>\n<\/ol>\n\n\n\n<p>(2) Soweit die f\u00fcr Modern Love School erbrachten Leistungen Urheberrechten oder gewerblichen Schutzrechten unterliegen, r\u00e4umt der Nutzer das unwiderrufliche, unbefristete, \u00fcbertragbare und in jeder Hinsicht unbeschr\u00e4nkte Nutzungsrecht f\u00fcr alle jetzt oder in Zukunft bekannten Nutzungsarten ein. Dazu geh\u00f6rt insbesondere das Recht, Ab\u00e4nderungen, Bearbeitungen oder Umgestaltungen vorzunehmen, die vertragsgegenst\u00e4ndlichen Leistungen im Original oder in abge\u00e4nderter, bearbeiteter oder umgestalteter Form zu vervielf\u00e4ltigen, zu ver\u00f6ffentlichen, zu verbreiten, vorzuf\u00fchren, \u00fcber Fernleitungen oder drahtlos zu \u00fcbertragen und zum Betrieb von DV-Anlagen und \u2013Ger\u00e4ten zu nutzen. Zur vollst\u00e4ndigen oder teilweisen Aus\u00fcbung der vorbezeichneten Rechte bedarf es keiner weiteren Zustimmung. Das Nutzungsrecht schlie\u00dft nicht das Recht zur Erteilung von Unterlizenzen ohne die Zustimmung des Nutzers ein.<\/p>\n\n\n\n<p>(3) Soweit es sich bei den vertragsgegenst\u00e4ndlichen Leistungen um f\u00fcr uns erbrachte Arbeiten handelt, gelten die gesetzlichen Regelungen in den \u00a7\u00a7 69a bis 69g Urheberrechtsgesetz entsprechend.<\/p>\n\n\n\n<p><strong>Schlussbestimmungen<\/strong><\/p>\n\n\n\n<p>F\u00fcr s\u00e4mtliche Streitigkeiten aus oder im Zusammenhang mit dieser Vereinbarung ist der Gerichtsstand Hamburg.<\/p>\n\n\n\n<p>Sofern Teile oder einzelne Formulierungen dieser Nutzungsbedingungen unwirksam sind oder werden, bleiben die \u00fcbrigen Teile in ihrem Inhalt und ihrer G\u00fcltigkeit hiervon unber\u00fchrt.<\/p>\n","protected":false},"excerpt":{"rendered":"<p>Vereinbarung f\u00fcr Love Storys Modern Love School bietet Ihnen (im Folgenden \u201eNutzer\u201c genannt) die M\u00f6glichkeit, als Gastautor auf der Webseite Modern Love School unentgeltlich eigene Texte (im Folgenden \u201eBeitr\u00e4ge\u201c) zu ver\u00f6ffentlichen. Voraussetzung hierf\u00fcr ist, dass Sie die nachfolgenden Nutzungsbedingungen akzeptieren. Allgemeines Modern Love School bietet dem Nutzer eine technische Plattform, sich mit anderen Nutzern \u00fcber [&hellip;]<\/p>\n","protected":false},"author":1,"featured_media":0,"parent":0,"menu_order":0,"comment_status":"closed","ping_status":"closed","template":"","meta":{"_acf_changed":false,"footnotes":""},"class_list":["post-13244","page","type-page","status-publish","hentry"],"acf":[],"yoast_head":"<!-- This site is optimized with the Yoast SEO plugin v24.1 - https:\/\/yoast.com\/wordpress\/plugins\/seo\/ -->\n<title>Vereinbarung f\u00fcr Love Storys | Modern Love School<\/title>\n<meta name=\"robots\" content=\"index, follow, max-snippet:-1, max-image-preview:large, max-video-preview:-1\" \/>\n<link rel=\"canonical\" href=\"https:\/\/www.modernloveschool.com\/de\/vereinbarung-fuer-love-storys\/\" \/>\n<meta property=\"og:locale\" content=\"de_DE\" \/>\n<meta property=\"og:type\" content=\"article\" \/>\n<meta property=\"og:title\" content=\"Vereinbarung f\u00fcr Love Storys | Modern Love School\" \/>\n<meta property=\"og:description\" content=\"Vereinbarung f\u00fcr Love Storys Modern Love School bietet Ihnen (im Folgenden \u201eNutzer\u201c genannt) die M\u00f6glichkeit, als Gastautor auf der Webseite Modern Love School unentgeltlich eigene Texte (im Folgenden \u201eBeitr\u00e4ge\u201c) zu ver\u00f6ffentlichen. Voraussetzung hierf\u00fcr ist, dass Sie die nachfolgenden Nutzungsbedingungen akzeptieren. Allgemeines Modern Love School bietet dem Nutzer eine technische Plattform, sich mit anderen Nutzern \u00fcber [&hellip;]\" \/>\n<meta property=\"og:url\" content=\"https:\/\/www.modernloveschool.com\/de\/vereinbarung-fuer-love-storys\/\" \/>\n<meta property=\"og:site_name\" content=\"Modern Love School\" \/>\n<meta property=\"article:publisher\" content=\"https:\/\/www.facebook.com\/ModernLoveSchool\/\" \/>\n<meta property=\"article:modified_time\" content=\"2023-10-11T10:49:52+00:00\" \/>\n<meta name=\"twitter:card\" content=\"summary_large_image\" \/>\n<meta name=\"twitter:label1\" content=\"Gesch\u00e4tzte Lesezeit\" \/>\n\t<meta name=\"twitter:data1\" content=\"4\u00a0Minuten\" \/>\n<script type=\"application\/ld+json\" class=\"yoast-schema-graph\">{\"@context\":\"https:\/\/schema.org\",\"@graph\":[{\"@type\":\"WebPage\",\"@id\":\"https:\/\/www.modernloveschool.com\/de\/vereinbarung-fuer-love-storys\/\",\"url\":\"https:\/\/www.modernloveschool.com\/de\/vereinbarung-fuer-love-storys\/\",\"name\":\"Vereinbarung f\u00fcr Love Storys | Modern Love School\",\"isPartOf\":{\"@id\":\"https:\/\/www.modernloveschool.com\/de\/#website\"},\"datePublished\":\"2023-10-11T10:43:50+00:00\",\"dateModified\":\"2023-10-11T10:49:52+00:00\",\"breadcrumb\":{\"@id\":\"https:\/\/www.modernloveschool.com\/de\/vereinbarung-fuer-love-storys\/#breadcrumb\"},\"inLanguage\":\"de\",\"potentialAction\":[{\"@type\":\"ReadAction\",\"target\":[\"https:\/\/www.modernloveschool.com\/de\/vereinbarung-fuer-love-storys\/\"]}]},{\"@type\":\"BreadcrumbList\",\"@id\":\"https:\/\/www.modernloveschool.com\/de\/vereinbarung-fuer-love-storys\/#breadcrumb\",\"itemListElement\":[{\"@type\":\"ListItem\",\"position\":1,\"name\":\"Home\",\"item\":\"https:\/\/www.modernloveschool.com\/de\/\"},{\"@type\":\"ListItem\",\"position\":2,\"name\":\"Vereinbarung f\u00fcr Love Storys\"}]},{\"@type\":\"WebSite\",\"@id\":\"https:\/\/www.modernloveschool.com\/de\/#website\",\"url\":\"https:\/\/www.modernloveschool.com\/de\/\",\"name\":\"Modern Love School\",\"description\":\"Online Kurse rund um die Liebe\",\"publisher\":{\"@id\":\"https:\/\/www.modernloveschool.com\/de\/#organization\"},\"potentialAction\":[{\"@type\":\"SearchAction\",\"target\":{\"@type\":\"EntryPoint\",\"urlTemplate\":\"https:\/\/www.modernloveschool.com\/de\/?s={search_term_string}\"},\"query-input\":{\"@type\":\"PropertyValueSpecification\",\"valueRequired\":true,\"valueName\":\"search_term_string\"}}],\"inLanguage\":\"de\"},{\"@type\":\"Organization\",\"@id\":\"https:\/\/www.modernloveschool.com\/de\/#organization\",\"name\":\"Modern Love School GmbH\",\"url\":\"https:\/\/www.modernloveschool.com\/de\/\",\"logo\":{\"@type\":\"ImageObject\",\"inLanguage\":\"de\",\"@id\":\"https:\/\/www.modernloveschool.com\/de\/#\/schema\/logo\/image\/\",\"url\":\"\",\"contentUrl\":\"\",\"caption\":\"Modern Love School GmbH\"},\"image\":{\"@id\":\"https:\/\/www.modernloveschool.com\/de\/#\/schema\/logo\/image\/\"},\"sameAs\":[\"https:\/\/www.facebook.com\/ModernLoveSchool\/\",\"https:\/\/www.instagram.com\/modernloveschool\/\",\"https:\/\/www.pinterest.de\/modernloveschool\/\",\"https:\/\/www.youtube.com\/channel\/UCs5FbbRqySXdc9OdP8vF_WQ\"]}]}<\/script>\n<!-- \/ Yoast SEO plugin. -->","yoast_head_json":{"title":"Vereinbarung f\u00fcr Love Storys | Modern Love School","robots":{"index":"index","follow":"follow","max-snippet":"max-snippet:-1","max-image-preview":"max-image-preview:large","max-video-preview":"max-video-preview:-1"},"canonical":"https:\/\/www.modernloveschool.com\/de\/vereinbarung-fuer-love-storys\/","og_locale":"de_DE","og_type":"article","og_title":"Vereinbarung f\u00fcr Love Storys | Modern Love School","og_description":"Vereinbarung f\u00fcr Love Storys Modern Love School bietet Ihnen (im Folgenden \u201eNutzer\u201c genannt) die M\u00f6glichkeit, als Gastautor auf der Webseite Modern Love School unentgeltlich eigene Texte (im Folgenden \u201eBeitr\u00e4ge\u201c) zu ver\u00f6ffentlichen. Voraussetzung hierf\u00fcr ist, dass Sie die nachfolgenden Nutzungsbedingungen akzeptieren. Allgemeines Modern Love School bietet dem Nutzer eine technische Plattform, sich mit anderen Nutzern \u00fcber [&hellip;]","og_url":"https:\/\/www.modernloveschool.com\/de\/vereinbarung-fuer-love-storys\/","og_site_name":"Modern Love School","article_publisher":"https:\/\/www.facebook.com\/ModernLoveSchool\/","article_modified_time":"2023-10-11T10:49:52+00:00","twitter_card":"summary_large_image","twitter_misc":{"Gesch\u00e4tzte Lesezeit":"4\u00a0Minuten"},"schema":{"@context":"https:\/\/schema.org","@graph":[{"@type":"WebPage","@id":"https:\/\/www.modernloveschool.com\/de\/vereinbarung-fuer-love-storys\/","url":"https:\/\/www.modernloveschool.com\/de\/vereinbarung-fuer-love-storys\/","name":"Vereinbarung f\u00fcr Love Storys | Modern Love School","isPartOf":{"@id":"https:\/\/www.modernloveschool.com\/de\/#website"},"datePublished":"2023-10-11T10:43:50+00:00","dateModified":"2023-10-11T10:49:52+00:00","breadcrumb":{"@id":"https:\/\/www.modernloveschool.com\/de\/vereinbarung-fuer-love-storys\/#breadcrumb"},"inLanguage":"de","potentialAction":[{"@type":"ReadAction","target":["https:\/\/www.modernloveschool.com\/de\/vereinbarung-fuer-love-storys\/"]}]},{"@type":"BreadcrumbList","@id":"https:\/\/www.modernloveschool.com\/de\/vereinbarung-fuer-love-storys\/#breadcrumb","itemListElement":[{"@type":"ListItem","position":1,"name":"Home","item":"https:\/\/www.modernloveschool.com\/de\/"},{"@type":"ListItem","position":2,"name":"Vereinbarung f\u00fcr Love Storys"}]},{"@type":"WebSite","@id":"https:\/\/www.modernloveschool.com\/de\/#website","url":"https:\/\/www.modernloveschool.com\/de\/","name":"Modern Love School","description":"Online Kurse rund um die Liebe","publisher":{"@id":"https:\/\/www.modernloveschool.com\/de\/#organization"},"potentialAction":[{"@type":"SearchAction","target":{"@type":"EntryPoint","urlTemplate":"https:\/\/www.modernloveschool.com\/de\/?s={search_term_string}"},"query-input":{"@type":"PropertyValueSpecification","valueRequired":true,"valueName":"search_term_string"}}],"inLanguage":"de"},{"@type":"Organization","@id":"https:\/\/www.modernloveschool.com\/de\/#organization","name":"Modern Love School GmbH","url":"https:\/\/www.modernloveschool.com\/de\/","logo":{"@type":"ImageObject","inLanguage":"de","@id":"https:\/\/www.modernloveschool.com\/de\/#\/schema\/logo\/image\/","url":"","contentUrl":"","caption":"Modern Love School GmbH"},"image":{"@id":"https:\/\/www.modernloveschool.com\/de\/#\/schema\/logo\/image\/"},"sameAs":["https:\/\/www.facebook.com\/ModernLoveSchool\/","https:\/\/www.instagram.com\/modernloveschool\/","https:\/\/www.pinterest.de\/modernloveschool\/","https:\/\/www.youtube.com\/channel\/UCs5FbbRqySXdc9OdP8vF_WQ"]}]}},"_links":{"self":[{"href":"https:\/\/www.modernloveschool.com\/de\/wp-json\/wp\/v2\/pages\/13244","targetHints":{"allow":["GET"]}}],"collection":[{"href":"https:\/\/www.modernloveschool.com\/de\/wp-json\/wp\/v2\/pages"}],"about":[{"href":"https:\/\/www.modernloveschool.com\/de\/wp-json\/wp\/v2\/types\/page"}],"author":[{"embeddable":true,"href":"https:\/\/www.modernloveschool.com\/de\/wp-json\/wp\/v2\/users\/1"}],"replies":[{"embeddable":true,"href":"https:\/\/www.modernloveschool.com\/de\/wp-json\/wp\/v2\/comments?post=13244"}],"version-history":[{"count":2,"href":"https:\/\/www.modernloveschool.com\/de\/wp-json\/wp\/v2\/pages\/13244\/revisions"}],"predecessor-version":[{"id":13246,"href":"https:\/\/www.modernloveschool.com\/de\/wp-json\/wp\/v2\/pages\/13244\/revisions\/13246"}],"wp:attachment":[{"href":"https:\/\/www.modernloveschool.com\/de\/wp-json\/wp\/v2\/media?parent=13244"}],"curies":[{"name":"wp","href":"https:\/\/api.w.org\/{rel}","templated":true}]}}