{"id":15,"date":"2019-02-19T13:23:00","date_gmt":"2019-02-19T13:23:00","guid":{"rendered":"http:\/\/dev.modernloveschool.com\/shipping__delivery\/"},"modified":"2020-11-16T16:04:22","modified_gmt":"2020-11-16T16:04:22","slug":"versand-lieferung","status":"publish","type":"page","link":"https:\/\/www.modernloveschool.com\/de\/versand-lieferung\/","title":{"rendered":"Versand &#038; Lieferung"},"content":{"rendered":"<h1>Versand &amp; Lieferung<\/h1>\n<h2><strong>Allgemeines <\/strong><\/h2>\n<p>Die Modern Love School \u00ae ist eine digitale Plattform und stellt ihre Angebote nur digital zur Verf\u00fcgung. Es werden zurzeit weder Kurse oder andere Produkte physikalisch versendet oder geliefert. Die Teilnahme an Kursen oder der Empfang von Kursangeboten erfolgt ausschlie\u00dflich online. Es ist jedoch in Zukunft geplant, auch analoge Produkte anzubieten.<\/p>\n<h2><strong>Preise<\/strong><\/h2>\n<p>Zu jedem Kurs der Modern Love School \u00ae geh\u00f6rt eine sogenannte Produktseite. Die auf diesen Produktseiten genannten Preise enthalten die gesetzliche Mehrwertsteuer und alle sonstigen Preisbestandteile. F\u00fcr unsere digitalen Angebote fallen keine weiteren Kosten an.<\/p>\n<h2><strong>Lieferorte<\/strong><\/h2>\n<p>Die Modern Love School \u00ae liefert aktuell nur innerhalb Deutschlands und \u00d6sterreichs.<\/p>\n<h2><strong>Versandkosten<\/strong><\/h2>\n<p>F\u00fcr unsere digitalen Inhalte fallen selbstverst\u00e4ndlich keine Versandkosten an.<\/p>\n<p>Sollten wir in Zukunft analoge Produkte (z.B. Kursmaterialien) versenden, so werden die daf\u00fcr anfallenden Versandkosten im Warenkorbsystem und auf der Bestellseite nochmals sehr deutlich angezeigt.<\/p>\n<p>Da die Versandkosten &#8211; im Falle analoger Produkte &#8211; gesetzliche Mehrwertsteuer enthalten und diese abh\u00e4ngig vom Wert der erworbenen Waren berechnet werden, k\u00f6nnen diese erst im Laufe des Bestellprozesses endg\u00fcltig berechnet werden. Sie k\u00f6nnen im Bestellverlauf jedoch nicht h\u00f6her, sondern nur niedriger werden. Grund daf\u00fcr ist der niedrigere Mehrwertsteuersatz zum Beispiel bei B\u00fcchern (7 % bei Verlagsprodukten gegen\u00fcber 19 % Regelsatz).<\/p>\n","protected":false},"excerpt":{"rendered":"<p>Versand &amp; Lieferung Allgemeines Die Modern Love School \u00ae ist eine digitale Plattform und stellt ihre Angebote nur digital zur Verf\u00fcgung. Es werden zurzeit weder Kurse oder andere Produkte physikalisch versendet oder geliefert. Die Teilnahme an Kursen oder der Empfang von Kursangeboten erfolgt ausschlie\u00dflich online. Es ist jedoch in Zukunft geplant, auch analoge Produkte anzubieten. [&hellip;]<\/p>\n","protected":false},"author":11,"featured_media":0,"parent":0,"menu_order":0,"comment_status":"closed","ping_status":"closed","template":"page-template-narrow.php","meta":{"_acf_changed":false,"footnotes":""},"class_list":["post-15","page","type-page","status-publish","hentry"],"acf":[],"yoast_head":"<!-- This site is optimized with the Yoast SEO plugin v24.1 - https:\/\/yoast.com\/wordpress\/plugins\/seo\/ -->\n<title>Versand &amp; Lieferung | Modern Love School<\/title>\n<meta name=\"robots\" content=\"index, nofollow, max-snippet:-1, max-image-preview:large, max-video-preview:-1\" \/>\n<link rel=\"canonical\" href=\"https:\/\/www.modernloveschool.com\/de\/versand-lieferung\/\" \/>\n<meta property=\"og:locale\" content=\"de_DE\" \/>\n<meta property=\"og:type\" content=\"article\" \/>\n<meta property=\"og:title\" content=\"Versand &amp; Lieferung | Modern Love School\" \/>\n<meta property=\"og:description\" content=\"Versand &amp; Lieferung Allgemeines Die Modern Love School \u00ae ist eine digitale Plattform und stellt ihre Angebote nur digital zur Verf\u00fcgung. Es werden zurzeit weder Kurse oder andere Produkte physikalisch versendet oder geliefert. Die Teilnahme an Kursen oder der Empfang von Kursangeboten erfolgt ausschlie\u00dflich online. Es ist jedoch in Zukunft geplant, auch analoge Produkte anzubieten. [&hellip;]\" \/>\n<meta property=\"og:url\" content=\"https:\/\/www.modernloveschool.com\/de\/versand-lieferung\/\" \/>\n<meta property=\"og:site_name\" content=\"Modern Love School\" \/>\n<meta property=\"article:publisher\" content=\"https:\/\/www.facebook.com\/ModernLoveSchool\/\" \/>\n<meta property=\"article:modified_time\" content=\"2020-11-16T16:04:22+00:00\" \/>\n<meta name=\"twitter:card\" content=\"summary_large_image\" \/>\n<meta name=\"twitter:label1\" content=\"Gesch\u00e4tzte Lesezeit\" \/>\n\t<meta name=\"twitter:data1\" content=\"1\u00a0Minute\" \/>\n<script type=\"application\/ld+json\" class=\"yoast-schema-graph\">{\"@context\":\"https:\/\/schema.org\",\"@graph\":[{\"@type\":\"WebPage\",\"@id\":\"https:\/\/www.modernloveschool.com\/de\/versand-lieferung\/\",\"url\":\"https:\/\/www.modernloveschool.com\/de\/versand-lieferung\/\",\"name\":\"Versand & Lieferung | Modern Love School\",\"isPartOf\":{\"@id\":\"https:\/\/www.modernloveschool.com\/de\/#website\"},\"datePublished\":\"2019-02-19T13:23:00+00:00\",\"dateModified\":\"2020-11-16T16:04:22+00:00\",\"breadcrumb\":{\"@id\":\"https:\/\/www.modernloveschool.com\/de\/versand-lieferung\/#breadcrumb\"},\"inLanguage\":\"de\",\"potentialAction\":[{\"@type\":\"ReadAction\",\"target\":[\"https:\/\/www.modernloveschool.com\/de\/versand-lieferung\/\"]}]},{\"@type\":\"BreadcrumbList\",\"@id\":\"https:\/\/www.modernloveschool.com\/de\/versand-lieferung\/#breadcrumb\",\"itemListElement\":[{\"@type\":\"ListItem\",\"position\":1,\"name\":\"Home\",\"item\":\"https:\/\/www.modernloveschool.com\/de\/\"},{\"@type\":\"ListItem\",\"position\":2,\"name\":\"Versand &#038; Lieferung\"}]},{\"@type\":\"WebSite\",\"@id\":\"https:\/\/www.modernloveschool.com\/de\/#website\",\"url\":\"https:\/\/www.modernloveschool.com\/de\/\",\"name\":\"Modern Love School\",\"description\":\"Online Kurse rund um die Liebe\",\"publisher\":{\"@id\":\"https:\/\/www.modernloveschool.com\/de\/#organization\"},\"potentialAction\":[{\"@type\":\"SearchAction\",\"target\":{\"@type\":\"EntryPoint\",\"urlTemplate\":\"https:\/\/www.modernloveschool.com\/de\/?s={search_term_string}\"},\"query-input\":{\"@type\":\"PropertyValueSpecification\",\"valueRequired\":true,\"valueName\":\"search_term_string\"}}],\"inLanguage\":\"de\"},{\"@type\":\"Organization\",\"@id\":\"https:\/\/www.modernloveschool.com\/de\/#organization\",\"name\":\"Modern Love School GmbH\",\"url\":\"https:\/\/www.modernloveschool.com\/de\/\",\"logo\":{\"@type\":\"ImageObject\",\"inLanguage\":\"de\",\"@id\":\"https:\/\/www.modernloveschool.com\/de\/#\/schema\/logo\/image\/\",\"url\":\"\",\"contentUrl\":\"\",\"caption\":\"Modern Love School GmbH\"},\"image\":{\"@id\":\"https:\/\/www.modernloveschool.com\/de\/#\/schema\/logo\/image\/\"},\"sameAs\":[\"https:\/\/www.facebook.com\/ModernLoveSchool\/\",\"https:\/\/www.instagram.com\/modernloveschool\/\",\"https:\/\/www.pinterest.de\/modernloveschool\/\",\"https:\/\/www.youtube.com\/channel\/UCs5FbbRqySXdc9OdP8vF_WQ\"]}]}<\/script>\n<!-- \/ Yoast SEO plugin. -->","yoast_head_json":{"title":"Versand & Lieferung | Modern Love School","robots":{"index":"index","follow":"nofollow","max-snippet":"max-snippet:-1","max-image-preview":"max-image-preview:large","max-video-preview":"max-video-preview:-1"},"canonical":"https:\/\/www.modernloveschool.com\/de\/versand-lieferung\/","og_locale":"de_DE","og_type":"article","og_title":"Versand & Lieferung | Modern Love School","og_description":"Versand &amp; Lieferung Allgemeines Die Modern Love School \u00ae ist eine digitale Plattform und stellt ihre Angebote nur digital zur Verf\u00fcgung. Es werden zurzeit weder Kurse oder andere Produkte physikalisch versendet oder geliefert. Die Teilnahme an Kursen oder der Empfang von Kursangeboten erfolgt ausschlie\u00dflich online. Es ist jedoch in Zukunft geplant, auch analoge Produkte anzubieten. [&hellip;]","og_url":"https:\/\/www.modernloveschool.com\/de\/versand-lieferung\/","og_site_name":"Modern Love School","article_publisher":"https:\/\/www.facebook.com\/ModernLoveSchool\/","article_modified_time":"2020-11-16T16:04:22+00:00","twitter_card":"summary_large_image","twitter_misc":{"Gesch\u00e4tzte Lesezeit":"1\u00a0Minute"},"schema":{"@context":"https:\/\/schema.org","@graph":[{"@type":"WebPage","@id":"https:\/\/www.modernloveschool.com\/de\/versand-lieferung\/","url":"https:\/\/www.modernloveschool.com\/de\/versand-lieferung\/","name":"Versand & Lieferung | Modern Love School","isPartOf":{"@id":"https:\/\/www.modernloveschool.com\/de\/#website"},"datePublished":"2019-02-19T13:23:00+00:00","dateModified":"2020-11-16T16:04:22+00:00","breadcrumb":{"@id":"https:\/\/www.modernloveschool.com\/de\/versand-lieferung\/#breadcrumb"},"inLanguage":"de","potentialAction":[{"@type":"ReadAction","target":["https:\/\/www.modernloveschool.com\/de\/versand-lieferung\/"]}]},{"@type":"BreadcrumbList","@id":"https:\/\/www.modernloveschool.com\/de\/versand-lieferung\/#breadcrumb","itemListElement":[{"@type":"ListItem","position":1,"name":"Home","item":"https:\/\/www.modernloveschool.com\/de\/"},{"@type":"ListItem","position":2,"name":"Versand &#038; Lieferung"}]},{"@type":"WebSite","@id":"https:\/\/www.modernloveschool.com\/de\/#website","url":"https:\/\/www.modernloveschool.com\/de\/","name":"Modern Love School","description":"Online Kurse rund um die Liebe","publisher":{"@id":"https:\/\/www.modernloveschool.com\/de\/#organization"},"potentialAction":[{"@type":"SearchAction","target":{"@type":"EntryPoint","urlTemplate":"https:\/\/www.modernloveschool.com\/de\/?s={search_term_string}"},"query-input":{"@type":"PropertyValueSpecification","valueRequired":true,"valueName":"search_term_string"}}],"inLanguage":"de"},{"@type":"Organization","@id":"https:\/\/www.modernloveschool.com\/de\/#organization","name":"Modern Love School GmbH","url":"https:\/\/www.modernloveschool.com\/de\/","logo":{"@type":"ImageObject","inLanguage":"de","@id":"https:\/\/www.modernloveschool.com\/de\/#\/schema\/logo\/image\/","url":"","contentUrl":"","caption":"Modern Love School GmbH"},"image":{"@id":"https:\/\/www.modernloveschool.com\/de\/#\/schema\/logo\/image\/"},"sameAs":["https:\/\/www.facebook.com\/ModernLoveSchool\/","https:\/\/www.instagram.com\/modernloveschool\/","https:\/\/www.pinterest.de\/modernloveschool\/","https:\/\/www.youtube.com\/channel\/UCs5FbbRqySXdc9OdP8vF_WQ"]}]}},"_links":{"self":[{"href":"https:\/\/www.modernloveschool.com\/de\/wp-json\/wp\/v2\/pages\/15","targetHints":{"allow":["GET"]}}],"collection":[{"href":"https:\/\/www.modernloveschool.com\/de\/wp-json\/wp\/v2\/pages"}],"about":[{"href":"https:\/\/www.modernloveschool.com\/de\/wp-json\/wp\/v2\/types\/page"}],"author":[{"embeddable":true,"href":"https:\/\/www.modernloveschool.com\/de\/wp-json\/wp\/v2\/users\/11"}],"replies":[{"embeddable":true,"href":"https:\/\/www.modernloveschool.com\/de\/wp-json\/wp\/v2\/comments?post=15"}],"version-history":[{"count":7,"href":"https:\/\/www.modernloveschool.com\/de\/wp-json\/wp\/v2\/pages\/15\/revisions"}],"predecessor-version":[{"id":2498,"href":"https:\/\/www.modernloveschool.com\/de\/wp-json\/wp\/v2\/pages\/15\/revisions\/2498"}],"wp:attachment":[{"href":"https:\/\/www.modernloveschool.com\/de\/wp-json\/wp\/v2\/media?parent=15"}],"curies":[{"name":"wp","href":"https:\/\/api.w.org\/{rel}","templated":true}]}}