{"id":1538,"date":"2019-07-02T10:08:06","date_gmt":"2019-07-02T10:08:06","guid":{"rendered":"https:\/\/www.modernloveschool.com\/?page_id=1538"},"modified":"2020-11-16T16:04:18","modified_gmt":"2020-11-16T16:04:18","slug":"kontakt","status":"publish","type":"page","link":"https:\/\/www.modernloveschool.com\/de\/kontakt\/","title":{"rendered":"Kontakt"},"content":{"rendered":"<div class=\"wpb-content-wrapper\"><p>[vc_row][vc_column][vc_column_text]<\/p>\n<h1>Kann es zu wenig Liebe geben?<\/h1>\n<p style=\"font-size: 22px;\">Wir wollen mit der Modern Love School Singles und Paare bei Partnersuche, Partnerwahl und Partnerschaft unterst\u00fctzen. Du kannst uns dabei unterst\u00fctzen, indem du anderen von uns erz\u00e4hlst!<\/p>\n<p>[\/vc_column_text][\/vc_column][\/vc_row][vc_row][vc_column width=&#8220;1\/2&#8243;][vc_column_text]<img loading=\"lazy\" decoding=\"async\" class=\"alignnone size-xs wp-image-2040\" title=\"Stephanie Wunderlich f\u00fcr Modern Love School\" src=\"https:\/\/www.modernloveschool.com\/wp-content\/uploads\/2019\/07\/Love-School-Online-Kurse-Beziehung-Beziehungs\u00adtest-Wie-gut-passen-wir-zusammen-Modul-01-400x400.jpg\" alt=\"\" width=\"400\" height=\"400\" srcset=\"https:\/\/www.modernloveschool.com\/wp-content\/uploads\/2019\/07\/Love-School-Online-Kurse-Beziehung-Beziehungs\u00adtest-Wie-gut-passen-wir-zusammen-Modul-01-400x400.jpg 400w, https:\/\/www.modernloveschool.com\/wp-content\/uploads\/2019\/07\/Love-School-Online-Kurse-Beziehung-Beziehungs\u00adtest-Wie-gut-passen-wir-zusammen-Modul-01-200x200.jpg 200w, https:\/\/www.modernloveschool.com\/wp-content\/uploads\/2019\/07\/Love-School-Online-Kurse-Beziehung-Beziehungs\u00adtest-Wie-gut-passen-wir-zusammen-Modul-01-800x800.jpg 800w, https:\/\/www.modernloveschool.com\/wp-content\/uploads\/2019\/07\/Love-School-Online-Kurse-Beziehung-Beziehungs\u00adtest-Wie-gut-passen-wir-zusammen-Modul-01-1000x1000.jpg 1000w, https:\/\/www.modernloveschool.com\/wp-content\/uploads\/2019\/07\/Love-School-Online-Kurse-Beziehung-Beziehungs\u00adtest-Wie-gut-passen-wir-zusammen-Modul-01.jpg 1080w\" sizes=\"auto, (max-width: 400px) 100vw, 400px\" \/><\/p>\n<h2>Kontakt<\/h2>\n<p>Du hast Feedback f\u00fcr uns? Vielleicht hast du W\u00fcnsche f\u00fcr neue Kursthemen? Oder funktioniert etwas nicht? Dann bitten wir schon einmal um Entschuldigung. Auf unserer\u00a0<a href=\"\/de\/hilfe-faq\/\">FAQ-Seite<\/a>\u00a0findest du Tipps f\u00fcr h\u00e4ufig gestellte Fragen. Wirst du dort nicht f\u00fcndig oder willst du uns Anregungen schicken: <a href=\"mailto:kontakt@modernloveschool.com \">kontakt@modernloveschool.com<\/a>[\/vc_column_text][\/vc_column][vc_column width=&#8220;1\/2&#8243;][vc_column_text]<img loading=\"lazy\" decoding=\"async\" class=\"alignnone size-xs wp-image-3474\" title=\"Stephanie Wunderlich f\u00fcr Modern Love School\" src=\"https:\/\/www.modernloveschool.com\/wp-content\/uploads\/2019\/10\/Love-School-Online-Kurse-Trennung-Trennung-entscheiden-Gehen-oder-Bleiben-Lektion-01-400x400.jpg\" alt=\"\" width=\"400\" height=\"400\" srcset=\"https:\/\/www.modernloveschool.com\/wp-content\/uploads\/2019\/10\/Love-School-Online-Kurse-Trennung-Trennung-entscheiden-Gehen-oder-Bleiben-Lektion-01-400x400.jpg 400w, https:\/\/www.modernloveschool.com\/wp-content\/uploads\/2019\/10\/Love-School-Online-Kurse-Trennung-Trennung-entscheiden-Gehen-oder-Bleiben-Lektion-01-200x200.jpg 200w, https:\/\/www.modernloveschool.com\/wp-content\/uploads\/2019\/10\/Love-School-Online-Kurse-Trennung-Trennung-entscheiden-Gehen-oder-Bleiben-Lektion-01-800x800.jpg 800w, https:\/\/www.modernloveschool.com\/wp-content\/uploads\/2019\/10\/Love-School-Online-Kurse-Trennung-Trennung-entscheiden-Gehen-oder-Bleiben-Lektion-01-1000x1000.jpg 1000w, https:\/\/www.modernloveschool.com\/wp-content\/uploads\/2019\/10\/Love-School-Online-Kurse-Trennung-Trennung-entscheiden-Gehen-oder-Bleiben-Lektion-01.jpg 1080w\" sizes=\"auto, (max-width: 400px) 100vw, 400px\" \/><\/p>\n<h2>Blogger<\/h2>\n<p>Du hast einen Blog und viele Leser, die f\u00fcr die Liebe brennen und sich f\u00fcr Themen von Partnersuche bis Trennung interessieren? Wir freuen uns immer \u00fcber M\u00f6glichkeiten f\u00fcr eine Zusammenarbeit mit Menschen, die mehr Liebe verbreiten! Lass uns wissen, was wir f\u00fcr dich tun k\u00f6nnen: <a href=\"mailto:kontakt@modernloveschool.com \">kontakt@modernloveschool.com <\/a>[\/vc_column_text][\/vc_column][\/vc_row][vc_row][vc_column width=&#8220;1\/2&#8243;][vc_column_text]<img loading=\"lazy\" decoding=\"async\" class=\"alignnone size-xs wp-image-2041\" title=\"Stephanie Wunderlich f\u00fcr Modern Love School\" src=\"https:\/\/www.modernloveschool.com\/wp-content\/uploads\/2019\/07\/Love-School-Online-Kurse-Beziehung-Beziehungs\u00adtest-Wie-gut-passen-wir-zusammen-Modul-02-400x400.jpg\" alt=\"\" width=\"400\" height=\"400\" srcset=\"https:\/\/www.modernloveschool.com\/wp-content\/uploads\/2019\/07\/Love-School-Online-Kurse-Beziehung-Beziehungs\u00adtest-Wie-gut-passen-wir-zusammen-Modul-02-400x400.jpg 400w, https:\/\/www.modernloveschool.com\/wp-content\/uploads\/2019\/07\/Love-School-Online-Kurse-Beziehung-Beziehungs\u00adtest-Wie-gut-passen-wir-zusammen-Modul-02-200x200.jpg 200w, https:\/\/www.modernloveschool.com\/wp-content\/uploads\/2019\/07\/Love-School-Online-Kurse-Beziehung-Beziehungs\u00adtest-Wie-gut-passen-wir-zusammen-Modul-02-800x800.jpg 800w, https:\/\/www.modernloveschool.com\/wp-content\/uploads\/2019\/07\/Love-School-Online-Kurse-Beziehung-Beziehungs\u00adtest-Wie-gut-passen-wir-zusammen-Modul-02-1000x1000.jpg 1000w, https:\/\/www.modernloveschool.com\/wp-content\/uploads\/2019\/07\/Love-School-Online-Kurse-Beziehung-Beziehungs\u00adtest-Wie-gut-passen-wir-zusammen-Modul-02.jpg 1080w\" sizes=\"auto, (max-width: 400px) 100vw, 400px\" \/><\/p>\n<h2>Journalisten<\/h2>\n<p>Du m\u00f6chtest die Idee der Modern Love School, unsere Online Kurse und Tests oder ihre Gr\u00fcnder deinen LeserInnen vorstellen? Das finden wir super. Wir freuen uns auf den Austausch mit dir! Sag uns kurz in einer Mail, wie wir dich unterst\u00fctzen k\u00f6nnen und wir melden uns so schnell wie m\u00f6glich zur\u00fcck: <a href=\"mailto:kontakt@modernloveschool.com \">kontakt@modernloveschool.com <\/a>[\/vc_column_text][\/vc_column][vc_column width=&#8220;1\/2&#8243;][vc_column_text]<img loading=\"lazy\" decoding=\"async\" class=\"alignnone size-xs wp-image-2850\" title=\"Stephanie Wunderlich f\u00fcr Modern Love School\" src=\"https:\/\/www.modernloveschool.com\/wp-content\/uploads\/2019\/08\/MLS-Fehlerseite-403-400x400.jpg\" alt=\"\" width=\"400\" height=\"400\" srcset=\"https:\/\/www.modernloveschool.com\/wp-content\/uploads\/2019\/08\/MLS-Fehlerseite-403-400x400.jpg 400w, https:\/\/www.modernloveschool.com\/wp-content\/uploads\/2019\/08\/MLS-Fehlerseite-403-200x200.jpg 200w, https:\/\/www.modernloveschool.com\/wp-content\/uploads\/2019\/08\/MLS-Fehlerseite-403-800x800.jpg 800w, https:\/\/www.modernloveschool.com\/wp-content\/uploads\/2019\/08\/MLS-Fehlerseite-403.jpg 870w\" sizes=\"auto, (max-width: 400px) 100vw, 400px\" \/><\/p>\n<h2>Affiliate<\/h2>\n<p>Du hast ein Umfeld, in dem du die Online Kurse und Tests der Modern Love School verkaufen k\u00f6nntest und m\u00f6chtest daran mitverdienen? <a href=\"https:\/\/www.modernloveschool.com\/de\/affiliate\/\">Hier kannst du dich als Affiliate-Partner<\/a> bei uns bewerben. Wenn du dazu noch Fragen hast, dann freuen wir uns \u00fcber eine Nachricht von dir: <a href=\"mailto:kontakt@modernloveschool.com \">kontakt@modernloveschool.com <\/a>[\/vc_column_text][\/vc_column][\/vc_row]<\/p>\n<\/div>","protected":false},"excerpt":{"rendered":"<p>[vc_row][vc_column][vc_column_text] Kann es zu wenig Liebe geben? Wir wollen mit der Modern Love School Singles und Paare bei Partnersuche, Partnerwahl und Partnerschaft unterst\u00fctzen. Du kannst uns dabei unterst\u00fctzen, indem du anderen von uns erz\u00e4hlst! [\/vc_column_text][\/vc_column][\/vc_row][vc_row][vc_column width=&#8220;1\/2&#8243;][vc_column_text] Kontakt Du hast Feedback f\u00fcr uns? Vielleicht hast du W\u00fcnsche f\u00fcr neue Kursthemen? Oder funktioniert etwas nicht? Dann bitten [&hellip;]<\/p>\n","protected":false},"author":11,"featured_media":0,"parent":0,"menu_order":0,"comment_status":"closed","ping_status":"closed","template":"page-template-narrow.php","meta":{"_acf_changed":false,"footnotes":""},"class_list":["post-1538","page","type-page","status-publish","hentry"],"acf":[],"yoast_head":"<!-- This site is optimized with the Yoast SEO plugin v24.1 - https:\/\/yoast.com\/wordpress\/plugins\/seo\/ -->\n<title>Kontakt | Modern Love School<\/title>\n<meta name=\"robots\" content=\"index, follow, max-snippet:-1, max-image-preview:large, max-video-preview:-1\" \/>\n<link rel=\"canonical\" href=\"https:\/\/www.modernloveschool.com\/de\/kontakt\/\" \/>\n<meta property=\"og:locale\" content=\"de_DE\" \/>\n<meta property=\"og:type\" content=\"article\" \/>\n<meta property=\"og:title\" content=\"Kontakt | Modern Love School\" \/>\n<meta property=\"og:description\" content=\"[vc_row][vc_column][vc_column_text] Kann es zu wenig Liebe geben? Wir wollen mit der Modern Love School Singles und Paare bei Partnersuche, Partnerwahl und Partnerschaft unterst\u00fctzen. Du kannst uns dabei unterst\u00fctzen, indem du anderen von uns erz\u00e4hlst! [\/vc_column_text][\/vc_column][\/vc_row][vc_row][vc_column width=&#8220;1\/2&#8243;][vc_column_text] Kontakt Du hast Feedback f\u00fcr uns? Vielleicht hast du W\u00fcnsche f\u00fcr neue Kursthemen? Oder funktioniert etwas nicht? Dann bitten [&hellip;]\" \/>\n<meta property=\"og:url\" content=\"https:\/\/www.modernloveschool.com\/de\/kontakt\/\" \/>\n<meta property=\"og:site_name\" content=\"Modern Love School\" \/>\n<meta property=\"article:publisher\" content=\"https:\/\/www.facebook.com\/ModernLoveSchool\/\" \/>\n<meta property=\"article:modified_time\" content=\"2020-11-16T16:04:18+00:00\" \/>\n<meta property=\"og:image\" content=\"https:\/\/www.modernloveschool.com\/wp-content\/uploads\/2019\/10\/Love-School-Online-Kurse-Trennung-Trennung-entscheiden-Gehen-oder-Bleiben-Lektion-01-400x400.jpg\" \/>\n<meta name=\"twitter:card\" content=\"summary_large_image\" \/>\n<meta name=\"twitter:label1\" content=\"Gesch\u00e4tzte Lesezeit\" \/>\n\t<meta name=\"twitter:data1\" content=\"2\u00a0Minuten\" \/>\n<script type=\"application\/ld+json\" class=\"yoast-schema-graph\">{\"@context\":\"https:\/\/schema.org\",\"@graph\":[{\"@type\":\"WebPage\",\"@id\":\"https:\/\/www.modernloveschool.com\/de\/kontakt\/\",\"url\":\"https:\/\/www.modernloveschool.com\/de\/kontakt\/\",\"name\":\"Kontakt | Modern Love School\",\"isPartOf\":{\"@id\":\"https:\/\/www.modernloveschool.com\/de\/#website\"},\"primaryImageOfPage\":{\"@id\":\"https:\/\/www.modernloveschool.com\/de\/kontakt\/#primaryimage\"},\"image\":{\"@id\":\"https:\/\/www.modernloveschool.com\/de\/kontakt\/#primaryimage\"},\"thumbnailUrl\":\"https:\/\/www.modernloveschool.com\/wp-content\/uploads\/2019\/10\/Love-School-Online-Kurse-Trennung-Trennung-entscheiden-Gehen-oder-Bleiben-Lektion-01-400x400.jpg\",\"datePublished\":\"2019-07-02T10:08:06+00:00\",\"dateModified\":\"2020-11-16T16:04:18+00:00\",\"breadcrumb\":{\"@id\":\"https:\/\/www.modernloveschool.com\/de\/kontakt\/#breadcrumb\"},\"inLanguage\":\"de\",\"potentialAction\":[{\"@type\":\"ReadAction\",\"target\":[\"https:\/\/www.modernloveschool.com\/de\/kontakt\/\"]}]},{\"@type\":\"ImageObject\",\"inLanguage\":\"de\",\"@id\":\"https:\/\/www.modernloveschool.com\/de\/kontakt\/#primaryimage\",\"url\":\"https:\/\/www.modernloveschool.com\/wp-content\/uploads\/2019\/10\/Love-School-Online-Kurse-Trennung-Trennung-entscheiden-Gehen-oder-Bleiben-Lektion-01-400x400.jpg\",\"contentUrl\":\"https:\/\/www.modernloveschool.com\/wp-content\/uploads\/2019\/10\/Love-School-Online-Kurse-Trennung-Trennung-entscheiden-Gehen-oder-Bleiben-Lektion-01-400x400.jpg\"},{\"@type\":\"BreadcrumbList\",\"@id\":\"https:\/\/www.modernloveschool.com\/de\/kontakt\/#breadcrumb\",\"itemListElement\":[{\"@type\":\"ListItem\",\"position\":1,\"name\":\"Home\",\"item\":\"https:\/\/www.modernloveschool.com\/de\/\"},{\"@type\":\"ListItem\",\"position\":2,\"name\":\"Kontakt\"}]},{\"@type\":\"WebSite\",\"@id\":\"https:\/\/www.modernloveschool.com\/de\/#website\",\"url\":\"https:\/\/www.modernloveschool.com\/de\/\",\"name\":\"Modern Love School\",\"description\":\"Online Kurse rund um die Liebe\",\"publisher\":{\"@id\":\"https:\/\/www.modernloveschool.com\/de\/#organization\"},\"potentialAction\":[{\"@type\":\"SearchAction\",\"target\":{\"@type\":\"EntryPoint\",\"urlTemplate\":\"https:\/\/www.modernloveschool.com\/de\/?s={search_term_string}\"},\"query-input\":{\"@type\":\"PropertyValueSpecification\",\"valueRequired\":true,\"valueName\":\"search_term_string\"}}],\"inLanguage\":\"de\"},{\"@type\":\"Organization\",\"@id\":\"https:\/\/www.modernloveschool.com\/de\/#organization\",\"name\":\"Modern Love School GmbH\",\"url\":\"https:\/\/www.modernloveschool.com\/de\/\",\"logo\":{\"@type\":\"ImageObject\",\"inLanguage\":\"de\",\"@id\":\"https:\/\/www.modernloveschool.com\/de\/#\/schema\/logo\/image\/\",\"url\":\"\",\"contentUrl\":\"\",\"caption\":\"Modern Love School GmbH\"},\"image\":{\"@id\":\"https:\/\/www.modernloveschool.com\/de\/#\/schema\/logo\/image\/\"},\"sameAs\":[\"https:\/\/www.facebook.com\/ModernLoveSchool\/\",\"https:\/\/www.instagram.com\/modernloveschool\/\",\"https:\/\/www.pinterest.de\/modernloveschool\/\",\"https:\/\/www.youtube.com\/channel\/UCs5FbbRqySXdc9OdP8vF_WQ\"]}]}<\/script>\n<!-- \/ Yoast SEO plugin. -->","yoast_head_json":{"title":"Kontakt | Modern Love School","robots":{"index":"index","follow":"follow","max-snippet":"max-snippet:-1","max-image-preview":"max-image-preview:large","max-video-preview":"max-video-preview:-1"},"canonical":"https:\/\/www.modernloveschool.com\/de\/kontakt\/","og_locale":"de_DE","og_type":"article","og_title":"Kontakt | Modern Love School","og_description":"[vc_row][vc_column][vc_column_text] Kann es zu wenig Liebe geben? Wir wollen mit der Modern Love School Singles und Paare bei Partnersuche, Partnerwahl und Partnerschaft unterst\u00fctzen. Du kannst uns dabei unterst\u00fctzen, indem du anderen von uns erz\u00e4hlst! [\/vc_column_text][\/vc_column][\/vc_row][vc_row][vc_column width=&#8220;1\/2&#8243;][vc_column_text] Kontakt Du hast Feedback f\u00fcr uns? Vielleicht hast du W\u00fcnsche f\u00fcr neue Kursthemen? Oder funktioniert etwas nicht? Dann bitten [&hellip;]","og_url":"https:\/\/www.modernloveschool.com\/de\/kontakt\/","og_site_name":"Modern Love School","article_publisher":"https:\/\/www.facebook.com\/ModernLoveSchool\/","article_modified_time":"2020-11-16T16:04:18+00:00","og_image":[{"url":"https:\/\/www.modernloveschool.com\/wp-content\/uploads\/2019\/10\/Love-School-Online-Kurse-Trennung-Trennung-entscheiden-Gehen-oder-Bleiben-Lektion-01-400x400.jpg","type":"","width":"","height":""}],"twitter_card":"summary_large_image","twitter_misc":{"Gesch\u00e4tzte Lesezeit":"2\u00a0Minuten"},"schema":{"@context":"https:\/\/schema.org","@graph":[{"@type":"WebPage","@id":"https:\/\/www.modernloveschool.com\/de\/kontakt\/","url":"https:\/\/www.modernloveschool.com\/de\/kontakt\/","name":"Kontakt | Modern Love School","isPartOf":{"@id":"https:\/\/www.modernloveschool.com\/de\/#website"},"primaryImageOfPage":{"@id":"https:\/\/www.modernloveschool.com\/de\/kontakt\/#primaryimage"},"image":{"@id":"https:\/\/www.modernloveschool.com\/de\/kontakt\/#primaryimage"},"thumbnailUrl":"https:\/\/www.modernloveschool.com\/wp-content\/uploads\/2019\/10\/Love-School-Online-Kurse-Trennung-Trennung-entscheiden-Gehen-oder-Bleiben-Lektion-01-400x400.jpg","datePublished":"2019-07-02T10:08:06+00:00","dateModified":"2020-11-16T16:04:18+00:00","breadcrumb":{"@id":"https:\/\/www.modernloveschool.com\/de\/kontakt\/#breadcrumb"},"inLanguage":"de","potentialAction":[{"@type":"ReadAction","target":["https:\/\/www.modernloveschool.com\/de\/kontakt\/"]}]},{"@type":"ImageObject","inLanguage":"de","@id":"https:\/\/www.modernloveschool.com\/de\/kontakt\/#primaryimage","url":"https:\/\/www.modernloveschool.com\/wp-content\/uploads\/2019\/10\/Love-School-Online-Kurse-Trennung-Trennung-entscheiden-Gehen-oder-Bleiben-Lektion-01-400x400.jpg","contentUrl":"https:\/\/www.modernloveschool.com\/wp-content\/uploads\/2019\/10\/Love-School-Online-Kurse-Trennung-Trennung-entscheiden-Gehen-oder-Bleiben-Lektion-01-400x400.jpg"},{"@type":"BreadcrumbList","@id":"https:\/\/www.modernloveschool.com\/de\/kontakt\/#breadcrumb","itemListElement":[{"@type":"ListItem","position":1,"name":"Home","item":"https:\/\/www.modernloveschool.com\/de\/"},{"@type":"ListItem","position":2,"name":"Kontakt"}]},{"@type":"WebSite","@id":"https:\/\/www.modernloveschool.com\/de\/#website","url":"https:\/\/www.modernloveschool.com\/de\/","name":"Modern Love School","description":"Online Kurse rund um die Liebe","publisher":{"@id":"https:\/\/www.modernloveschool.com\/de\/#organization"},"potentialAction":[{"@type":"SearchAction","target":{"@type":"EntryPoint","urlTemplate":"https:\/\/www.modernloveschool.com\/de\/?s={search_term_string}"},"query-input":{"@type":"PropertyValueSpecification","valueRequired":true,"valueName":"search_term_string"}}],"inLanguage":"de"},{"@type":"Organization","@id":"https:\/\/www.modernloveschool.com\/de\/#organization","name":"Modern Love School GmbH","url":"https:\/\/www.modernloveschool.com\/de\/","logo":{"@type":"ImageObject","inLanguage":"de","@id":"https:\/\/www.modernloveschool.com\/de\/#\/schema\/logo\/image\/","url":"","contentUrl":"","caption":"Modern Love School GmbH"},"image":{"@id":"https:\/\/www.modernloveschool.com\/de\/#\/schema\/logo\/image\/"},"sameAs":["https:\/\/www.facebook.com\/ModernLoveSchool\/","https:\/\/www.instagram.com\/modernloveschool\/","https:\/\/www.pinterest.de\/modernloveschool\/","https:\/\/www.youtube.com\/channel\/UCs5FbbRqySXdc9OdP8vF_WQ"]}]}},"_links":{"self":[{"href":"https:\/\/www.modernloveschool.com\/de\/wp-json\/wp\/v2\/pages\/1538","targetHints":{"allow":["GET"]}}],"collection":[{"href":"https:\/\/www.modernloveschool.com\/de\/wp-json\/wp\/v2\/pages"}],"about":[{"href":"https:\/\/www.modernloveschool.com\/de\/wp-json\/wp\/v2\/types\/page"}],"author":[{"embeddable":true,"href":"https:\/\/www.modernloveschool.com\/de\/wp-json\/wp\/v2\/users\/11"}],"replies":[{"embeddable":true,"href":"https:\/\/www.modernloveschool.com\/de\/wp-json\/wp\/v2\/comments?post=1538"}],"version-history":[{"count":24,"href":"https:\/\/www.modernloveschool.com\/de\/wp-json\/wp\/v2\/pages\/1538\/revisions"}],"predecessor-version":[{"id":4216,"href":"https:\/\/www.modernloveschool.com\/de\/wp-json\/wp\/v2\/pages\/1538\/revisions\/4216"}],"wp:attachment":[{"href":"https:\/\/www.modernloveschool.com\/de\/wp-json\/wp\/v2\/media?parent=1538"}],"curies":[{"name":"wp","href":"https:\/\/api.w.org\/{rel}","templated":true}]}}