{"id":1653,"date":"2019-07-04T10:28:58","date_gmt":"2019-07-04T10:28:58","guid":{"rendered":"https:\/\/www.modernloveschool.com\/?page_id=1653"},"modified":"2020-11-16T16:04:17","modified_gmt":"2020-11-16T16:04:17","slug":"beziehung","status":"publish","type":"page","link":"https:\/\/www.modernloveschool.com\/de\/beziehung\/","title":{"rendered":"Beziehung"},"content":{"rendered":"<div class=\"wpb-content-wrapper\"><p>[vc_row content_placement=&#8220;middle&#8220;][vc_column width=&#8220;1\/2&#8243;][vc_column_text]<img loading=\"lazy\" decoding=\"async\" class=\"alignnone wp-image-2033 size-md\" title=\"Stephanie Wunderlich f\u00fcr Modern Love School\" src=\"https:\/\/www.modernloveschool.com\/wp-content\/uploads\/2019\/07\/Love-School-Online-Kurse-Beziehung-Rubrikenseite-800x800.jpg\" alt=\"\" width=\"800\" height=\"800\" srcset=\"https:\/\/www.modernloveschool.com\/wp-content\/uploads\/2019\/07\/Love-School-Online-Kurse-Beziehung-Rubrikenseite-800x800.jpg 800w, https:\/\/www.modernloveschool.com\/wp-content\/uploads\/2019\/07\/Love-School-Online-Kurse-Beziehung-Rubrikenseite-200x200.jpg 200w, https:\/\/www.modernloveschool.com\/wp-content\/uploads\/2019\/07\/Love-School-Online-Kurse-Beziehung-Rubrikenseite-400x400.jpg 400w, https:\/\/www.modernloveschool.com\/wp-content\/uploads\/2019\/07\/Love-School-Online-Kurse-Beziehung-Rubrikenseite-1000x1000.jpg 1000w, https:\/\/www.modernloveschool.com\/wp-content\/uploads\/2019\/07\/Love-School-Online-Kurse-Beziehung-Rubrikenseite.jpg 1080w\" sizes=\"auto, (max-width: 800px) 100vw, 800px\" \/>[\/vc_column_text][\/vc_column][vc_column width=&#8220;1\/2&#8243;][vc_column_text]<\/p>\n<h1 style=\"font-size: 55px;\">Beziehung<\/h1>\n<p style=\"font-size: 22px;\">Die Liebe ist und bleibt ein Mysterium, das sich nicht vollst\u00e4ndig fassen und erkl\u00e4ren l\u00e4sst. Dennoch gibt es viel Wissen und Erfahrung dar\u00fcber, welche Phasen Liebende durchlaufen, von der Verliebtheit bis hin zu einer dauerhaften Liebe. Die Modern Love School bietet <a href=\"https:\/\/www.modernloveschool.com\/de\/was-bringen-online-kurse-rund-um-liebe-partnerwahl-partnersuche-und-beziehung\/\">Online Kurse f\u00fcr Paare<\/a>, damit du von diesem Wissen profitierst. In den Kursen bekommst du Tests, \u00dcbungen und Anregungen, die dich darin unterst\u00fctzen, dich und deinen Partner oder deine Partnerin in und mit der Beziehung gl\u00fccklich zu machen.<\/p>\n<p>[\/vc_column_text][\/vc_column][\/vc_row][vc_row css=&#8220;.vc_custom_1562248462369{margin-top: 20px !important;margin-bottom: 20px !important;}&#8220;][vc_column][vc_separator][\/vc_column][\/vc_row][vc_row][vc_column width=&#8220;1\/2&#8243;][vc_column_text]<\/p>\n<h2>Beziehungstest<\/h2>\n<p>[\/vc_column_text][\/vc_column][vc_column width=&#8220;1\/2&#8243;][vc_column_text]Wie steht es um meine Beziehung? Wie gl\u00fccklich bin ich in meiner Partnerschaft? Macht meine Beziehung noch Sinn? Diese und weitere Fragen besch\u00e4ftigen viele Menschen&#8230;[\/vc_column_text][vc_column_text]<a class=\"mls-button-green\" href=\"\/de\/beziehung\/beziehungstest\/\">Mehr erfahren<\/a>[\/vc_column_text][\/vc_column][\/vc_row][vc_row css=&#8220;.vc_custom_1562248462369{margin-top: 20px !important;margin-bottom: 20px !important;}&#8220;][vc_column][vc_separator][\/vc_column][\/vc_row][vc_row][vc_column width=&#8220;1\/2&#8243;][vc_column_text]<\/p>\n<h2>Kommunikation<\/h2>\n<p>[\/vc_column_text][\/vc_column][vc_column width=&#8220;1\/2&#8243;][vc_column_text]Der Austausch \u00fcber eigene W\u00fcnsche, Hoffnungen, Vorstellungen und Pl\u00e4ne ist eine wichtige Grundlage f\u00fcr eine dauerhaft gl\u00fcckliche Beziehung. Nur wenn man sich regelm\u00e4\u00dfig dar\u00fcber austauscht, entsteht eine N\u00e4he zum Partner&#8230;[\/vc_column_text][vc_column_text]<a class=\"mls-button-green\" href=\"\/de\/beziehung\/kommunikation\/\">Mehr erfahren<\/a>[\/vc_column_text][\/vc_column][\/vc_row][vc_row css=&#8220;.vc_custom_1562248462369{margin-top: 20px !important;margin-bottom: 20px !important;}&#8220;][vc_column][vc_separator][\/vc_column][\/vc_row][vc_row][vc_column width=&#8220;1\/2&#8243;][vc_column_text]<\/p>\n<h2>Aff\u00e4re<\/h2>\n<p>[\/vc_column_text][\/vc_column][vc_column width=&#8220;1\/2&#8243;][vc_column_text]Die meisten Menschen verstehen unter einer Aff\u00e4re ein rein sexuelles, geheimes und regelm\u00e4\u00dfiges \u201eLiebesabenteuer\u201c. Anders als bei einem Seitensprung, ziehen sich Aff\u00e4ren \u00fcber einen k\u00fcrzeren oder l\u00e4ngeren Zeitraum hin.[\/vc_column_text][vc_column_text]<a class=\"mls-button-green\" href=\"\/de\/beziehung\/affaere\/\">Mehr erfahren<\/a>[\/vc_column_text][\/vc_column][\/vc_row][vc_row css=&#8220;.vc_custom_1562248462369{margin-top: 20px !important;margin-bottom: 20px !important;}&#8220;][vc_column][vc_separator][\/vc_column][\/vc_row][vc_row][vc_column width=&#8220;1\/2&#8243;][vc_column_text]<\/p>\n<h2>Liebe &amp; Gef\u00fchle<\/h2>\n<p>[\/vc_column_text][\/vc_column][vc_column width=&#8220;1\/2&#8243;][vc_column_text]Wissenschaftler der Universit\u00e4t Berkeley haben 27 Gef\u00fchle identifiziert, die Menschen f\u00fchlen und die miteinander vernetzt ein dichtes Netz von Emotionen ergibt. Gef\u00fchle entstehen in unserem Kopf durch unser Denken \u2013 \u00fcber uns, \u00fcber andere, etc. &#8230;[\/vc_column_text][vc_column_text]<a class=\"mls-button-green\" href=\"\/de\/beziehung\/liebe-gefuehle\/\">Mehr erfahren<\/a>[\/vc_column_text][\/vc_column][\/vc_row]<\/p>\n<\/div>","protected":false},"excerpt":{"rendered":"<p>[vc_row content_placement=&#8220;middle&#8220;][vc_column width=&#8220;1\/2&#8243;][vc_column_text][\/vc_column_text][\/vc_column][vc_column width=&#8220;1\/2&#8243;][vc_column_text] Beziehung Die Liebe ist und bleibt ein Mysterium, das sich nicht vollst\u00e4ndig fassen und erkl\u00e4ren l\u00e4sst. Dennoch gibt es viel Wissen und Erfahrung dar\u00fcber, welche Phasen Liebende durchlaufen, von der Verliebtheit bis hin zu einer dauerhaften Liebe. Die Modern Love School bietet Online Kurse f\u00fcr Paare, damit du von diesem Wissen [&hellip;]<\/p>\n","protected":false},"author":11,"featured_media":0,"parent":0,"menu_order":0,"comment_status":"closed","ping_status":"closed","template":"","meta":{"_acf_changed":false,"footnotes":""},"class_list":["post-1653","page","type-page","status-publish","hentry"],"acf":[],"yoast_head":"<!-- This site is optimized with the Yoast SEO plugin v24.1 - https:\/\/yoast.com\/wordpress\/plugins\/seo\/ -->\n<title>Beziehung | Modern Love School<\/title>\n<meta name=\"description\" content=\"Wie steht es um deine Beziehung? Wie kannst du deine Partnerschaft verbessern? Hier findest du die besten Online Kurse f\u00fcr Paare und gl\u00fcckliche Beziehungen.\" \/>\n<meta name=\"robots\" content=\"index, follow, max-snippet:-1, max-image-preview:large, max-video-preview:-1\" \/>\n<link rel=\"canonical\" href=\"https:\/\/www.modernloveschool.com\/de\/beziehung\/\" \/>\n<meta property=\"og:locale\" content=\"de_DE\" \/>\n<meta property=\"og:type\" content=\"article\" \/>\n<meta property=\"og:title\" content=\"Beziehung | Modern Love School\" \/>\n<meta property=\"og:description\" content=\"Wie steht es um deine Beziehung? Wie kannst du deine Partnerschaft verbessern? Hier findest du die besten Online Kurse f\u00fcr Paare und gl\u00fcckliche Beziehungen.\" \/>\n<meta property=\"og:url\" content=\"https:\/\/www.modernloveschool.com\/de\/beziehung\/\" \/>\n<meta property=\"og:site_name\" content=\"Modern Love School\" \/>\n<meta property=\"article:publisher\" content=\"https:\/\/www.facebook.com\/ModernLoveSchool\/\" \/>\n<meta property=\"article:modified_time\" content=\"2020-11-16T16:04:17+00:00\" \/>\n<meta property=\"og:image\" content=\"https:\/\/www.modernloveschool.com\/wp-content\/uploads\/2019\/07\/Love-School-Online-Kurse-Beziehung-Rubrikenseite-800x800.jpg\" \/>\n<meta name=\"twitter:card\" content=\"summary_large_image\" \/>\n<meta name=\"twitter:label1\" content=\"Gesch\u00e4tzte Lesezeit\" \/>\n\t<meta name=\"twitter:data1\" content=\"2\u00a0Minuten\" \/>\n<script type=\"application\/ld+json\" class=\"yoast-schema-graph\">{\"@context\":\"https:\/\/schema.org\",\"@graph\":[{\"@type\":\"WebPage\",\"@id\":\"https:\/\/www.modernloveschool.com\/de\/beziehung\/\",\"url\":\"https:\/\/www.modernloveschool.com\/de\/beziehung\/\",\"name\":\"Beziehung | Modern Love School\",\"isPartOf\":{\"@id\":\"https:\/\/www.modernloveschool.com\/de\/#website\"},\"primaryImageOfPage\":{\"@id\":\"https:\/\/www.modernloveschool.com\/de\/beziehung\/#primaryimage\"},\"image\":{\"@id\":\"https:\/\/www.modernloveschool.com\/de\/beziehung\/#primaryimage\"},\"thumbnailUrl\":\"https:\/\/www.modernloveschool.com\/wp-content\/uploads\/2019\/07\/Love-School-Online-Kurse-Beziehung-Rubrikenseite-800x800.jpg\",\"datePublished\":\"2019-07-04T10:28:58+00:00\",\"dateModified\":\"2020-11-16T16:04:17+00:00\",\"description\":\"Wie steht es um deine Beziehung? Wie kannst du deine Partnerschaft verbessern? Hier findest du die besten Online Kurse f\u00fcr Paare und gl\u00fcckliche Beziehungen.\",\"breadcrumb\":{\"@id\":\"https:\/\/www.modernloveschool.com\/de\/beziehung\/#breadcrumb\"},\"inLanguage\":\"de\",\"potentialAction\":[{\"@type\":\"ReadAction\",\"target\":[\"https:\/\/www.modernloveschool.com\/de\/beziehung\/\"]}]},{\"@type\":\"ImageObject\",\"inLanguage\":\"de\",\"@id\":\"https:\/\/www.modernloveschool.com\/de\/beziehung\/#primaryimage\",\"url\":\"https:\/\/www.modernloveschool.com\/wp-content\/uploads\/2019\/07\/Love-School-Online-Kurse-Beziehung-Rubrikenseite-800x800.jpg\",\"contentUrl\":\"https:\/\/www.modernloveschool.com\/wp-content\/uploads\/2019\/07\/Love-School-Online-Kurse-Beziehung-Rubrikenseite-800x800.jpg\"},{\"@type\":\"BreadcrumbList\",\"@id\":\"https:\/\/www.modernloveschool.com\/de\/beziehung\/#breadcrumb\",\"itemListElement\":[{\"@type\":\"ListItem\",\"position\":1,\"name\":\"Home\",\"item\":\"https:\/\/www.modernloveschool.com\/de\/\"},{\"@type\":\"ListItem\",\"position\":2,\"name\":\"Beziehung\"}]},{\"@type\":\"WebSite\",\"@id\":\"https:\/\/www.modernloveschool.com\/de\/#website\",\"url\":\"https:\/\/www.modernloveschool.com\/de\/\",\"name\":\"Modern Love School\",\"description\":\"Online Kurse rund um die Liebe\",\"publisher\":{\"@id\":\"https:\/\/www.modernloveschool.com\/de\/#organization\"},\"potentialAction\":[{\"@type\":\"SearchAction\",\"target\":{\"@type\":\"EntryPoint\",\"urlTemplate\":\"https:\/\/www.modernloveschool.com\/de\/?s={search_term_string}\"},\"query-input\":{\"@type\":\"PropertyValueSpecification\",\"valueRequired\":true,\"valueName\":\"search_term_string\"}}],\"inLanguage\":\"de\"},{\"@type\":\"Organization\",\"@id\":\"https:\/\/www.modernloveschool.com\/de\/#organization\",\"name\":\"Modern Love School GmbH\",\"url\":\"https:\/\/www.modernloveschool.com\/de\/\",\"logo\":{\"@type\":\"ImageObject\",\"inLanguage\":\"de\",\"@id\":\"https:\/\/www.modernloveschool.com\/de\/#\/schema\/logo\/image\/\",\"url\":\"\",\"contentUrl\":\"\",\"caption\":\"Modern Love School GmbH\"},\"image\":{\"@id\":\"https:\/\/www.modernloveschool.com\/de\/#\/schema\/logo\/image\/\"},\"sameAs\":[\"https:\/\/www.facebook.com\/ModernLoveSchool\/\",\"https:\/\/www.instagram.com\/modernloveschool\/\",\"https:\/\/www.pinterest.de\/modernloveschool\/\",\"https:\/\/www.youtube.com\/channel\/UCs5FbbRqySXdc9OdP8vF_WQ\"]}]}<\/script>\n<!-- \/ Yoast SEO plugin. -->","yoast_head_json":{"title":"Beziehung | Modern Love School","description":"Wie steht es um deine Beziehung? Wie kannst du deine Partnerschaft verbessern? Hier findest du die besten Online Kurse f\u00fcr Paare und gl\u00fcckliche Beziehungen.","robots":{"index":"index","follow":"follow","max-snippet":"max-snippet:-1","max-image-preview":"max-image-preview:large","max-video-preview":"max-video-preview:-1"},"canonical":"https:\/\/www.modernloveschool.com\/de\/beziehung\/","og_locale":"de_DE","og_type":"article","og_title":"Beziehung | Modern Love School","og_description":"Wie steht es um deine Beziehung? Wie kannst du deine Partnerschaft verbessern? Hier findest du die besten Online Kurse f\u00fcr Paare und gl\u00fcckliche Beziehungen.","og_url":"https:\/\/www.modernloveschool.com\/de\/beziehung\/","og_site_name":"Modern Love School","article_publisher":"https:\/\/www.facebook.com\/ModernLoveSchool\/","article_modified_time":"2020-11-16T16:04:17+00:00","og_image":[{"url":"https:\/\/www.modernloveschool.com\/wp-content\/uploads\/2019\/07\/Love-School-Online-Kurse-Beziehung-Rubrikenseite-800x800.jpg","type":"","width":"","height":""}],"twitter_card":"summary_large_image","twitter_misc":{"Gesch\u00e4tzte Lesezeit":"2\u00a0Minuten"},"schema":{"@context":"https:\/\/schema.org","@graph":[{"@type":"WebPage","@id":"https:\/\/www.modernloveschool.com\/de\/beziehung\/","url":"https:\/\/www.modernloveschool.com\/de\/beziehung\/","name":"Beziehung | Modern Love School","isPartOf":{"@id":"https:\/\/www.modernloveschool.com\/de\/#website"},"primaryImageOfPage":{"@id":"https:\/\/www.modernloveschool.com\/de\/beziehung\/#primaryimage"},"image":{"@id":"https:\/\/www.modernloveschool.com\/de\/beziehung\/#primaryimage"},"thumbnailUrl":"https:\/\/www.modernloveschool.com\/wp-content\/uploads\/2019\/07\/Love-School-Online-Kurse-Beziehung-Rubrikenseite-800x800.jpg","datePublished":"2019-07-04T10:28:58+00:00","dateModified":"2020-11-16T16:04:17+00:00","description":"Wie steht es um deine Beziehung? Wie kannst du deine Partnerschaft verbessern? Hier findest du die besten Online Kurse f\u00fcr Paare und gl\u00fcckliche Beziehungen.","breadcrumb":{"@id":"https:\/\/www.modernloveschool.com\/de\/beziehung\/#breadcrumb"},"inLanguage":"de","potentialAction":[{"@type":"ReadAction","target":["https:\/\/www.modernloveschool.com\/de\/beziehung\/"]}]},{"@type":"ImageObject","inLanguage":"de","@id":"https:\/\/www.modernloveschool.com\/de\/beziehung\/#primaryimage","url":"https:\/\/www.modernloveschool.com\/wp-content\/uploads\/2019\/07\/Love-School-Online-Kurse-Beziehung-Rubrikenseite-800x800.jpg","contentUrl":"https:\/\/www.modernloveschool.com\/wp-content\/uploads\/2019\/07\/Love-School-Online-Kurse-Beziehung-Rubrikenseite-800x800.jpg"},{"@type":"BreadcrumbList","@id":"https:\/\/www.modernloveschool.com\/de\/beziehung\/#breadcrumb","itemListElement":[{"@type":"ListItem","position":1,"name":"Home","item":"https:\/\/www.modernloveschool.com\/de\/"},{"@type":"ListItem","position":2,"name":"Beziehung"}]},{"@type":"WebSite","@id":"https:\/\/www.modernloveschool.com\/de\/#website","url":"https:\/\/www.modernloveschool.com\/de\/","name":"Modern Love School","description":"Online Kurse rund um die Liebe","publisher":{"@id":"https:\/\/www.modernloveschool.com\/de\/#organization"},"potentialAction":[{"@type":"SearchAction","target":{"@type":"EntryPoint","urlTemplate":"https:\/\/www.modernloveschool.com\/de\/?s={search_term_string}"},"query-input":{"@type":"PropertyValueSpecification","valueRequired":true,"valueName":"search_term_string"}}],"inLanguage":"de"},{"@type":"Organization","@id":"https:\/\/www.modernloveschool.com\/de\/#organization","name":"Modern Love School GmbH","url":"https:\/\/www.modernloveschool.com\/de\/","logo":{"@type":"ImageObject","inLanguage":"de","@id":"https:\/\/www.modernloveschool.com\/de\/#\/schema\/logo\/image\/","url":"","contentUrl":"","caption":"Modern Love School GmbH"},"image":{"@id":"https:\/\/www.modernloveschool.com\/de\/#\/schema\/logo\/image\/"},"sameAs":["https:\/\/www.facebook.com\/ModernLoveSchool\/","https:\/\/www.instagram.com\/modernloveschool\/","https:\/\/www.pinterest.de\/modernloveschool\/","https:\/\/www.youtube.com\/channel\/UCs5FbbRqySXdc9OdP8vF_WQ"]}]}},"_links":{"self":[{"href":"https:\/\/www.modernloveschool.com\/de\/wp-json\/wp\/v2\/pages\/1653","targetHints":{"allow":["GET"]}}],"collection":[{"href":"https:\/\/www.modernloveschool.com\/de\/wp-json\/wp\/v2\/pages"}],"about":[{"href":"https:\/\/www.modernloveschool.com\/de\/wp-json\/wp\/v2\/types\/page"}],"author":[{"embeddable":true,"href":"https:\/\/www.modernloveschool.com\/de\/wp-json\/wp\/v2\/users\/11"}],"replies":[{"embeddable":true,"href":"https:\/\/www.modernloveschool.com\/de\/wp-json\/wp\/v2\/comments?post=1653"}],"version-history":[{"count":28,"href":"https:\/\/www.modernloveschool.com\/de\/wp-json\/wp\/v2\/pages\/1653\/revisions"}],"predecessor-version":[{"id":4950,"href":"https:\/\/www.modernloveschool.com\/de\/wp-json\/wp\/v2\/pages\/1653\/revisions\/4950"}],"wp:attachment":[{"href":"https:\/\/www.modernloveschool.com\/de\/wp-json\/wp\/v2\/media?parent=1653"}],"curies":[{"name":"wp","href":"https:\/\/api.w.org\/{rel}","templated":true}]}}