{"id":17,"date":"2019-02-19T13:23:00","date_gmt":"2019-02-19T13:23:00","guid":{"rendered":"http:\/\/dev.modernloveschool.com\/revocation_policy_for_digital_content\/"},"modified":"2023-10-17T15:17:17","modified_gmt":"2023-10-17T15:17:17","slug":"widerruf-fuer-digitale-inhalte","status":"publish","type":"page","link":"https:\/\/www.modernloveschool.com\/de\/widerruf-fuer-digitale-inhalte\/","title":{"rendered":"Widerruf f\u00fcr digitale Inhalte"},"content":{"rendered":"<h1 style=\"text-align: center;\"><\/h1>\n<h2><b>Allgemeines<\/b><\/h2>\n<p>Die Modern Love School \u00ae informiert dich nachfolgend \u00fcber das Widerrufsrecht f\u00fcr Verbraucher in Bezug auf die Lieferung von digitalen Inhalten. Und zwar von Inhalten, die nicht auf einem k\u00f6rperlichen Datentr\u00e4ger (CD, DVD, etc.) geliefert werden. Dies trifft auf die Modern Love School \u00ae zu, weil wir unsere Angebote zur Online-Nutzung anbieten.<\/p>\n<h2><strong>Widerrufsbelehrung<\/strong><\/h2>\n<p><strong>Ein Widerrufsrecht besteht nicht <\/strong>bei Vertr\u00e4gen zur Lieferung von digitalen Inhalten, die nicht vorgefertigt sind und f\u00fcr deren Herstellung eine individuelle Auswahl oder Bestimmung durch den Verbraucher ma\u00dfgeblich ist oder <strong>die eindeutig auf die pers\u00f6nlichen Bed\u00fcrfnisse des Verbrauchers zugeschnitten sind<\/strong> wie <strong>beispielsweise Pers\u00f6nlichkeitstests und ihre Auswertungen<\/strong>.<\/p>\n<p><strong>Das Widerrufsrecht erlischt au\u00dferdem vorzeitig<\/strong>, wenn du mit der Ausf\u00fchrung des Vertrages erst begonnen hast, nachdem du dazu deine ausdr\u00fcckliche Zustimmung gegeben und gleichzeitig deine Kenntnis davon best\u00e4tigt hast, dass du dein Widerrufsrecht mit Beginn der Vertragserf\u00fcllung (Nutzung eines Kurses) unsererseits verlierst. Wir weisen darauf hin, dass wir den Vertragsschluss von der vorgenannten Zustimmung und Best\u00e4tigung abh\u00e4ngig machen k\u00f6nnen.<\/p>\n<h2><strong>Dein Recht auf Widerruf<\/strong><\/h2>\n<p>Das Recht zum Widerruf besteht innerhalb von vierzehn Tagen ohne Angabe von Gr\u00fcnden. Die Widerrufsfrist betr\u00e4gt vierzehn Tage ab dem Tag des Vertragsschlusses, sofern nicht im Kaufprozess ausdr\u00fccklich auf das Widerrufsrecht verzichtet wurde.<\/p>\n<p>Um dein Widerrufsrecht auszu\u00fcben, musst du uns, die Modern Love School \u00ae per E-Mail an <a href=\"mailto:kontakt@modernloveschool.com\">kontakt@modernloveschool.com<\/a> mit einer eindeutigen Erkl\u00e4rung \u00fcber deinen Entschluss, deinen Kauf zu widerrufen, informieren. Du kannst daf\u00fcr das unten stehende Muster verwenden, das jedoch nicht vorgeschrieben ist. Zur Wahrung der Widerrufsfrist reicht es aus, dass du die Mitteilung \u00fcber die Aus\u00fcbung des Widerrufsrechts vor Ablauf der Widerrufsfrist absendest.<\/p>\n<h2><strong>Folgen des Widerrufs<\/strong><\/h2>\n<p>Wenn du den Kauf bzw. Vertrag widerrufst, haben wir dir alle Zahlungen, die wir von dir erhalten haben, unverz\u00fcglich und sp\u00e4testens binnen vierzehn Tagen ab dem Tag zur\u00fcckzuzahlen, an dem die Mitteilung \u00fcber deinen Widerruf bei uns eingegangen ist. F\u00fcr diese R\u00fcckzahlung verwenden wir dasselbe Zahlungsmittel, das du bei deiner Zahlung eingesetzt hast. Es sei denn, mit dir wurde ausdr\u00fccklich etwas anderes vereinbart. F\u00fcr diese R\u00fcckzahlung werden dir auf keinen Fall Kosten berechnet.<\/p>\n<h2><strong>Muster f\u00fcr den Widerruf<\/strong><\/h2>\n<p>Folgendes Muster kannst du f\u00fcr deinen Widerruf per E-Mail verwenden:<\/p>\n<ul>\n<li>An die Modern Love School GmbH, <a href=\"mailto:kontakt@modernloveschool.com\">kontakt@modernloveschool.com<\/a><\/li>\n<li>Hiermit widerrufe ich den von mir abgeschlossenen Vertrag \u00fcber den Kauf von (bitte Name des Produktes nennen)<\/li>\n<li>Bestellt am (bitte Datum einsetzen) und erhalten am (bitte Datum einsetzen)<\/li>\n<li>Dein Name<\/li>\n<li>Deine Anschrift<\/li>\n<li>Datum<\/li>\n<\/ul>\n<h2><strong>Ausschluss bzw. vorzeitiges Erl\u00f6schen des Widerrufsrechts<\/strong><\/h2>\n<p><strong>Das Widerrufsrecht besteht nicht bei Vertr\u00e4gen zur Lieferung von digitalen Inhalten<\/strong>, die nicht vorgefertigt sind und f\u00fcr deren Herstellung eine individuelle Auswahl oder Bestimmung durch den Verbraucher ma\u00dfgeblich ist oder <strong>die eindeutig auf die pers\u00f6nlichen Bed\u00fcrfnisse des Verbrauchers zugeschnitten sind<\/strong> wie <strong>beispielsweise Pers\u00f6nlichkeitstests und ihre Auswertungen<\/strong>.<\/p>\n<p><strong>Das Widerrufsrecht erlischt vorzeitig<\/strong>, wenn du mit der Ausf\u00fchrung des Vertrages erst begonnen hast, <strong>nachdem du dazu deine ausdr\u00fcckliche Zustimmung gegeben und gleichzeitig deine Kenntnis davon best\u00e4tigt hast, dass du dein Widerrufsrecht mit Beginn der Vertragserf\u00fcllung (Nutzung eines Kurses) unsererseits verlierst<\/strong>. Wir weisen darauf hin, dass wir den Vertragsschluss von der vorgenannten Zustimmung und Best\u00e4tigung abh\u00e4ngig machen k\u00f6nnen.<\/p>\n","protected":false},"excerpt":{"rendered":"<p>Allgemeines Die Modern Love School \u00ae informiert dich nachfolgend \u00fcber das Widerrufsrecht f\u00fcr Verbraucher in Bezug auf die Lieferung von digitalen Inhalten. Und zwar von Inhalten, die nicht auf einem k\u00f6rperlichen Datentr\u00e4ger (CD, DVD, etc.) geliefert werden. Dies trifft auf die Modern Love School \u00ae zu, weil wir unsere Angebote zur Online-Nutzung anbieten. Widerrufsbelehrung Ein [&hellip;]<\/p>\n","protected":false},"author":11,"featured_media":0,"parent":0,"menu_order":0,"comment_status":"closed","ping_status":"closed","template":"page-template-narrow.php","meta":{"_acf_changed":false,"footnotes":""},"class_list":["post-17","page","type-page","status-publish","hentry"],"acf":[],"yoast_head":"<!-- This site is optimized with the Yoast SEO plugin v24.1 - https:\/\/yoast.com\/wordpress\/plugins\/seo\/ -->\n<title>Widerruf f\u00fcr digitale Inhalte | Modern Love School<\/title>\n<meta name=\"robots\" content=\"index, nofollow, max-snippet:-1, max-image-preview:large, max-video-preview:-1\" \/>\n<link rel=\"canonical\" href=\"https:\/\/www.modernloveschool.com\/de\/widerruf-fuer-digitale-inhalte\/\" \/>\n<meta property=\"og:locale\" content=\"de_DE\" \/>\n<meta property=\"og:type\" content=\"article\" \/>\n<meta property=\"og:title\" content=\"Widerruf f\u00fcr digitale Inhalte | Modern Love School\" \/>\n<meta property=\"og:description\" content=\"Allgemeines Die Modern Love School \u00ae informiert dich nachfolgend \u00fcber das Widerrufsrecht f\u00fcr Verbraucher in Bezug auf die Lieferung von digitalen Inhalten. Und zwar von Inhalten, die nicht auf einem k\u00f6rperlichen Datentr\u00e4ger (CD, DVD, etc.) geliefert werden. Dies trifft auf die Modern Love School \u00ae zu, weil wir unsere Angebote zur Online-Nutzung anbieten. Widerrufsbelehrung Ein [&hellip;]\" \/>\n<meta property=\"og:url\" content=\"https:\/\/www.modernloveschool.com\/de\/widerruf-fuer-digitale-inhalte\/\" \/>\n<meta property=\"og:site_name\" content=\"Modern Love School\" \/>\n<meta property=\"article:publisher\" content=\"https:\/\/www.facebook.com\/ModernLoveSchool\/\" \/>\n<meta property=\"article:modified_time\" content=\"2023-10-17T15:17:17+00:00\" \/>\n<meta name=\"twitter:card\" content=\"summary_large_image\" \/>\n<meta name=\"twitter:label1\" content=\"Gesch\u00e4tzte Lesezeit\" \/>\n\t<meta name=\"twitter:data1\" content=\"3\u00a0Minuten\" \/>\n<script type=\"application\/ld+json\" class=\"yoast-schema-graph\">{\"@context\":\"https:\/\/schema.org\",\"@graph\":[{\"@type\":\"WebPage\",\"@id\":\"https:\/\/www.modernloveschool.com\/de\/widerruf-fuer-digitale-inhalte\/\",\"url\":\"https:\/\/www.modernloveschool.com\/de\/widerruf-fuer-digitale-inhalte\/\",\"name\":\"Widerruf f\u00fcr digitale Inhalte | Modern Love School\",\"isPartOf\":{\"@id\":\"https:\/\/www.modernloveschool.com\/de\/#website\"},\"datePublished\":\"2019-02-19T13:23:00+00:00\",\"dateModified\":\"2023-10-17T15:17:17+00:00\",\"breadcrumb\":{\"@id\":\"https:\/\/www.modernloveschool.com\/de\/widerruf-fuer-digitale-inhalte\/#breadcrumb\"},\"inLanguage\":\"de\",\"potentialAction\":[{\"@type\":\"ReadAction\",\"target\":[\"https:\/\/www.modernloveschool.com\/de\/widerruf-fuer-digitale-inhalte\/\"]}]},{\"@type\":\"BreadcrumbList\",\"@id\":\"https:\/\/www.modernloveschool.com\/de\/widerruf-fuer-digitale-inhalte\/#breadcrumb\",\"itemListElement\":[{\"@type\":\"ListItem\",\"position\":1,\"name\":\"Home\",\"item\":\"https:\/\/www.modernloveschool.com\/de\/\"},{\"@type\":\"ListItem\",\"position\":2,\"name\":\"Widerruf f\u00fcr digitale Inhalte\"}]},{\"@type\":\"WebSite\",\"@id\":\"https:\/\/www.modernloveschool.com\/de\/#website\",\"url\":\"https:\/\/www.modernloveschool.com\/de\/\",\"name\":\"Modern Love School\",\"description\":\"Online Kurse rund um die Liebe\",\"publisher\":{\"@id\":\"https:\/\/www.modernloveschool.com\/de\/#organization\"},\"potentialAction\":[{\"@type\":\"SearchAction\",\"target\":{\"@type\":\"EntryPoint\",\"urlTemplate\":\"https:\/\/www.modernloveschool.com\/de\/?s={search_term_string}\"},\"query-input\":{\"@type\":\"PropertyValueSpecification\",\"valueRequired\":true,\"valueName\":\"search_term_string\"}}],\"inLanguage\":\"de\"},{\"@type\":\"Organization\",\"@id\":\"https:\/\/www.modernloveschool.com\/de\/#organization\",\"name\":\"Modern Love School GmbH\",\"url\":\"https:\/\/www.modernloveschool.com\/de\/\",\"logo\":{\"@type\":\"ImageObject\",\"inLanguage\":\"de\",\"@id\":\"https:\/\/www.modernloveschool.com\/de\/#\/schema\/logo\/image\/\",\"url\":\"\",\"contentUrl\":\"\",\"caption\":\"Modern Love School GmbH\"},\"image\":{\"@id\":\"https:\/\/www.modernloveschool.com\/de\/#\/schema\/logo\/image\/\"},\"sameAs\":[\"https:\/\/www.facebook.com\/ModernLoveSchool\/\",\"https:\/\/www.instagram.com\/modernloveschool\/\",\"https:\/\/www.pinterest.de\/modernloveschool\/\",\"https:\/\/www.youtube.com\/channel\/UCs5FbbRqySXdc9OdP8vF_WQ\"]}]}<\/script>\n<!-- \/ Yoast SEO plugin. -->","yoast_head_json":{"title":"Widerruf f\u00fcr digitale Inhalte | Modern Love School","robots":{"index":"index","follow":"nofollow","max-snippet":"max-snippet:-1","max-image-preview":"max-image-preview:large","max-video-preview":"max-video-preview:-1"},"canonical":"https:\/\/www.modernloveschool.com\/de\/widerruf-fuer-digitale-inhalte\/","og_locale":"de_DE","og_type":"article","og_title":"Widerruf f\u00fcr digitale Inhalte | Modern Love School","og_description":"Allgemeines Die Modern Love School \u00ae informiert dich nachfolgend \u00fcber das Widerrufsrecht f\u00fcr Verbraucher in Bezug auf die Lieferung von digitalen Inhalten. Und zwar von Inhalten, die nicht auf einem k\u00f6rperlichen Datentr\u00e4ger (CD, DVD, etc.) geliefert werden. Dies trifft auf die Modern Love School \u00ae zu, weil wir unsere Angebote zur Online-Nutzung anbieten. Widerrufsbelehrung Ein [&hellip;]","og_url":"https:\/\/www.modernloveschool.com\/de\/widerruf-fuer-digitale-inhalte\/","og_site_name":"Modern Love School","article_publisher":"https:\/\/www.facebook.com\/ModernLoveSchool\/","article_modified_time":"2023-10-17T15:17:17+00:00","twitter_card":"summary_large_image","twitter_misc":{"Gesch\u00e4tzte Lesezeit":"3\u00a0Minuten"},"schema":{"@context":"https:\/\/schema.org","@graph":[{"@type":"WebPage","@id":"https:\/\/www.modernloveschool.com\/de\/widerruf-fuer-digitale-inhalte\/","url":"https:\/\/www.modernloveschool.com\/de\/widerruf-fuer-digitale-inhalte\/","name":"Widerruf f\u00fcr digitale Inhalte | Modern Love School","isPartOf":{"@id":"https:\/\/www.modernloveschool.com\/de\/#website"},"datePublished":"2019-02-19T13:23:00+00:00","dateModified":"2023-10-17T15:17:17+00:00","breadcrumb":{"@id":"https:\/\/www.modernloveschool.com\/de\/widerruf-fuer-digitale-inhalte\/#breadcrumb"},"inLanguage":"de","potentialAction":[{"@type":"ReadAction","target":["https:\/\/www.modernloveschool.com\/de\/widerruf-fuer-digitale-inhalte\/"]}]},{"@type":"BreadcrumbList","@id":"https:\/\/www.modernloveschool.com\/de\/widerruf-fuer-digitale-inhalte\/#breadcrumb","itemListElement":[{"@type":"ListItem","position":1,"name":"Home","item":"https:\/\/www.modernloveschool.com\/de\/"},{"@type":"ListItem","position":2,"name":"Widerruf f\u00fcr digitale Inhalte"}]},{"@type":"WebSite","@id":"https:\/\/www.modernloveschool.com\/de\/#website","url":"https:\/\/www.modernloveschool.com\/de\/","name":"Modern Love School","description":"Online Kurse rund um die Liebe","publisher":{"@id":"https:\/\/www.modernloveschool.com\/de\/#organization"},"potentialAction":[{"@type":"SearchAction","target":{"@type":"EntryPoint","urlTemplate":"https:\/\/www.modernloveschool.com\/de\/?s={search_term_string}"},"query-input":{"@type":"PropertyValueSpecification","valueRequired":true,"valueName":"search_term_string"}}],"inLanguage":"de"},{"@type":"Organization","@id":"https:\/\/www.modernloveschool.com\/de\/#organization","name":"Modern Love School GmbH","url":"https:\/\/www.modernloveschool.com\/de\/","logo":{"@type":"ImageObject","inLanguage":"de","@id":"https:\/\/www.modernloveschool.com\/de\/#\/schema\/logo\/image\/","url":"","contentUrl":"","caption":"Modern Love School GmbH"},"image":{"@id":"https:\/\/www.modernloveschool.com\/de\/#\/schema\/logo\/image\/"},"sameAs":["https:\/\/www.facebook.com\/ModernLoveSchool\/","https:\/\/www.instagram.com\/modernloveschool\/","https:\/\/www.pinterest.de\/modernloveschool\/","https:\/\/www.youtube.com\/channel\/UCs5FbbRqySXdc9OdP8vF_WQ"]}]}},"_links":{"self":[{"href":"https:\/\/www.modernloveschool.com\/de\/wp-json\/wp\/v2\/pages\/17","targetHints":{"allow":["GET"]}}],"collection":[{"href":"https:\/\/www.modernloveschool.com\/de\/wp-json\/wp\/v2\/pages"}],"about":[{"href":"https:\/\/www.modernloveschool.com\/de\/wp-json\/wp\/v2\/types\/page"}],"author":[{"embeddable":true,"href":"https:\/\/www.modernloveschool.com\/de\/wp-json\/wp\/v2\/users\/11"}],"replies":[{"embeddable":true,"href":"https:\/\/www.modernloveschool.com\/de\/wp-json\/wp\/v2\/comments?post=17"}],"version-history":[{"count":16,"href":"https:\/\/www.modernloveschool.com\/de\/wp-json\/wp\/v2\/pages\/17\/revisions"}],"predecessor-version":[{"id":13326,"href":"https:\/\/www.modernloveschool.com\/de\/wp-json\/wp\/v2\/pages\/17\/revisions\/13326"}],"wp:attachment":[{"href":"https:\/\/www.modernloveschool.com\/de\/wp-json\/wp\/v2\/media?parent=17"}],"curies":[{"name":"wp","href":"https:\/\/api.w.org\/{rel}","templated":true}]}}