{"id":1713,"date":"2019-07-04T12:55:11","date_gmt":"2019-07-04T12:55:11","guid":{"rendered":"https:\/\/www.modernloveschool.com\/?page_id=1713"},"modified":"2020-11-16T16:04:17","modified_gmt":"2020-11-16T16:04:17","slug":"beziehungstest","status":"publish","type":"page","link":"https:\/\/www.modernloveschool.com\/de\/beziehung\/beziehungstest\/","title":{"rendered":"Beziehungstest"},"content":{"rendered":"<div class=\"wpb-content-wrapper\"><p>[vc_row content_placement=&#8220;middle&#8220;][vc_column width=&#8220;2\/3&#8243;][vc_column_text]<\/p>\n<h1 style=\"font-size: 55px;\">Beziehungs\u00adtest<\/h1>\n<p style=\"font-size: 20px;\">Wie steht es um meine Beziehung? Wie gl\u00fccklich bin ich in meiner Partnerschaft? Macht meine Beziehung noch Sinn? Diese und weitere Fragen besch\u00e4ftigen viele Menschen, weil sie sp\u00fcren, dass in ihrem Liebesverh\u00e4ltnis oder ihrer Zuneigung vielleicht etwas nicht stimmt. Ein Beziehungstest hilft dabei, den Status der Beziehung zu untersuchen. Er zeigt auf, an welchen Stellen es hakt, und gibt sehr praktische Anregungen f\u00fcr Ver\u00e4nderungen.<\/p>\n<p>[\/vc_column_text][\/vc_column][vc_column width=&#8220;1\/3&#8243;][vc_column_text]<img loading=\"lazy\" decoding=\"async\" class=\"alignnone size-xs wp-image-2035\" title=\"Stephanie Wunderlich f\u00fcr Modern Love School\" src=\"https:\/\/www.modernloveschool.com\/wp-content\/uploads\/2019\/07\/Love-School-Online-Kurse-Beziehung-Beziehungs\u00adtest-Unterrubrikenseite-400x400.jpg\" alt=\"\" width=\"400\" height=\"400\" srcset=\"https:\/\/www.modernloveschool.com\/wp-content\/uploads\/2019\/07\/Love-School-Online-Kurse-Beziehung-Beziehungs\u00adtest-Unterrubrikenseite-400x400.jpg 400w, https:\/\/www.modernloveschool.com\/wp-content\/uploads\/2019\/07\/Love-School-Online-Kurse-Beziehung-Beziehungs\u00adtest-Unterrubrikenseite-200x200.jpg 200w, https:\/\/www.modernloveschool.com\/wp-content\/uploads\/2019\/07\/Love-School-Online-Kurse-Beziehung-Beziehungs\u00adtest-Unterrubrikenseite-800x800.jpg 800w, https:\/\/www.modernloveschool.com\/wp-content\/uploads\/2019\/07\/Love-School-Online-Kurse-Beziehung-Beziehungs\u00adtest-Unterrubrikenseite-1000x1000.jpg 1000w, https:\/\/www.modernloveschool.com\/wp-content\/uploads\/2019\/07\/Love-School-Online-Kurse-Beziehung-Beziehungs\u00adtest-Unterrubrikenseite.jpg 1080w\" sizes=\"auto, (max-width: 400px) 100vw, 400px\" \/>[\/vc_column_text][\/vc_column][\/vc_row][vc_row css=&#8220;.vc_custom_1579029419225{margin-top: 20px !important;margin-bottom: 20px !important;}&#8220;][vc_column][vc_separator css=&#8220;.vc_custom_1562252495620{margin-top: 20px !important;margin-bottom: 40px !important;}&#8220;][\/vc_column][\/vc_row][vc_row css=&#8220;.vc_custom_1579029419225{margin-top: 20px !important;margin-bottom: 20px !important;}&#8220;][vc_column][vc_wp_text]\r\n<div class=\"post-link my-2\">\r\n  <div class=\"row align-items-center \">\r\n\r\n    <div class=\"col-12 col-md-6\">\r\n      <div class=\"img \">\r\n        <a href=\"https:\/\/www.modernloveschool.com\/de\/wachstum\/glaubenssaetze\/emotionale-verletzungen-heilen-warum-wir-alle-innere-narben-tragen-und-wie-du-sie-loslassen-kannst\/\">\r\n          <img decoding=\"async\" srcset=\"https:\/\/www.modernloveschool.com\/wp-content\/uploads\/2025\/03\/MLS-Emotionale-Verletzungen-heilen-01.jpg 1260w, https:\/\/www.modernloveschool.com\/wp-content\/uploads\/2025\/03\/MLS-Emotionale-Verletzungen-heilen-01-200x133.jpg 200w, https:\/\/www.modernloveschool.com\/wp-content\/uploads\/2025\/03\/MLS-Emotionale-Verletzungen-heilen-01-400x267.jpg 400w, https:\/\/www.modernloveschool.com\/wp-content\/uploads\/2025\/03\/MLS-Emotionale-Verletzungen-heilen-01-800x533.jpg 800w, https:\/\/www.modernloveschool.com\/wp-content\/uploads\/2025\/03\/MLS-Emotionale-Verletzungen-heilen-01-1000x667.jpg 1000w\" sizes=\"(min-width: 992px) 400px, (min-width: 768px) 330px, (min-width: 576px) 400px, calc(100vw - 30px)\" src=\"https:\/\/www.modernloveschool.com\/wp-content\/uploads\/2025\/03\/MLS-Emotionale-Verletzungen-heilen-01.jpg\" alt=\"Emotionale Verletzungen sind unsichtbare Narben der Seele \u2013 doch Heilung ist m\u00f6glich. Foto: Priscilla Du Preez, Unsplash\" title=\"Emotionale Verletzungen heilen: Warum wir alle innere Narben tragen \u2013 und wie du sie loslassen kannst\" >        <\/a>\r\n      <\/div>\r\n    <\/div>\r\n\r\n    <div class=\"col-12 col-md-6\">\r\n      <div class=\"text\">\r\n        <h2 class=\"mt-md-0\"><a href=\"https:\/\/www.modernloveschool.com\/de\/wachstum\/glaubenssaetze\/emotionale-verletzungen-heilen-warum-wir-alle-innere-narben-tragen-und-wie-du-sie-loslassen-kannst\/\">Emotionale Verletzungen heilen: Warum wir alle innere Narben tragen \u2013 und wie du sie loslassen kannst<\/a><\/h2>\r\n        <p>Jeder von uns tr\u00e4gt emotionale Verletzungen mit sich herum. Entt\u00e4uschungen, Verluste oder Ablehnung \u2013 all diese Erfahrungen pr\u00e4gen uns und beeinflussen, oft unbemerkt, unser Handeln und unsere Beziehungen. Doch Heilung ist m\u00f6glich. In diesem Artikel erf\u00e4hrst du, warum emotionale Wunden so tief sitzen, wie sie dein Leben beeinflussen und welche Schritte dir helfen k\u00f6nnen, sie loszulassen. <a href=\"https:\/\/www.modernloveschool.com\/de\/wachstum\/glaubenssaetze\/emotionale-verletzungen-heilen-warum-wir-alle-innere-narben-tragen-und-wie-du-sie-loslassen-kannst\/\">Mehr...<\/a><\/p>\n      <\/div>\r\n    <\/div>\r\n  <\/div>\r\n<\/div><br \/>\n\r\n<div class=\"post-link my-2\">\r\n  <div class=\"row align-items-center flex-md-row-reverse\">\r\n\r\n    <div class=\"col-12 col-md-6\">\r\n      <div class=\"img text-md-right\">\r\n        <a href=\"https:\/\/www.modernloveschool.com\/de\/wachstum\/glaubenssaetze\/emotionale-heilung-du-bist-nicht-zu-sensibel-sondern-emotional-intelligent\/\">\r\n          <img decoding=\"async\" srcset=\"https:\/\/www.modernloveschool.com\/wp-content\/uploads\/2025\/03\/MLS-Emotionale-Heilung-01.jpg 860w, https:\/\/www.modernloveschool.com\/wp-content\/uploads\/2025\/03\/MLS-Emotionale-Heilung-01-200x300.jpg 200w, https:\/\/www.modernloveschool.com\/wp-content\/uploads\/2025\/03\/MLS-Emotionale-Heilung-01-400x600.jpg 400w, https:\/\/www.modernloveschool.com\/wp-content\/uploads\/2025\/03\/MLS-Emotionale-Heilung-01-800x1200.jpg 800w\" sizes=\"(min-width: 992px) 400px, (min-width: 768px) 330px, (min-width: 576px) 400px, calc(100vw - 30px)\" src=\"https:\/\/www.modernloveschool.com\/wp-content\/uploads\/2025\/03\/MLS-Emotionale-Heilung-01.jpg\" alt=\"Emotionale Heilung setzt voraus, die eigenen Gef\u00fchle wahrzunehmen. Foto: Priscilla Du Preez, Unsplash\" title=\"Emotionale Heilung: Du bist nicht zu sensibel, sondern emotional intelligent\" >        <\/a>\r\n      <\/div>\r\n    <\/div>\r\n\r\n    <div class=\"col-12 col-md-6\">\r\n      <div class=\"text\">\r\n        <h2 class=\"mt-md-0\"><a href=\"https:\/\/www.modernloveschool.com\/de\/wachstum\/glaubenssaetze\/emotionale-heilung-du-bist-nicht-zu-sensibel-sondern-emotional-intelligent\/\">Emotionale Heilung: Du bist nicht zu sensibel, sondern emotional intelligent<\/a><\/h2>\r\n        <p>Emotionale Heilung beginnt mit der Erkenntnis, dass deine Gef\u00fchle keine Schw\u00e4che sind, sondern eine Kraftquelle. Hast du jemals den Satz geh\u00f6rt: &#8222;Du bist zu emotional!&#8220; oder &#8222;Du bist einfach zu sensibel!&#8220;? Vielleicht hast du ihn sogar selbst geglaubt und dich gefragt, ob mit dir etwas nicht stimmt. Doch die Wahrheit ist: Deine Emotionen sind deine Superkraft! <a href=\"https:\/\/www.modernloveschool.com\/de\/wachstum\/glaubenssaetze\/emotionale-heilung-du-bist-nicht-zu-sensibel-sondern-emotional-intelligent\/\">Mehr...<\/a><\/p>\n      <\/div>\r\n    <\/div>\r\n  <\/div>\r\n<\/div>[\/vc_wp_text][\/vc_column][\/vc_row][vc_row content_placement=&#8220;middle&#8220; css=&#8220;.vc_custom_1563441994456{background-color: #b7e4f7 !important;}&#8220;][vc_column width=&#8220;1\/3&#8243;][vc_column_text]<img loading=\"lazy\" decoding=\"async\" class=\"alignnone size-xs wp-image-3224\" title=\"Stephanie Wunderlich f\u00fcr Modern Love School\" src=\"https:\/\/www.modernloveschool.com\/wp-content\/uploads\/2019\/10\/Love-School-Online-Kurse-Beziehung-Beziehungs\u00adtest-Wie-gut-passen-wir-zusammen-B-400x400.png\" alt=\"\" width=\"400\" height=\"400\" srcset=\"https:\/\/www.modernloveschool.com\/wp-content\/uploads\/2019\/10\/Love-School-Online-Kurse-Beziehung-Beziehungs\u00adtest-Wie-gut-passen-wir-zusammen-B-400x400.png 400w, https:\/\/www.modernloveschool.com\/wp-content\/uploads\/2019\/10\/Love-School-Online-Kurse-Beziehung-Beziehungs\u00adtest-Wie-gut-passen-wir-zusammen-B-200x200.png 200w, https:\/\/www.modernloveschool.com\/wp-content\/uploads\/2019\/10\/Love-School-Online-Kurse-Beziehung-Beziehungs\u00adtest-Wie-gut-passen-wir-zusammen-B-800x800.png 800w, https:\/\/www.modernloveschool.com\/wp-content\/uploads\/2019\/10\/Love-School-Online-Kurse-Beziehung-Beziehungs\u00adtest-Wie-gut-passen-wir-zusammen-B-1000x1000.png 1000w, https:\/\/www.modernloveschool.com\/wp-content\/uploads\/2019\/10\/Love-School-Online-Kurse-Beziehung-Beziehungs\u00adtest-Wie-gut-passen-wir-zusammen-B.png 1080w\" sizes=\"auto, (max-width: 400px) 100vw, 400px\" \/>[\/vc_column_text][\/vc_column][vc_column width=&#8220;2\/3&#8243;][vc_column_text]<\/p>\n<h3 style=\"font-size: 28px;\">Wie gut passen wir zusammen?<\/h3>\n<p><strong>Der gro\u00dfe Liebestest<\/strong><br \/>\nBasierend auf Erfahrungen aus der Paartherapie und wissenschaftlicher Forschung: Wo teilt ihr dir gleichen Werte? Wo erg\u00e4nzt ihr euch? Bei welchen Unterschieden drohen Konflikte?[\/vc_column_text][vc_column_text]<a class=\"mls-button-blue\" href=\"\/de\/beziehung\/beziehungstest\/wie-gut-passen-wir-zusammen-der-grosse-liebestest\/\">Jetzt Beziehungs\u00adtest ansehen<\/a>[\/vc_column_text][\/vc_column][\/vc_row][vc_row css=&#8220;.vc_custom_1579029419225{margin-top: 20px !important;margin-bottom: 20px !important;}&#8220;][vc_column][vc_wp_text]\r\n<div class=\"post-link my-2\">\r\n  <div class=\"row align-items-center \">\r\n\r\n    <div class=\"col-12 col-md-6\">\r\n      <div class=\"img \">\r\n        <a href=\"https:\/\/www.modernloveschool.com\/de\/singles\/wie-die-heilung-des-inneren-kindes-deine-beziehungen-verbessert\/\">\r\n          <img decoding=\"async\" srcset=\"https:\/\/www.modernloveschool.com\/wp-content\/uploads\/2024\/11\/MLS-14-Inneres-Kind-Beziehungen-verbessen-01.jpg 1260w, https:\/\/www.modernloveschool.com\/wp-content\/uploads\/2024\/11\/MLS-14-Inneres-Kind-Beziehungen-verbessen-01-200x133.jpg 200w, https:\/\/www.modernloveschool.com\/wp-content\/uploads\/2024\/11\/MLS-14-Inneres-Kind-Beziehungen-verbessen-01-400x267.jpg 400w, https:\/\/www.modernloveschool.com\/wp-content\/uploads\/2024\/11\/MLS-14-Inneres-Kind-Beziehungen-verbessen-01-800x533.jpg 800w, https:\/\/www.modernloveschool.com\/wp-content\/uploads\/2024\/11\/MLS-14-Inneres-Kind-Beziehungen-verbessen-01-1000x667.jpg 1000w\" sizes=\"(min-width: 992px) 400px, (min-width: 768px) 330px, (min-width: 576px) 400px, calc(100vw - 30px)\" src=\"https:\/\/www.modernloveschool.com\/wp-content\/uploads\/2024\/11\/MLS-14-Inneres-Kind-Beziehungen-verbessen-01.jpg\" alt=\"Ein Paar spaziert durch die Natur.\" title=\"Wiederkehrende Beziehungsmuster entstehen oft durch ungeheilte Kindheitswunden.\" >        <\/a>\r\n      <\/div>\r\n    <\/div>\r\n\r\n    <div class=\"col-12 col-md-6\">\r\n      <div class=\"text\">\r\n        <h2 class=\"mt-md-0\"><a href=\"https:\/\/www.modernloveschool.com\/de\/singles\/wie-die-heilung-des-inneren-kindes-deine-beziehungen-verbessert\/\">Wie die Heilung des inneren Kindes deine Beziehungen verbessert<\/a><\/h2>\r\n              <\/div>\r\n    <\/div>\r\n  <\/div>\r\n<\/div><br \/>\n\r\n<div class=\"post-link my-2\">\r\n  <div class=\"row align-items-center flex-md-row-reverse\">\r\n\r\n    <div class=\"col-12 col-md-6\">\r\n      <div class=\"img text-md-right\">\r\n        <a href=\"https:\/\/www.modernloveschool.com\/de\/singles\/5-zeichen-dass-du-dein-selbstwertgefuehl-staerken-musst-um-die-liebe-zu-finden\/\">\r\n          <img decoding=\"async\" srcset=\"https:\/\/www.modernloveschool.com\/wp-content\/uploads\/2024\/11\/MLS-14-Inneres-Kind-5-Zeichen-Selbstwertgefuehl-staerken-01.jpg 1260w, https:\/\/www.modernloveschool.com\/wp-content\/uploads\/2024\/11\/MLS-14-Inneres-Kind-5-Zeichen-Selbstwertgefuehl-staerken-01-200x133.jpg 200w, https:\/\/www.modernloveschool.com\/wp-content\/uploads\/2024\/11\/MLS-14-Inneres-Kind-5-Zeichen-Selbstwertgefuehl-staerken-01-400x267.jpg 400w, https:\/\/www.modernloveschool.com\/wp-content\/uploads\/2024\/11\/MLS-14-Inneres-Kind-5-Zeichen-Selbstwertgefuehl-staerken-01-800x533.jpg 800w, https:\/\/www.modernloveschool.com\/wp-content\/uploads\/2024\/11\/MLS-14-Inneres-Kind-5-Zeichen-Selbstwertgefuehl-staerken-01-1000x667.jpg 1000w\" sizes=\"(min-width: 992px) 400px, (min-width: 768px) 330px, (min-width: 576px) 400px, calc(100vw - 30px)\" src=\"https:\/\/www.modernloveschool.com\/wp-content\/uploads\/2024\/11\/MLS-14-Inneres-Kind-5-Zeichen-Selbstwertgefuehl-staerken-01.jpg\" alt=\"Ein Frau schwingt ihre Haare und l\u00e4chelt zufrieden.\" title=\"Wer mit dem inneren Kind arbeitet und das Selbstwertgef\u00fchl st\u00e4rkt, feiert Erfolge.\" >        <\/a>\r\n      <\/div>\r\n    <\/div>\r\n\r\n    <div class=\"col-12 col-md-6\">\r\n      <div class=\"text\">\r\n        <h2 class=\"mt-md-0\"><a href=\"https:\/\/www.modernloveschool.com\/de\/singles\/5-zeichen-dass-du-dein-selbstwertgefuehl-staerken-musst-um-die-liebe-zu-finden\/\">5 Zeichen, dass du dein Selbstwertgef\u00fchl st\u00e4rken musst, um die Liebe zu finden<\/a><\/h2>\r\n              <\/div>\r\n    <\/div>\r\n  <\/div>\r\n<\/div>[\/vc_wp_text][\/vc_column][\/vc_row][vc_row css=&#8220;.vc_custom_1579029419225{margin-top: 20px !important;margin-bottom: 20px !important;}&#8220;][vc_column][vc_separator css=&#8220;.vc_custom_1562252495620{margin-top: 20px !important;margin-bottom: 40px !important;}&#8220;][\/vc_column][\/vc_row][vc_row content_placement=&#8220;middle&#8220;][vc_column width=&#8220;1\/3&#8243;][vc_column_text]<img loading=\"lazy\" decoding=\"async\" class=\"alignnone size-xs wp-image-2041\" title=\"Stephanie Wunderlich f\u00fcr Modern Love School\" src=\"https:\/\/www.modernloveschool.com\/wp-content\/uploads\/2019\/07\/Love-School-Online-Kurse-Beziehung-Beziehungs\u00adtest-Wie-gut-passen-wir-zusammen-Modul-02-400x400.jpg\" alt=\"\" width=\"400\" height=\"400\" srcset=\"https:\/\/www.modernloveschool.com\/wp-content\/uploads\/2019\/07\/Love-School-Online-Kurse-Beziehung-Beziehungs\u00adtest-Wie-gut-passen-wir-zusammen-Modul-02-400x400.jpg 400w, https:\/\/www.modernloveschool.com\/wp-content\/uploads\/2019\/07\/Love-School-Online-Kurse-Beziehung-Beziehungs\u00adtest-Wie-gut-passen-wir-zusammen-Modul-02-200x200.jpg 200w, https:\/\/www.modernloveschool.com\/wp-content\/uploads\/2019\/07\/Love-School-Online-Kurse-Beziehung-Beziehungs\u00adtest-Wie-gut-passen-wir-zusammen-Modul-02-800x800.jpg 800w, https:\/\/www.modernloveschool.com\/wp-content\/uploads\/2019\/07\/Love-School-Online-Kurse-Beziehung-Beziehungs\u00adtest-Wie-gut-passen-wir-zusammen-Modul-02-1000x1000.jpg 1000w, https:\/\/www.modernloveschool.com\/wp-content\/uploads\/2019\/07\/Love-School-Online-Kurse-Beziehung-Beziehungs\u00adtest-Wie-gut-passen-wir-zusammen-Modul-02.jpg 1080w\" sizes=\"auto, (max-width: 400px) 100vw, 400px\" \/>[\/vc_column_text][\/vc_column][vc_column width=&#8220;2\/3&#8243;][vc_column_text]<\/p>\n<h3>Typische Fragen, die sich viele Menschen in Bezug auf einen Beziehungstest stellen<\/h3>\n<ul>\n<li>Ist es normal, wenn man seine Beziehung testen und unter die Lupe nehmen m\u00f6chte?<\/li>\n<li>Warum m\u00f6chte ich einen Beziehungstest machen, ist bereits der Wunsch nach einem Beziehungstest ein \u201eschlechtes Zeichen\u201c?<\/li>\n<li>Warum f\u00fchlt sich meine Partnerschaft aktuell nicht so an, wie ich es mir vorstelle oder w\u00fcnsche? Was stimmt nicht daran?<span class=\"Apple-converted-space\">\u00a0<\/span><\/li>\n<li>Warum hatte ich oder mein Partner eine Aff\u00e4re? Bedeutet eine solche Liaison in Wahrheit bereits das Ende meiner Beziehung?<span class=\"Apple-converted-space\">\u00a0<\/span><\/li>\n<li>Was hat es zu bedeuten, wenn wir aktuell nicht mehr die Zuneigung f\u00fcreinander zeigen, wie wir es fr\u00fcher getan haben? Kann man etwas dagegen tun?<\/li>\n<li>Ist es normal in einer Beziehung, dass das Bed\u00fcrfnis nach Bindung mal mehr und mal weniger ausgepr\u00e4gt ist?<\/li>\n<li>Kann ich an meinem Liebesverh\u00e4ltnis zu meinem Partner etwas \u00e4ndern? Gibt es Dinge, die ich tun kann, um in meiner Beziehung zu meinem Partner wieder mehr Intimit\u00e4t und Gl\u00fcck zu bekommen?<\/li>\n<li>Welche einfachen \u00dcbungen gibt es, um die Liebe dauerhaft zu erhalten?<\/li>\n<li>Wie kann ich unsere Beziehungszufriedenheit verbessern und erh\u00f6hen?<\/li>\n<\/ul>\n<p>Die Kurse der Modern Love School greifen viele dieser Fragen auf und helfen dabei, Antworten zu finden.<\/p>\n<p>[\/vc_column_text][\/vc_column][\/vc_row]<\/p>\n<\/div>","protected":false},"excerpt":{"rendered":"<p>[vc_row content_placement=&#8220;middle&#8220;][vc_column width=&#8220;2\/3&#8243;][vc_column_text] Beziehungs\u00adtest Wie steht es um meine Beziehung? Wie gl\u00fccklich bin ich in meiner Partnerschaft? Macht meine Beziehung noch Sinn? Diese und weitere Fragen besch\u00e4ftigen viele Menschen, weil sie sp\u00fcren, dass in ihrem Liebesverh\u00e4ltnis oder ihrer Zuneigung vielleicht etwas nicht stimmt. Ein Beziehungstest hilft dabei, den Status der Beziehung zu untersuchen. Er zeigt [&hellip;]<\/p>\n","protected":false},"author":11,"featured_media":0,"parent":1653,"menu_order":0,"comment_status":"closed","ping_status":"closed","template":"","meta":{"_acf_changed":false,"footnotes":""},"class_list":["post-1713","page","type-page","status-publish","hentry"],"acf":[],"yoast_head":"<!-- This site is optimized with the Yoast SEO plugin v24.1 - https:\/\/yoast.com\/wordpress\/plugins\/seo\/ -->\n<title>Beziehungstest | Modern Love School<\/title>\n<meta name=\"description\" content=\"Wie steht es um deine Beziehung? Dieser Beziehungstest und Liebestest hilft dir dabei, den Status deiner Beziehung zu untersuchen.\" \/>\n<meta name=\"robots\" content=\"index, follow, max-snippet:-1, max-image-preview:large, max-video-preview:-1\" \/>\n<link rel=\"canonical\" href=\"https:\/\/www.modernloveschool.com\/de\/beziehung\/beziehungstest\/\" \/>\n<meta property=\"og:locale\" content=\"de_DE\" \/>\n<meta property=\"og:type\" content=\"article\" \/>\n<meta property=\"og:title\" content=\"Beziehungstest | Modern Love School\" \/>\n<meta property=\"og:description\" content=\"Wie steht es um deine Beziehung? Dieser Beziehungstest und Liebestest hilft dir dabei, den Status deiner Beziehung zu untersuchen.\" \/>\n<meta property=\"og:url\" content=\"https:\/\/www.modernloveschool.com\/de\/beziehung\/beziehungstest\/\" \/>\n<meta property=\"og:site_name\" content=\"Modern Love School\" \/>\n<meta property=\"article:publisher\" content=\"https:\/\/www.facebook.com\/ModernLoveSchool\/\" \/>\n<meta property=\"article:modified_time\" content=\"2020-11-16T16:04:17+00:00\" \/>\n<meta name=\"twitter:card\" content=\"summary_large_image\" \/>\n<meta name=\"twitter:label1\" content=\"Gesch\u00e4tzte Lesezeit\" \/>\n\t<meta name=\"twitter:data1\" content=\"3\u00a0Minuten\" \/>\n<script type=\"application\/ld+json\" class=\"yoast-schema-graph\">{\"@context\":\"https:\/\/schema.org\",\"@graph\":[{\"@type\":\"WebPage\",\"@id\":\"https:\/\/www.modernloveschool.com\/de\/beziehung\/beziehungstest\/\",\"url\":\"https:\/\/www.modernloveschool.com\/de\/beziehung\/beziehungstest\/\",\"name\":\"Beziehungstest | Modern Love School\",\"isPartOf\":{\"@id\":\"https:\/\/www.modernloveschool.com\/de\/#website\"},\"datePublished\":\"2019-07-04T12:55:11+00:00\",\"dateModified\":\"2020-11-16T16:04:17+00:00\",\"description\":\"Wie steht es um deine Beziehung? Dieser Beziehungstest und Liebestest hilft dir dabei, den Status deiner Beziehung zu untersuchen.\",\"breadcrumb\":{\"@id\":\"https:\/\/www.modernloveschool.com\/de\/beziehung\/beziehungstest\/#breadcrumb\"},\"inLanguage\":\"de\",\"potentialAction\":[{\"@type\":\"ReadAction\",\"target\":[\"https:\/\/www.modernloveschool.com\/de\/beziehung\/beziehungstest\/\"]}]},{\"@type\":\"BreadcrumbList\",\"@id\":\"https:\/\/www.modernloveschool.com\/de\/beziehung\/beziehungstest\/#breadcrumb\",\"itemListElement\":[{\"@type\":\"ListItem\",\"position\":1,\"name\":\"Home\",\"item\":\"https:\/\/www.modernloveschool.com\/de\/\"},{\"@type\":\"ListItem\",\"position\":2,\"name\":\"Beziehung\",\"item\":\"https:\/\/www.modernloveschool.com\/de\/beziehung\/\"},{\"@type\":\"ListItem\",\"position\":3,\"name\":\"Beziehungstest\"}]},{\"@type\":\"WebSite\",\"@id\":\"https:\/\/www.modernloveschool.com\/de\/#website\",\"url\":\"https:\/\/www.modernloveschool.com\/de\/\",\"name\":\"Modern Love School\",\"description\":\"Online Kurse rund um die Liebe\",\"publisher\":{\"@id\":\"https:\/\/www.modernloveschool.com\/de\/#organization\"},\"potentialAction\":[{\"@type\":\"SearchAction\",\"target\":{\"@type\":\"EntryPoint\",\"urlTemplate\":\"https:\/\/www.modernloveschool.com\/de\/?s={search_term_string}\"},\"query-input\":{\"@type\":\"PropertyValueSpecification\",\"valueRequired\":true,\"valueName\":\"search_term_string\"}}],\"inLanguage\":\"de\"},{\"@type\":\"Organization\",\"@id\":\"https:\/\/www.modernloveschool.com\/de\/#organization\",\"name\":\"Modern Love School GmbH\",\"url\":\"https:\/\/www.modernloveschool.com\/de\/\",\"logo\":{\"@type\":\"ImageObject\",\"inLanguage\":\"de\",\"@id\":\"https:\/\/www.modernloveschool.com\/de\/#\/schema\/logo\/image\/\",\"url\":\"\",\"contentUrl\":\"\",\"caption\":\"Modern Love School GmbH\"},\"image\":{\"@id\":\"https:\/\/www.modernloveschool.com\/de\/#\/schema\/logo\/image\/\"},\"sameAs\":[\"https:\/\/www.facebook.com\/ModernLoveSchool\/\",\"https:\/\/www.instagram.com\/modernloveschool\/\",\"https:\/\/www.pinterest.de\/modernloveschool\/\",\"https:\/\/www.youtube.com\/channel\/UCs5FbbRqySXdc9OdP8vF_WQ\"]}]}<\/script>\n<!-- \/ Yoast SEO plugin. -->","yoast_head_json":{"title":"Beziehungstest | Modern Love School","description":"Wie steht es um deine Beziehung? Dieser Beziehungstest und Liebestest hilft dir dabei, den Status deiner Beziehung zu untersuchen.","robots":{"index":"index","follow":"follow","max-snippet":"max-snippet:-1","max-image-preview":"max-image-preview:large","max-video-preview":"max-video-preview:-1"},"canonical":"https:\/\/www.modernloveschool.com\/de\/beziehung\/beziehungstest\/","og_locale":"de_DE","og_type":"article","og_title":"Beziehungstest | Modern Love School","og_description":"Wie steht es um deine Beziehung? Dieser Beziehungstest und Liebestest hilft dir dabei, den Status deiner Beziehung zu untersuchen.","og_url":"https:\/\/www.modernloveschool.com\/de\/beziehung\/beziehungstest\/","og_site_name":"Modern Love School","article_publisher":"https:\/\/www.facebook.com\/ModernLoveSchool\/","article_modified_time":"2020-11-16T16:04:17+00:00","twitter_card":"summary_large_image","twitter_misc":{"Gesch\u00e4tzte Lesezeit":"3\u00a0Minuten"},"schema":{"@context":"https:\/\/schema.org","@graph":[{"@type":"WebPage","@id":"https:\/\/www.modernloveschool.com\/de\/beziehung\/beziehungstest\/","url":"https:\/\/www.modernloveschool.com\/de\/beziehung\/beziehungstest\/","name":"Beziehungstest | Modern Love School","isPartOf":{"@id":"https:\/\/www.modernloveschool.com\/de\/#website"},"datePublished":"2019-07-04T12:55:11+00:00","dateModified":"2020-11-16T16:04:17+00:00","description":"Wie steht es um deine Beziehung? Dieser Beziehungstest und Liebestest hilft dir dabei, den Status deiner Beziehung zu untersuchen.","breadcrumb":{"@id":"https:\/\/www.modernloveschool.com\/de\/beziehung\/beziehungstest\/#breadcrumb"},"inLanguage":"de","potentialAction":[{"@type":"ReadAction","target":["https:\/\/www.modernloveschool.com\/de\/beziehung\/beziehungstest\/"]}]},{"@type":"BreadcrumbList","@id":"https:\/\/www.modernloveschool.com\/de\/beziehung\/beziehungstest\/#breadcrumb","itemListElement":[{"@type":"ListItem","position":1,"name":"Home","item":"https:\/\/www.modernloveschool.com\/de\/"},{"@type":"ListItem","position":2,"name":"Beziehung","item":"https:\/\/www.modernloveschool.com\/de\/beziehung\/"},{"@type":"ListItem","position":3,"name":"Beziehungstest"}]},{"@type":"WebSite","@id":"https:\/\/www.modernloveschool.com\/de\/#website","url":"https:\/\/www.modernloveschool.com\/de\/","name":"Modern Love School","description":"Online Kurse rund um die Liebe","publisher":{"@id":"https:\/\/www.modernloveschool.com\/de\/#organization"},"potentialAction":[{"@type":"SearchAction","target":{"@type":"EntryPoint","urlTemplate":"https:\/\/www.modernloveschool.com\/de\/?s={search_term_string}"},"query-input":{"@type":"PropertyValueSpecification","valueRequired":true,"valueName":"search_term_string"}}],"inLanguage":"de"},{"@type":"Organization","@id":"https:\/\/www.modernloveschool.com\/de\/#organization","name":"Modern Love School GmbH","url":"https:\/\/www.modernloveschool.com\/de\/","logo":{"@type":"ImageObject","inLanguage":"de","@id":"https:\/\/www.modernloveschool.com\/de\/#\/schema\/logo\/image\/","url":"","contentUrl":"","caption":"Modern Love School GmbH"},"image":{"@id":"https:\/\/www.modernloveschool.com\/de\/#\/schema\/logo\/image\/"},"sameAs":["https:\/\/www.facebook.com\/ModernLoveSchool\/","https:\/\/www.instagram.com\/modernloveschool\/","https:\/\/www.pinterest.de\/modernloveschool\/","https:\/\/www.youtube.com\/channel\/UCs5FbbRqySXdc9OdP8vF_WQ"]}]}},"_links":{"self":[{"href":"https:\/\/www.modernloveschool.com\/de\/wp-json\/wp\/v2\/pages\/1713","targetHints":{"allow":["GET"]}}],"collection":[{"href":"https:\/\/www.modernloveschool.com\/de\/wp-json\/wp\/v2\/pages"}],"about":[{"href":"https:\/\/www.modernloveschool.com\/de\/wp-json\/wp\/v2\/types\/page"}],"author":[{"embeddable":true,"href":"https:\/\/www.modernloveschool.com\/de\/wp-json\/wp\/v2\/users\/11"}],"replies":[{"embeddable":true,"href":"https:\/\/www.modernloveschool.com\/de\/wp-json\/wp\/v2\/comments?post=1713"}],"version-history":[{"count":71,"href":"https:\/\/www.modernloveschool.com\/de\/wp-json\/wp\/v2\/pages\/1713\/revisions"}],"predecessor-version":[{"id":6900,"href":"https:\/\/www.modernloveschool.com\/de\/wp-json\/wp\/v2\/pages\/1713\/revisions\/6900"}],"up":[{"embeddable":true,"href":"https:\/\/www.modernloveschool.com\/de\/wp-json\/wp\/v2\/pages\/1653"}],"wp:attachment":[{"href":"https:\/\/www.modernloveschool.com\/de\/wp-json\/wp\/v2\/media?parent=1713"}],"curies":[{"name":"wp","href":"https:\/\/api.w.org\/{rel}","templated":true}]}}