{"id":18406,"date":"2024-11-10T12:07:49","date_gmt":"2024-11-10T12:07:49","guid":{"rendered":"https:\/\/www.modernloveschool.com\/?page_id=18406"},"modified":"2024-11-27T16:20:25","modified_gmt":"2024-11-27T16:20:25","slug":"stella-schultner","status":"publish","type":"page","link":"https:\/\/www.modernloveschool.com\/de\/autoren\/stella-schultner\/","title":{"rendered":"Stella Schultner"},"content":{"rendered":"\n<div class=\"wp-block-columns is-layout-flex wp-container-core-columns-is-layout-1 wp-block-columns-is-layout-flex\">\n<div class=\"wp-block-column is-layout-flow wp-block-column-is-layout-flow\" style=\"flex-basis:25%\"><\/div>\n\n\n\n<div class=\"wp-block-column is-layout-flow wp-block-column-is-layout-flow\" style=\"flex-basis:50%\">\n<h1 class=\"wp-block-heading has-text-align-center\">Stella Schultner<\/h1>\n\n\n<div class=\"wp-block-image\">\n<figure class=\"aligncenter size-full is-resized\"><img loading=\"lazy\" decoding=\"async\" width=\"1080\" height=\"1080\" src=\"https:\/\/www.modernloveschool.com\/wp-content\/uploads\/2024\/11\/MLS-Autoren-Stella-Schultner.png\" alt=\"\" class=\"wp-image-18409\" style=\"width:300px\" srcset=\"https:\/\/www.modernloveschool.com\/wp-content\/uploads\/2024\/11\/MLS-Autoren-Stella-Schultner.png 1080w, https:\/\/www.modernloveschool.com\/wp-content\/uploads\/2024\/11\/MLS-Autoren-Stella-Schultner-200x200.png 200w, https:\/\/www.modernloveschool.com\/wp-content\/uploads\/2024\/11\/MLS-Autoren-Stella-Schultner-400x400.png 400w, https:\/\/www.modernloveschool.com\/wp-content\/uploads\/2024\/11\/MLS-Autoren-Stella-Schultner-800x800.png 800w, https:\/\/www.modernloveschool.com\/wp-content\/uploads\/2024\/11\/MLS-Autoren-Stella-Schultner-1000x1000.png 1000w\" sizes=\"auto, (max-width: 1080px) 100vw, 1080px\" \/><figcaption class=\"wp-element-caption\">Stella Schultner<\/figcaption><\/figure><\/div>\n\n\n<h3 class=\"wp-block-heading has-text-align-center\">Psychologie (B.Sc\/ MA.IA) Dating Expertin und Love Coach<\/h3>\n\n\n\n<p class=\"has-text-align-center\">Liebeskummer, Dating-Frust oder das Gef\u00fchl, immer an die \u201eFalschen\u201c zu geraten \u2013 das sind die Herausforderungen, bei denen ich t\u00e4glich Menschen unterst\u00fctzen darf. Meine Mission ist klar: Liebe ist unsere wahre Natur. Nur weil wir nicht gelernt haben, zu lieben oder Liebe zu empfangen, bedeutet das nicht, dass es unm\u00f6glich ist. Es erf\u00fcllt mich mit Freude, wenn ich dazu beitragen kann, lang ersehnte Beziehungsw\u00fcnsche zu verwirklichen. \u00dcber Instagram<a href=\"https:\/\/www.instagram.com\/stellaschultner_psychologie\/\" target=\"_blank\" rel=\"noreferrer noopener\"> @stellaschultner_psychologie<\/a> und meinen <a href=\"https:\/\/www.youtube.com\/@stellaschultner\/podcasts\" target=\"_blank\" rel=\"noreferrer noopener\">\u201eIN LOVE\u201d-Podcast <\/a>&nbsp;teile ich wertvolle Tipps und Strategien f\u00fcr gesundes Dating und stabile Beziehungen. Lass uns gemeinsam an deinem Weg zur Liebe arbeiten! Auf meiner <a href=\"https:\/\/www.stellaschultner.com\/\">Webseite <\/a>findest du Kurse und Workshops und mein Coachingangebot.<\/p>\n\n\n\n<p class=\"has-text-align-center\"><strong>Kontakt: <\/strong><a href=\"mailto:info@stellaschultner.com\" rel=\"nofollow\">info@stellaschultner.com<\/a><\/p>\n<\/div>\n\n\n\n<div class=\"wp-block-column is-layout-flow wp-block-column-is-layout-flow\" style=\"flex-basis:25%\"><\/div>\n<\/div>\n\n\n\n<div class=\"wp-block-columns is-layout-flex wp-container-core-columns-is-layout-2 wp-block-columns-is-layout-flex\">\n<div class=\"wp-block-column is-layout-flow wp-block-column-is-layout-flow\" style=\"flex-basis:25%\"><\/div>\n\n\n\n<div class=\"wp-block-column is-layout-flow wp-block-column-is-layout-flow\" style=\"flex-basis:50%\">\n<hr class=\"wp-block-separator has-alpha-channel-opacity\"\/>\n\n\n\n<div class=\"wp-block-group alignfull has-background is-vertical is-content-justification-center is-layout-flex wp-container-core-group-is-layout-1 wp-block-group-is-layout-flex\" style=\"background-color:#b7e4f7;padding-top:var(--wp--preset--spacing--70);padding-right:var(--wp--preset--spacing--70);padding-bottom:var(--wp--preset--spacing--70);padding-left:var(--wp--preset--spacing--70)\">\n<figure class=\"wp-block-image size-full\"><a href=\"https:\/\/www.modernloveschool.com\/de\/singles\/partnersuche\/liebe-finden-durch-die-heilung-des-inneren-kindes\/\"><img loading=\"lazy\" decoding=\"async\" width=\"1080\" height=\"1080\" src=\"https:\/\/www.modernloveschool.com\/wp-content\/uploads\/2024\/11\/MLS-14-Inneres-Kind-Cover.png\" alt=\"Eine sich selbst umarmende Person findet Liebe durch die Heilung des inneren Kindes\" class=\"wp-image-18379\" srcset=\"https:\/\/www.modernloveschool.com\/wp-content\/uploads\/2024\/11\/MLS-14-Inneres-Kind-Cover.png 1080w, https:\/\/www.modernloveschool.com\/wp-content\/uploads\/2024\/11\/MLS-14-Inneres-Kind-Cover-200x200.png 200w, https:\/\/www.modernloveschool.com\/wp-content\/uploads\/2024\/11\/MLS-14-Inneres-Kind-Cover-400x400.png 400w, https:\/\/www.modernloveschool.com\/wp-content\/uploads\/2024\/11\/MLS-14-Inneres-Kind-Cover-800x800.png 800w, https:\/\/www.modernloveschool.com\/wp-content\/uploads\/2024\/11\/MLS-14-Inneres-Kind-Cover-1000x1000.png 1000w\" sizes=\"auto, (max-width: 1080px) 100vw, 1080px\" \/><\/a><\/figure>\n\n\n\n<div style=\"height:0px\" aria-hidden=\"true\" class=\"wp-block-spacer wp-container-content-1\"><\/div>\n\n\n\n<h2 class=\"wp-block-heading has-text-align-center has-text-color has-medium-font-size\" style=\"color:#000000\">Liebe finden durch die Heilung des inneren Kindes<\/h2>\n\n\n\n<p class=\"has-text-align-center\"><strong>Blockaden l\u00f6sen und innere Freiheit finden<\/strong><\/p>\n\n\n\n<p class=\"has-text-align-center\">Finde die Liebe, die du verdienst, indem du dein inneres Kind heilst! Der Kurs hilft dir, emotionale Blockaden zu l\u00f6sen, tiefe Wunden zu heilen und Muster zu erkennen, die dich zur\u00fcckhalten. Mit praktischen \u00dcbungen und Meditationen \u00f6ffnest du dich f\u00fcr erf\u00fcllende Partnerschaften und st\u00e4rkst dein Selbstwertgef\u00fchl.<\/p>\n\n\n\n<div style=\"height:0px\" aria-hidden=\"true\" class=\"wp-block-spacer wp-container-content-2\"><\/div>\n\n\n\n<div class=\"wp-block-buttons is-layout-flex wp-block-buttons-is-layout-flex\">\n<div class=\"wp-block-button has-custom-font-size has-medium-font-size\"><a class=\"wp-block-button__link has-text-color has-background wp-element-button\" href=\"https:\/\/www.modernloveschool.com\/de\/singles\/partnersuche\/liebe-finden-durch-die-heilung-des-inneren-kindes\/\" style=\"border-style:none;border-width:0px;border-radius:0px;color:#ffffff;background-color:#10a6e6\"><strong>Jetzt Kurs ansehen<\/strong><\/a><\/div>\n<\/div>\n<\/div>\n\n\n\n<hr class=\"wp-block-separator has-alpha-channel-opacity\"\/>\n<\/div>\n\n\n\n<div class=\"wp-block-column is-layout-flow wp-block-column-is-layout-flow\" style=\"flex-basis:25%\"><\/div>\n<\/div>\n\n\n\r\n<div class=\"post-link my-2\">\r\n  <div class=\"row align-items-center \">\r\n\r\n    <div class=\"col-12 col-md-6\">\r\n      <div class=\"img \">\r\n        <a href=\"https:\/\/www.modernloveschool.com\/de\/singles\/wie-die-heilung-des-inneren-kindes-deine-beziehungen-verbessert\/\">\r\n          <img decoding=\"async\" srcset=\"https:\/\/www.modernloveschool.com\/wp-content\/uploads\/2024\/11\/MLS-14-Inneres-Kind-Beziehungen-verbessen-01.jpg 1260w, https:\/\/www.modernloveschool.com\/wp-content\/uploads\/2024\/11\/MLS-14-Inneres-Kind-Beziehungen-verbessen-01-200x133.jpg 200w, https:\/\/www.modernloveschool.com\/wp-content\/uploads\/2024\/11\/MLS-14-Inneres-Kind-Beziehungen-verbessen-01-400x267.jpg 400w, https:\/\/www.modernloveschool.com\/wp-content\/uploads\/2024\/11\/MLS-14-Inneres-Kind-Beziehungen-verbessen-01-800x533.jpg 800w, https:\/\/www.modernloveschool.com\/wp-content\/uploads\/2024\/11\/MLS-14-Inneres-Kind-Beziehungen-verbessen-01-1000x667.jpg 1000w\" sizes=\"(min-width: 992px) 400px, (min-width: 768px) 330px, (min-width: 576px) 400px, calc(100vw - 30px)\" src=\"https:\/\/www.modernloveschool.com\/wp-content\/uploads\/2024\/11\/MLS-14-Inneres-Kind-Beziehungen-verbessen-01.jpg\" alt=\"Ein Paar spaziert durch die Natur.\" title=\"Wiederkehrende Beziehungsmuster entstehen oft durch ungeheilte Kindheitswunden.\" >        <\/a>\r\n      <\/div>\r\n    <\/div>\r\n\r\n    <div class=\"col-12 col-md-6\">\r\n      <div class=\"text\">\r\n        <h2 class=\"mt-md-0\"><a href=\"https:\/\/www.modernloveschool.com\/de\/singles\/wie-die-heilung-des-inneren-kindes-deine-beziehungen-verbessert\/\">Wie die Heilung des inneren Kindes deine Beziehungen verbessert<\/a><\/h2>\r\n              <\/div>\r\n    <\/div>\r\n  <\/div>\r\n<\/div>\n","protected":false},"excerpt":{"rendered":"<p>Stella Schultner Psychologie (B.Sc\/ MA.IA) Dating Expertin und Love Coach Liebeskummer, Dating-Frust oder das Gef\u00fchl, immer an die \u201eFalschen\u201c zu geraten \u2013 das sind die Herausforderungen, bei denen ich t\u00e4glich Menschen unterst\u00fctzen darf. Meine Mission ist klar: Liebe ist unsere wahre Natur. Nur weil wir nicht gelernt haben, zu lieben oder Liebe zu empfangen, bedeutet [&hellip;]<\/p>\n","protected":false},"author":4918,"featured_media":0,"parent":6960,"menu_order":0,"comment_status":"closed","ping_status":"closed","template":"","meta":{"_acf_changed":false,"footnotes":""},"class_list":["post-18406","page","type-page","status-publish","hentry"],"acf":[],"yoast_head":"<!-- This site is optimized with the Yoast SEO plugin v24.1 - https:\/\/yoast.com\/wordpress\/plugins\/seo\/ -->\n<title>Stella Schultner | Modern Love School<\/title>\n<meta name=\"robots\" content=\"index, follow, max-snippet:-1, max-image-preview:large, max-video-preview:-1\" \/>\n<link rel=\"canonical\" href=\"https:\/\/www.modernloveschool.com\/de\/autoren\/stella-schultner\/\" \/>\n<meta property=\"og:locale\" content=\"de_DE\" \/>\n<meta property=\"og:type\" content=\"article\" \/>\n<meta property=\"og:title\" content=\"Stella Schultner | Modern Love School\" \/>\n<meta property=\"og:description\" content=\"Stella Schultner Psychologie (B.Sc\/ MA.IA) Dating Expertin und Love Coach Liebeskummer, Dating-Frust oder das Gef\u00fchl, immer an die \u201eFalschen\u201c zu geraten \u2013 das sind die Herausforderungen, bei denen ich t\u00e4glich Menschen unterst\u00fctzen darf. Meine Mission ist klar: Liebe ist unsere wahre Natur. Nur weil wir nicht gelernt haben, zu lieben oder Liebe zu empfangen, bedeutet [&hellip;]\" \/>\n<meta property=\"og:url\" content=\"https:\/\/www.modernloveschool.com\/de\/autoren\/stella-schultner\/\" \/>\n<meta property=\"og:site_name\" content=\"Modern Love School\" \/>\n<meta property=\"article:publisher\" content=\"https:\/\/www.facebook.com\/ModernLoveSchool\/\" \/>\n<meta property=\"article:modified_time\" content=\"2024-11-27T16:20:25+00:00\" \/>\n<meta property=\"og:image\" content=\"https:\/\/www.modernloveschool.com\/wp-content\/uploads\/2024\/11\/MLS-Autoren-Stella-Schultner.png\" \/>\n<meta name=\"twitter:card\" content=\"summary_large_image\" \/>\n<meta name=\"twitter:label1\" content=\"Gesch\u00e4tzte Lesezeit\" \/>\n\t<meta name=\"twitter:data1\" content=\"2\u00a0Minuten\" \/>\n<script type=\"application\/ld+json\" class=\"yoast-schema-graph\">{\"@context\":\"https:\/\/schema.org\",\"@graph\":[{\"@type\":\"WebPage\",\"@id\":\"https:\/\/www.modernloveschool.com\/de\/autoren\/stella-schultner\/\",\"url\":\"https:\/\/www.modernloveschool.com\/de\/autoren\/stella-schultner\/\",\"name\":\"Stella Schultner | Modern Love School\",\"isPartOf\":{\"@id\":\"https:\/\/www.modernloveschool.com\/de\/#website\"},\"primaryImageOfPage\":{\"@id\":\"https:\/\/www.modernloveschool.com\/de\/autoren\/stella-schultner\/#primaryimage\"},\"image\":{\"@id\":\"https:\/\/www.modernloveschool.com\/de\/autoren\/stella-schultner\/#primaryimage\"},\"thumbnailUrl\":\"https:\/\/www.modernloveschool.com\/wp-content\/uploads\/2024\/11\/MLS-Autoren-Stella-Schultner.png\",\"datePublished\":\"2024-11-10T12:07:49+00:00\",\"dateModified\":\"2024-11-27T16:20:25+00:00\",\"breadcrumb\":{\"@id\":\"https:\/\/www.modernloveschool.com\/de\/autoren\/stella-schultner\/#breadcrumb\"},\"inLanguage\":\"de\",\"potentialAction\":[{\"@type\":\"ReadAction\",\"target\":[\"https:\/\/www.modernloveschool.com\/de\/autoren\/stella-schultner\/\"]}]},{\"@type\":\"ImageObject\",\"inLanguage\":\"de\",\"@id\":\"https:\/\/www.modernloveschool.com\/de\/autoren\/stella-schultner\/#primaryimage\",\"url\":\"https:\/\/www.modernloveschool.com\/wp-content\/uploads\/2024\/11\/MLS-Autoren-Stella-Schultner.png\",\"contentUrl\":\"https:\/\/www.modernloveschool.com\/wp-content\/uploads\/2024\/11\/MLS-Autoren-Stella-Schultner.png\"},{\"@type\":\"BreadcrumbList\",\"@id\":\"https:\/\/www.modernloveschool.com\/de\/autoren\/stella-schultner\/#breadcrumb\",\"itemListElement\":[{\"@type\":\"ListItem\",\"position\":1,\"name\":\"Home\",\"item\":\"https:\/\/www.modernloveschool.com\/de\/\"},{\"@type\":\"ListItem\",\"position\":2,\"name\":\"Autoren\",\"item\":\"https:\/\/www.modernloveschool.com\/de\/autoren\/\"},{\"@type\":\"ListItem\",\"position\":3,\"name\":\"Stella Schultner\"}]},{\"@type\":\"WebSite\",\"@id\":\"https:\/\/www.modernloveschool.com\/de\/#website\",\"url\":\"https:\/\/www.modernloveschool.com\/de\/\",\"name\":\"Modern Love School\",\"description\":\"Online Kurse rund um die Liebe\",\"publisher\":{\"@id\":\"https:\/\/www.modernloveschool.com\/de\/#organization\"},\"potentialAction\":[{\"@type\":\"SearchAction\",\"target\":{\"@type\":\"EntryPoint\",\"urlTemplate\":\"https:\/\/www.modernloveschool.com\/de\/?s={search_term_string}\"},\"query-input\":{\"@type\":\"PropertyValueSpecification\",\"valueRequired\":true,\"valueName\":\"search_term_string\"}}],\"inLanguage\":\"de\"},{\"@type\":\"Organization\",\"@id\":\"https:\/\/www.modernloveschool.com\/de\/#organization\",\"name\":\"Modern Love School GmbH\",\"url\":\"https:\/\/www.modernloveschool.com\/de\/\",\"logo\":{\"@type\":\"ImageObject\",\"inLanguage\":\"de\",\"@id\":\"https:\/\/www.modernloveschool.com\/de\/#\/schema\/logo\/image\/\",\"url\":\"\",\"contentUrl\":\"\",\"caption\":\"Modern Love School GmbH\"},\"image\":{\"@id\":\"https:\/\/www.modernloveschool.com\/de\/#\/schema\/logo\/image\/\"},\"sameAs\":[\"https:\/\/www.facebook.com\/ModernLoveSchool\/\",\"https:\/\/www.instagram.com\/modernloveschool\/\",\"https:\/\/www.pinterest.de\/modernloveschool\/\",\"https:\/\/www.youtube.com\/channel\/UCs5FbbRqySXdc9OdP8vF_WQ\"]}]}<\/script>\n<!-- \/ Yoast SEO plugin. -->","yoast_head_json":{"title":"Stella Schultner | Modern Love School","robots":{"index":"index","follow":"follow","max-snippet":"max-snippet:-1","max-image-preview":"max-image-preview:large","max-video-preview":"max-video-preview:-1"},"canonical":"https:\/\/www.modernloveschool.com\/de\/autoren\/stella-schultner\/","og_locale":"de_DE","og_type":"article","og_title":"Stella Schultner | Modern Love School","og_description":"Stella Schultner Psychologie (B.Sc\/ MA.IA) Dating Expertin und Love Coach Liebeskummer, Dating-Frust oder das Gef\u00fchl, immer an die \u201eFalschen\u201c zu geraten \u2013 das sind die Herausforderungen, bei denen ich t\u00e4glich Menschen unterst\u00fctzen darf. Meine Mission ist klar: Liebe ist unsere wahre Natur. Nur weil wir nicht gelernt haben, zu lieben oder Liebe zu empfangen, bedeutet [&hellip;]","og_url":"https:\/\/www.modernloveschool.com\/de\/autoren\/stella-schultner\/","og_site_name":"Modern Love School","article_publisher":"https:\/\/www.facebook.com\/ModernLoveSchool\/","article_modified_time":"2024-11-27T16:20:25+00:00","og_image":[{"url":"https:\/\/www.modernloveschool.com\/wp-content\/uploads\/2024\/11\/MLS-Autoren-Stella-Schultner.png","type":"","width":"","height":""}],"twitter_card":"summary_large_image","twitter_misc":{"Gesch\u00e4tzte Lesezeit":"2\u00a0Minuten"},"schema":{"@context":"https:\/\/schema.org","@graph":[{"@type":"WebPage","@id":"https:\/\/www.modernloveschool.com\/de\/autoren\/stella-schultner\/","url":"https:\/\/www.modernloveschool.com\/de\/autoren\/stella-schultner\/","name":"Stella Schultner | Modern Love School","isPartOf":{"@id":"https:\/\/www.modernloveschool.com\/de\/#website"},"primaryImageOfPage":{"@id":"https:\/\/www.modernloveschool.com\/de\/autoren\/stella-schultner\/#primaryimage"},"image":{"@id":"https:\/\/www.modernloveschool.com\/de\/autoren\/stella-schultner\/#primaryimage"},"thumbnailUrl":"https:\/\/www.modernloveschool.com\/wp-content\/uploads\/2024\/11\/MLS-Autoren-Stella-Schultner.png","datePublished":"2024-11-10T12:07:49+00:00","dateModified":"2024-11-27T16:20:25+00:00","breadcrumb":{"@id":"https:\/\/www.modernloveschool.com\/de\/autoren\/stella-schultner\/#breadcrumb"},"inLanguage":"de","potentialAction":[{"@type":"ReadAction","target":["https:\/\/www.modernloveschool.com\/de\/autoren\/stella-schultner\/"]}]},{"@type":"ImageObject","inLanguage":"de","@id":"https:\/\/www.modernloveschool.com\/de\/autoren\/stella-schultner\/#primaryimage","url":"https:\/\/www.modernloveschool.com\/wp-content\/uploads\/2024\/11\/MLS-Autoren-Stella-Schultner.png","contentUrl":"https:\/\/www.modernloveschool.com\/wp-content\/uploads\/2024\/11\/MLS-Autoren-Stella-Schultner.png"},{"@type":"BreadcrumbList","@id":"https:\/\/www.modernloveschool.com\/de\/autoren\/stella-schultner\/#breadcrumb","itemListElement":[{"@type":"ListItem","position":1,"name":"Home","item":"https:\/\/www.modernloveschool.com\/de\/"},{"@type":"ListItem","position":2,"name":"Autoren","item":"https:\/\/www.modernloveschool.com\/de\/autoren\/"},{"@type":"ListItem","position":3,"name":"Stella Schultner"}]},{"@type":"WebSite","@id":"https:\/\/www.modernloveschool.com\/de\/#website","url":"https:\/\/www.modernloveschool.com\/de\/","name":"Modern Love School","description":"Online Kurse rund um die Liebe","publisher":{"@id":"https:\/\/www.modernloveschool.com\/de\/#organization"},"potentialAction":[{"@type":"SearchAction","target":{"@type":"EntryPoint","urlTemplate":"https:\/\/www.modernloveschool.com\/de\/?s={search_term_string}"},"query-input":{"@type":"PropertyValueSpecification","valueRequired":true,"valueName":"search_term_string"}}],"inLanguage":"de"},{"@type":"Organization","@id":"https:\/\/www.modernloveschool.com\/de\/#organization","name":"Modern Love School GmbH","url":"https:\/\/www.modernloveschool.com\/de\/","logo":{"@type":"ImageObject","inLanguage":"de","@id":"https:\/\/www.modernloveschool.com\/de\/#\/schema\/logo\/image\/","url":"","contentUrl":"","caption":"Modern Love School GmbH"},"image":{"@id":"https:\/\/www.modernloveschool.com\/de\/#\/schema\/logo\/image\/"},"sameAs":["https:\/\/www.facebook.com\/ModernLoveSchool\/","https:\/\/www.instagram.com\/modernloveschool\/","https:\/\/www.pinterest.de\/modernloveschool\/","https:\/\/www.youtube.com\/channel\/UCs5FbbRqySXdc9OdP8vF_WQ"]}]}},"_links":{"self":[{"href":"https:\/\/www.modernloveschool.com\/de\/wp-json\/wp\/v2\/pages\/18406","targetHints":{"allow":["GET"]}}],"collection":[{"href":"https:\/\/www.modernloveschool.com\/de\/wp-json\/wp\/v2\/pages"}],"about":[{"href":"https:\/\/www.modernloveschool.com\/de\/wp-json\/wp\/v2\/types\/page"}],"author":[{"embeddable":true,"href":"https:\/\/www.modernloveschool.com\/de\/wp-json\/wp\/v2\/users\/4918"}],"replies":[{"embeddable":true,"href":"https:\/\/www.modernloveschool.com\/de\/wp-json\/wp\/v2\/comments?post=18406"}],"version-history":[{"count":10,"href":"https:\/\/www.modernloveschool.com\/de\/wp-json\/wp\/v2\/pages\/18406\/revisions"}],"predecessor-version":[{"id":18786,"href":"https:\/\/www.modernloveschool.com\/de\/wp-json\/wp\/v2\/pages\/18406\/revisions\/18786"}],"up":[{"embeddable":true,"href":"https:\/\/www.modernloveschool.com\/de\/wp-json\/wp\/v2\/pages\/6960"}],"wp:attachment":[{"href":"https:\/\/www.modernloveschool.com\/de\/wp-json\/wp\/v2\/media?parent=18406"}],"curies":[{"name":"wp","href":"https:\/\/api.w.org\/{rel}","templated":true}]}}