{"id":327,"date":"2019-03-13T10:48:29","date_gmt":"2019-03-13T10:48:29","guid":{"rendered":"http:\/\/dev.modernloveschool.com\/?page_id=327"},"modified":"2020-11-16T16:04:21","modified_gmt":"2020-11-16T16:04:21","slug":"ueber-uns","status":"publish","type":"page","link":"https:\/\/www.modernloveschool.com\/de\/ueber-uns\/","title":{"rendered":"\u00dcber uns"},"content":{"rendered":"<h1>Warum wir heute eine Modern Love School brauchen<\/h1>\n<p style=\"font-size: 22px;\">Ungest\u00fcmes Herzklopfen vor den ersten Dates, eine Anziehungskraft, die nicht losl\u00e4sst und vor lauter Sehnsucht nach dem n\u00e4chsten Wiedersehen fiebert. Einige trifft es unerwartet, andere verlieben sich bis \u00fcber beide Ohren, bei manchen bleiben die Gef\u00fchle jedoch unerwidert. Nichts ist so einfach und doch so kompliziert wie die Liebe.<\/p>\n<div id=\"attachment_1308\" style=\"width: 1010px\" class=\"wp-caption alignnone\"><img loading=\"lazy\" decoding=\"async\" aria-describedby=\"caption-attachment-1308\" class=\"size-lg wp-image-1308\" title=\"Photographie \u2013 Inga Sommer\" src=\"https:\/\/www.modernloveschool.com\/wp-content\/uploads\/2019\/06\/Modern-Love-School-Online-Kurse-About-Us-1-1000x602.jpg\" alt=\"\" width=\"1000\" height=\"602\" srcset=\"https:\/\/www.modernloveschool.com\/wp-content\/uploads\/2019\/06\/Modern-Love-School-Online-Kurse-About-Us-1-1000x602.jpg 1000w, https:\/\/www.modernloveschool.com\/wp-content\/uploads\/2019\/06\/Modern-Love-School-Online-Kurse-About-Us-1-200x120.jpg 200w, https:\/\/www.modernloveschool.com\/wp-content\/uploads\/2019\/06\/Modern-Love-School-Online-Kurse-About-Us-1-400x241.jpg 400w, https:\/\/www.modernloveschool.com\/wp-content\/uploads\/2019\/06\/Modern-Love-School-Online-Kurse-About-Us-1-800x481.jpg 800w, https:\/\/www.modernloveschool.com\/wp-content\/uploads\/2019\/06\/Modern-Love-School-Online-Kurse-About-Us-1.jpg 1160w\" sizes=\"auto, (max-width: 1000px) 100vw, 1000px\" \/><p id=\"caption-attachment-1308\" class=\"wp-caption-text\">Barbara Hamm und Eric Hegmann, die beiden Gr\u00fcnder der Modern Love School \u2013 Foto-Pause beim Spaziergang in Hamburg Ottensen<\/p><\/div>\n<p>Jeder Mensch braucht sie, um gl\u00fccklich zu sein. Doch der Weg von den gro\u00dfen Gef\u00fchlen bis in eine andauernde Partnerschaft verlangt viel. N\u00e4mlich die F\u00e4higkeit, auch an den unendlich vielen normalen Tagen des Alltags miteinander gl\u00fccklich zu sein.<\/p>\n<p>Jede Beziehung ist einzigartig. Die Liebe l\u00e4sst sich nicht in die Karte schauen. Wird sie \u00fcber die Jahre wachsen? Oder bleibt sie nur wenige Monate oder sogar nur f\u00fcr eine Nacht? Wer liebt, riskiert viel: Einmal auf sie eingelassen, fordern Trennungsschmerzen und ein verletzter Selbstwert ihren hohen Preis.<\/p>\n<blockquote><p>Die Liebe stellt jeden Menschen im Laufe seines Lebens vor Herausforderungen und wirft immer wieder neue Fragen auf.<\/p><\/blockquote>\n<p style=\"text-align: center;\">Eric Hegmann<\/p>\n<p>\u201eIch kann mich nicht binden\u201c ebenso wie \u201eich kann nie wieder vertrauen\u201c sind ganz typische Glaubenss\u00e4tze, die heute eine Partnerwahl vieler Singles erschweren. Aber auch scheinbar gl\u00fcckliche Beziehungen verlieren durch diese an Kraft gewinnenden Dynamiken ihre Sicherheit. Ganz egal in welcher Lebensphase wir uns befinden, ob als Teenager, junges Paar, Familie, Getrennte, Geschiedene oder Single. F\u00fcr diese Lebenssituationen bietet die Modern Love School als digitale Volkshochschule Menschen einen Ort, an dem sie lernen, mit den Herausforderungen besser zurecht zu kommen.<\/p>\n<h2>Oftmals bleiben die Erwartungen an eine Beziehung ungekl\u00e4rt<\/h2>\n<p>Der Partner f\u00fcrs Leben muss viele Rollen erf\u00fcllen. Er ist der engste Vertraute, Mutter oder Vater der gemeinsamen Kinder, Vorbild und Berater. Mit ihm teilen wir Mahlzeiten, Freude und Tr\u00e4nen, offenbaren unsere \u00c4ngste, erleben Abenteuer und teilen Banalit\u00e4ten, wachsen (gemeinsam) \u00fcber uns hinaus. \u00dcber viele Generationen hinweg haben sich die Erwartungen an eine Partnerschaft und das Gef\u00fchl zur Ehe immer wieder gewandelt. Noch vor 200 Jahren arrangierten sich Beziehungen, aus denen sich vor allem die Familie einen gewissen Status, Sicherheit und Vorteile versprachen. Eine echte Liebe war zweitrangig, in vielen Milieus sogar regelrecht verp\u00f6nt. Und ausgerechnet die Liebe und damit auch Beziehungen sollen uns heute Sicherheit geben. Sicherheit vor Ver\u00e4nderungen, die immer schneller jeden Tag von innen und au\u00dfen auf uns einprasseln. Vielleicht auch ein Grund, warum sich immer mehr Paare f\u00fcr die traditionelle Institution der Ehe als sicheren Hafen des Ankommens entscheiden.<\/p>\n<div id=\"attachment_1940\" style=\"width: 1010px\" class=\"wp-caption alignnone\"><img loading=\"lazy\" decoding=\"async\" aria-describedby=\"caption-attachment-1940\" class=\"size-lg wp-image-1940\" title=\"Photographie \u2013 Inga Sommer\" src=\"https:\/\/www.modernloveschool.com\/wp-content\/uploads\/2019\/07\/Love-School-Magazin-Ueber-uns-02-1000x666.jpg\" alt=\"\" width=\"1000\" height=\"666\" srcset=\"https:\/\/www.modernloveschool.com\/wp-content\/uploads\/2019\/07\/Love-School-Magazin-Ueber-uns-02-1000x666.jpg 1000w, https:\/\/www.modernloveschool.com\/wp-content\/uploads\/2019\/07\/Love-School-Magazin-Ueber-uns-02-200x133.jpg 200w, https:\/\/www.modernloveschool.com\/wp-content\/uploads\/2019\/07\/Love-School-Magazin-Ueber-uns-02-400x266.jpg 400w, https:\/\/www.modernloveschool.com\/wp-content\/uploads\/2019\/07\/Love-School-Magazin-Ueber-uns-02-800x533.jpg 800w, https:\/\/www.modernloveschool.com\/wp-content\/uploads\/2019\/07\/Love-School-Magazin-Ueber-uns-02.jpg 1240w\" sizes=\"auto, (max-width: 1000px) 100vw, 1000px\" \/><p id=\"caption-attachment-1940\" class=\"wp-caption-text\">Barbara Hamm und Eric Hegmann waren lange Arbeitskollegen (u.a. Verlagsgruppe Milchstra\u00dfe, Gruner und Jahr). Beide sind bis heute von den Lern-M\u00f6glichkeiten des Internets fasziniert.<\/p><\/div>\n<p>Trotzdem oder vor allem deswegen werden die enge Bindung und die Angst vor Verlust zu den st\u00e4rksten Herausforderungen in der Partnerwahl und damit auch f\u00fcr ein zufriedenes Lebensgef\u00fchl.<\/p>\n<h2>Wir sind \u00fcberzeugt: Jeder kann Liebe lernen<\/h2>\n<p>Einen Seelenpartner zu finden und sich mit ihm gemeinsam auf eine Zukunft einzulassen, ist f\u00fcr viele das h\u00f6chste Gut, noch vor Gesundheit und einem langem Leben. Allerdings wei\u00df jeder Paartherapeut, wie h\u00e4ufig Menschen \u00fcberfordert sind, eine solche gleichberechtigte, respektvolle Beziehung auf Augenh\u00f6he zu f\u00fchren. Selbst die Suche nach diesem Partner kann sich ersch\u00f6pfen. Denn wenn eine Auswahl so bedeutend wird, f\u00e4llt sie auch ganz besonders schwer. Sie macht Angst vor Fehlentscheidungen.<\/p>\n<p>Schulen mit ihren klassischen Lehrpl\u00e4nen sollen eigentlich auf das Leben vorbereiten. Aber bei vielen wesentlichen Fragen des Alltags lassen sie die Antworten offen. Wie k\u00f6nnen Beziehungen wachsen? Wie kann ich mich und die Muster meiner Handlungen besser verstehen? Wie finde ich meine innere Balance? Wie gehe ich am besten mit Konflikten um?<\/p>\n<p>Die Modern Love School wurde von Barbara Anna Hamm und Eric Hegmann gegr\u00fcndet, um einen Ort zu schaffen, wo angeboten wird, was der bisherige Lehrplan nicht hergegeben hat: Unterst\u00fctzung bei der Suche nach einem Partner oder bei Beziehungen. Die Online-Schule will aber nicht mit aller Macht Beziehungen retten oder Paare zusammenzuhalten. Vielmehr will sie ein besseres Verst\u00e4ndnis f\u00fcr eine gesunde Beziehung vermitteln, auch wenn dies bedeuten kann, loszulassen und sich zu trennen.\u201d<\/p>\n<blockquote><p>Online-Kurse haben viele Vorteile: Man kann sich \u00fcber eine Vorschau langsam herantasten. Der Kurs l\u00e4sst sich an jedem Ort ohne Anreise sofort starten und zu jeder Zeit im eigenen Tempo fortsetzen. Man erh\u00e4lt Unterlagen, die man Jahre sp\u00e4ter noch nutzen kann. Und: Viele Menschen k\u00f6nnen sich in den eigenen vier W\u00e4nden sehr viel besser auf ihren Fortschritt konzentrieren.<\/p><\/blockquote>\n<p style=\"text-align: center;\">Barbara Anna Hamm<\/p>\n<p>Mit der Modern Love School wollen Barbara Anna Hamm und Eric Hegmann Anst\u00f6\u00dfe geben \u2013 zu kleinen Ver\u00e4nderungen, aus denen gro\u00dfe Ver\u00e4nderungen zum Besseren wachsen k\u00f6nnen, ohne dabei ihren Suchenden etwas vorschreiben zu wollen. Sie setzen dabei sehr bewusst auf Hilfe zur Selbsthilfe, als eine moderne, digitale Volkshochschule der Liebe.<\/p>\n<div id=\"attachment_1942\" style=\"width: 1010px\" class=\"wp-caption alignnone\"><img loading=\"lazy\" decoding=\"async\" aria-describedby=\"caption-attachment-1942\" class=\"wp-image-1942 size-lg\" title=\"Photographie - Inga Sommer \" src=\"https:\/\/www.modernloveschool.com\/wp-content\/uploads\/2019\/07\/Love-School-Magazin-Ueber-uns-03-1000x666.jpg\" alt=\"\" width=\"1000\" height=\"666\" srcset=\"https:\/\/www.modernloveschool.com\/wp-content\/uploads\/2019\/07\/Love-School-Magazin-Ueber-uns-03-1000x666.jpg 1000w, https:\/\/www.modernloveschool.com\/wp-content\/uploads\/2019\/07\/Love-School-Magazin-Ueber-uns-03-200x133.jpg 200w, https:\/\/www.modernloveschool.com\/wp-content\/uploads\/2019\/07\/Love-School-Magazin-Ueber-uns-03-400x266.jpg 400w, https:\/\/www.modernloveschool.com\/wp-content\/uploads\/2019\/07\/Love-School-Magazin-Ueber-uns-03-800x533.jpg 800w, https:\/\/www.modernloveschool.com\/wp-content\/uploads\/2019\/07\/Love-School-Magazin-Ueber-uns-03.jpg 1240w\" sizes=\"auto, (max-width: 1000px) 100vw, 1000px\" \/><p id=\"caption-attachment-1942\" class=\"wp-caption-text\">Die beiden Gr\u00fcnder haben mit der Modern Love School noch viel vor: Das Kursprogramm soll ausgebaut, das Portal in weitere Sprachen \u00fcbersetzt werden.<\/p><\/div>\n<p>Ihnen ist es wichtig, <a href=\"https:\/\/www.modernloveschool.com\/de\/was-bringen-online-kurse-rund-um-liebe-partnerwahl-partnersuche-und-beziehung\/\">Online Kurse rund um die Liebe, Partnersuche, Partnerwahl und Partnerschaft<\/a> zu entwickeln, die auf wissenschaftlich fundierten Erkenntnissen beruhen. Sie bedienen sich nicht nur an technischen Innovationen, sondern legen auch gro\u00dfen Wert, eng mit ausgebildeten und erfahrenen Psychologen, Soziologen und Coaches zusammenzuarbeiten. Die Mischung aus erprobten Wissens- aber auch Ratgeberinhalten mit modernen, interaktiven E-Learning Anwendungen ist ausgewogen und auf die wirklichen Bed\u00fcrfnisse der Liebe Suchenden abgestimmt. Professionelle DozentInnen stehen jederzeit mit ihren Erfahrungen zur Seite. Das Angebot soll herausfordern, dabei neue Sichtweisen erm\u00f6glichen und dazu anregen, mit den richtigen Fragen und in eigener Reflexion die f\u00fcr sich passenden Antworten zu finden.<\/p>\n<p>In ihrer digitalen Volkshochschule stehen dazu verschiedene Kurse auf dem Lehrplan, zum Beispiel \u201eWie finde ich den richtigen Partner? \u2013 Der Online-Kurs f\u00fcr Singles\u201c oder \u201eWie gut passen wir zusammen? \u2013 Der gro\u00dfe Liebestest\u201c.<\/p>\n<p>Ihre Inhalte wollen vermitteln, wie sich eigene Emotionen und die anderer wahrnehmen und miteinander in Einklang bringen lassen, ohne sich dabei selbst zu verlieren. Denn h\u00e4ufig wird in Gef\u00fchlslagen oder \u00fcber den weiteren Weg von Partnerschaften schlicht aus dem Bauch heraus entschieden. Das ist oftmals sehr einseitig und zu kurz gesprungen, wei\u00df Eric Hegmann aus seiner langj\u00e4hrigen Erfahrung als Paarberater.<\/p>\n<blockquote><p>Mit unserem Angebot liefern wir keine Einheitsformeln oder geben Garantien. In unserer Vision der Modern Love School geht es vielmehr darum, eine neue Perspektive auf die eigene Situation zu gewinnen und sich dabei auch selbst zu hinterfragen. Nicht selten verharren wir in unserer gewohnten Denkweise und den daraus resultierenden Handlungen.Gemeinsam mit versierten Experten wollen wir mit einem Blick von au\u00dfen unterst\u00fctzen und auf neue Wege begleiten.<\/p><\/blockquote>\n<p style=\"text-align: center;\">Eric Hegmann<\/p>\n<div id=\"attachment_1949\" style=\"width: 330px\" class=\"wp-caption alignright\"><img loading=\"lazy\" decoding=\"async\" aria-describedby=\"caption-attachment-1949\" class=\"wp-image-1949 size-full\" title=\"Photographie - Inga Sommer \" src=\"https:\/\/www.modernloveschool.com\/wp-content\/uploads\/2019\/07\/Love-School-Magazin-Ueber-uns-05.png\" alt=\"\" width=\"320\" height=\"320\" srcset=\"https:\/\/www.modernloveschool.com\/wp-content\/uploads\/2019\/07\/Love-School-Magazin-Ueber-uns-05.png 640w, https:\/\/www.modernloveschool.com\/wp-content\/uploads\/2019\/07\/Love-School-Magazin-Ueber-uns-05-200x200.png 200w, https:\/\/www.modernloveschool.com\/wp-content\/uploads\/2019\/07\/Love-School-Magazin-Ueber-uns-05-400x400.png 400w\" sizes=\"auto, (max-width: 320px) 100vw, 320px\" \/><p id=\"caption-attachment-1949\" class=\"wp-caption-text\">Gr\u00fcnderin &#8211; Barbara Anna Hamm<\/p><\/div>\n<h3>Barbara Anna Hamm<\/h3>\n<p>Mit ihren Wurzeln in der P\u00e4dagogik und ihrer Leidenschaft f\u00fcr Didaktik ist Barbara Anna Hamm davon \u00fcberzeugt, dass sich mit fundierten, aber dennoch einfach zug\u00e4nglichen Methoden das Verst\u00e4ndnis f\u00fcr eine erfolgreiche Partnersuche und ausgef\u00fcllte Partnerschaft erlernen l\u00e4sst. Seit mehr als 25 Jahren pr\u00e4gt sie mit strategischer und digitaler Produktentwicklung die Vielseitigkeit der heutigen Medienlandschaft wie zum Beispiel als Chefredakteurin und Gesch\u00e4ftsf\u00fchrerin von stern.de oder als Director Business Strategy der Gruner + Jahr New Media Ventures. Sie hat zahlreiche Portale konzipiert als auch interdisziplin\u00e4r gesteuert \u2013 immer mit Blick auf die Bed\u00fcrfnisse der Konsumenten. Heute ber\u00e4t Barbara Anna Hamm als Digital Strategist Unternehmen branchen\u00fcbergreifend.<\/p>\n<p>In der Modern Love School treibt sie als CEO die strategische Entwicklung zur digitalen Volkshochschule der Liebe mit einem stetig wachsenden Kursangebot, Pers\u00f6nlichkeitstests und weiteren wegweisenden Formaten voran.<\/p>\n<div id=\"attachment_1950\" style=\"width: 330px\" class=\"wp-caption alignleft\"><img loading=\"lazy\" decoding=\"async\" aria-describedby=\"caption-attachment-1950\" class=\"wp-image-1950 size-full\" title=\"Photographie - Inga Sommer \" src=\"https:\/\/www.modernloveschool.com\/wp-content\/uploads\/2019\/07\/Love-School-Magazin-Ueber-uns-04.jpg\" alt=\"\" width=\"320\" height=\"320\" srcset=\"https:\/\/www.modernloveschool.com\/wp-content\/uploads\/2019\/07\/Love-School-Magazin-Ueber-uns-04.jpg 640w, https:\/\/www.modernloveschool.com\/wp-content\/uploads\/2019\/07\/Love-School-Magazin-Ueber-uns-04-200x200.jpg 200w, https:\/\/www.modernloveschool.com\/wp-content\/uploads\/2019\/07\/Love-School-Magazin-Ueber-uns-04-400x400.jpg 400w\" sizes=\"auto, (max-width: 320px) 100vw, 320px\" \/><p id=\"caption-attachment-1950\" class=\"wp-caption-text\">Gr\u00fcnder &#8211; Eric Hegmann<\/p><\/div>\n<h3>Eric Hegmann<\/h3>\n<p>Eric Hegmann ist einer der bekanntesten Paarberater, Single- und Beziehungs-Coaches im deutschsprachigen Raum. Die Gefahren virtueller Traumwelten beobachtet und bewertet er seit beinahe 20 Jahren und warnt vor der \u201eDisneyfizierung der Liebe\u201c. Als Mitglied des Parship-Expertenteams und Autor zahlreicher Publikationen m\u00f6chte Eric Hegmann Menschen als Gegenmittel zur wachsenden Bindungs- und Verlustangst wieder mehr Mut und Vertrauen ans Herz legen. Seit 2016 bietet er Online Kurse f\u00fcr die Kommunikation in Partnerschaften sowie rund um Bindungsverhalten und Beziehungskonflikte an. Dar\u00fcber hinaus besch\u00e4ftigt er sich als Chefredakteur des Online Magazins beziehungsweise-magazin.de mit der erfolgreichen Suche nach Liebe, die Verletzungen heilen kann, und ist als Moderator und Matchmaker der Dating-Sendung &#8222;N\u00e4chste Ausfahrt Liebe&#8220; t\u00e4glich in Sat.1 zu sehen. Als Chief Love Officer beobachtet Eric Hegmann die Bed\u00fcrfnisse von Liebe Suchenden, Verliebten und Liebenden und unterst\u00fctzt mit diesem Wissen die Kreation und inhaltliche Entwicklung der Kursangebote.<\/p>\n","protected":false},"excerpt":{"rendered":"<p>Warum wir heute eine Modern Love School brauchen Ungest\u00fcmes Herzklopfen vor den ersten Dates, eine Anziehungskraft, die nicht losl\u00e4sst und vor lauter Sehnsucht nach dem n\u00e4chsten Wiedersehen fiebert. Einige trifft es unerwartet, andere verlieben sich bis \u00fcber beide Ohren, bei manchen bleiben die Gef\u00fchle jedoch unerwidert. Nichts ist so einfach und doch so kompliziert wie [&hellip;]<\/p>\n","protected":false},"author":11,"featured_media":1395,"parent":0,"menu_order":0,"comment_status":"closed","ping_status":"closed","template":"page-template-narrow.php","meta":{"_acf_changed":false,"footnotes":""},"class_list":["post-327","page","type-page","status-publish","has-post-thumbnail","hentry"],"acf":[],"yoast_head":"<!-- This site is optimized with the Yoast SEO plugin v24.1 - https:\/\/yoast.com\/wordpress\/plugins\/seo\/ -->\n<title>\u00dcber uns: Modern Love School by Eric Hegmann | Modern Love School<\/title>\n<meta name=\"description\" content=\"Warum die Modern Love Scholl? Erfahre mehr \u00fcber ihre Gr\u00fcnder Barbara Anna Hamm und Eric Hegmann und die Ziele der Modern Love School.\" \/>\n<meta name=\"robots\" content=\"index, follow, max-snippet:-1, max-image-preview:large, max-video-preview:-1\" \/>\n<link rel=\"canonical\" href=\"https:\/\/www.modernloveschool.com\/de\/ueber-uns\/\" \/>\n<meta property=\"og:locale\" content=\"de_DE\" \/>\n<meta property=\"og:type\" content=\"article\" \/>\n<meta property=\"og:title\" content=\"\u00dcber uns: Modern Love School by Eric Hegmann | Modern Love School\" \/>\n<meta property=\"og:description\" content=\"Warum die Modern Love Scholl? Erfahre mehr \u00fcber ihre Gr\u00fcnder Barbara Anna Hamm und Eric Hegmann und die Ziele der Modern Love School.\" \/>\n<meta property=\"og:url\" content=\"https:\/\/www.modernloveschool.com\/de\/ueber-uns\/\" \/>\n<meta property=\"og:site_name\" content=\"Modern Love School\" \/>\n<meta property=\"article:publisher\" content=\"https:\/\/www.facebook.com\/ModernLoveSchool\/\" \/>\n<meta property=\"article:modified_time\" content=\"2020-11-16T16:04:21+00:00\" \/>\n<meta property=\"og:image\" content=\"https:\/\/www.modernloveschool.com\/wp-content\/uploads\/2019\/06\/Love-School-Magazin-Ueber-uns-01.jpg\" \/>\n\t<meta property=\"og:image:width\" content=\"1220\" \/>\n\t<meta property=\"og:image:height\" content=\"1220\" \/>\n\t<meta property=\"og:image:type\" content=\"image\/jpeg\" \/>\n<meta name=\"twitter:card\" content=\"summary_large_image\" \/>\n<meta name=\"twitter:label1\" content=\"Gesch\u00e4tzte Lesezeit\" \/>\n\t<meta name=\"twitter:data1\" content=\"7\u00a0Minuten\" \/>\n<script type=\"application\/ld+json\" class=\"yoast-schema-graph\">{\"@context\":\"https:\/\/schema.org\",\"@graph\":[{\"@type\":\"WebPage\",\"@id\":\"https:\/\/www.modernloveschool.com\/de\/ueber-uns\/\",\"url\":\"https:\/\/www.modernloveschool.com\/de\/ueber-uns\/\",\"name\":\"\u00dcber uns: Modern Love School by Eric Hegmann | Modern Love School\",\"isPartOf\":{\"@id\":\"https:\/\/www.modernloveschool.com\/de\/#website\"},\"primaryImageOfPage\":{\"@id\":\"https:\/\/www.modernloveschool.com\/de\/ueber-uns\/#primaryimage\"},\"image\":{\"@id\":\"https:\/\/www.modernloveschool.com\/de\/ueber-uns\/#primaryimage\"},\"thumbnailUrl\":\"https:\/\/www.modernloveschool.com\/wp-content\/uploads\/2019\/06\/Love-School-Magazin-Ueber-uns-01.jpg\",\"datePublished\":\"2019-03-13T10:48:29+00:00\",\"dateModified\":\"2020-11-16T16:04:21+00:00\",\"description\":\"Warum die Modern Love Scholl? Erfahre mehr \u00fcber ihre Gr\u00fcnder Barbara Anna Hamm und Eric Hegmann und die Ziele der Modern Love School.\",\"breadcrumb\":{\"@id\":\"https:\/\/www.modernloveschool.com\/de\/ueber-uns\/#breadcrumb\"},\"inLanguage\":\"de\",\"potentialAction\":[{\"@type\":\"ReadAction\",\"target\":[\"https:\/\/www.modernloveschool.com\/de\/ueber-uns\/\"]}]},{\"@type\":\"ImageObject\",\"inLanguage\":\"de\",\"@id\":\"https:\/\/www.modernloveschool.com\/de\/ueber-uns\/#primaryimage\",\"url\":\"https:\/\/www.modernloveschool.com\/wp-content\/uploads\/2019\/06\/Love-School-Magazin-Ueber-uns-01.jpg\",\"contentUrl\":\"https:\/\/www.modernloveschool.com\/wp-content\/uploads\/2019\/06\/Love-School-Magazin-Ueber-uns-01.jpg\",\"width\":1220,\"height\":1220,\"caption\":\"Barbara Hamm und Eric Hegmann, die beiden Gr\u00fcnder der Modern Love School \u2013 Foto-Pause beim Spaziergang in Hamburg Ottensen\"},{\"@type\":\"BreadcrumbList\",\"@id\":\"https:\/\/www.modernloveschool.com\/de\/ueber-uns\/#breadcrumb\",\"itemListElement\":[{\"@type\":\"ListItem\",\"position\":1,\"name\":\"Home\",\"item\":\"https:\/\/www.modernloveschool.com\/de\/\"},{\"@type\":\"ListItem\",\"position\":2,\"name\":\"\u00dcber uns\"}]},{\"@type\":\"WebSite\",\"@id\":\"https:\/\/www.modernloveschool.com\/de\/#website\",\"url\":\"https:\/\/www.modernloveschool.com\/de\/\",\"name\":\"Modern Love School\",\"description\":\"Online Kurse rund um die Liebe\",\"publisher\":{\"@id\":\"https:\/\/www.modernloveschool.com\/de\/#organization\"},\"potentialAction\":[{\"@type\":\"SearchAction\",\"target\":{\"@type\":\"EntryPoint\",\"urlTemplate\":\"https:\/\/www.modernloveschool.com\/de\/?s={search_term_string}\"},\"query-input\":{\"@type\":\"PropertyValueSpecification\",\"valueRequired\":true,\"valueName\":\"search_term_string\"}}],\"inLanguage\":\"de\"},{\"@type\":\"Organization\",\"@id\":\"https:\/\/www.modernloveschool.com\/de\/#organization\",\"name\":\"Modern Love School GmbH\",\"url\":\"https:\/\/www.modernloveschool.com\/de\/\",\"logo\":{\"@type\":\"ImageObject\",\"inLanguage\":\"de\",\"@id\":\"https:\/\/www.modernloveschool.com\/de\/#\/schema\/logo\/image\/\",\"url\":\"\",\"contentUrl\":\"\",\"caption\":\"Modern Love School GmbH\"},\"image\":{\"@id\":\"https:\/\/www.modernloveschool.com\/de\/#\/schema\/logo\/image\/\"},\"sameAs\":[\"https:\/\/www.facebook.com\/ModernLoveSchool\/\",\"https:\/\/www.instagram.com\/modernloveschool\/\",\"https:\/\/www.pinterest.de\/modernloveschool\/\",\"https:\/\/www.youtube.com\/channel\/UCs5FbbRqySXdc9OdP8vF_WQ\"]}]}<\/script>\n<!-- \/ Yoast SEO plugin. -->","yoast_head_json":{"title":"\u00dcber uns: Modern Love School by Eric Hegmann | Modern Love School","description":"Warum die Modern Love Scholl? Erfahre mehr \u00fcber ihre Gr\u00fcnder Barbara Anna Hamm und Eric Hegmann und die Ziele der Modern Love School.","robots":{"index":"index","follow":"follow","max-snippet":"max-snippet:-1","max-image-preview":"max-image-preview:large","max-video-preview":"max-video-preview:-1"},"canonical":"https:\/\/www.modernloveschool.com\/de\/ueber-uns\/","og_locale":"de_DE","og_type":"article","og_title":"\u00dcber uns: Modern Love School by Eric Hegmann | Modern Love School","og_description":"Warum die Modern Love Scholl? Erfahre mehr \u00fcber ihre Gr\u00fcnder Barbara Anna Hamm und Eric Hegmann und die Ziele der Modern Love School.","og_url":"https:\/\/www.modernloveschool.com\/de\/ueber-uns\/","og_site_name":"Modern Love School","article_publisher":"https:\/\/www.facebook.com\/ModernLoveSchool\/","article_modified_time":"2020-11-16T16:04:21+00:00","og_image":[{"width":1220,"height":1220,"url":"https:\/\/www.modernloveschool.com\/wp-content\/uploads\/2019\/06\/Love-School-Magazin-Ueber-uns-01.jpg","type":"image\/jpeg"}],"twitter_card":"summary_large_image","twitter_misc":{"Gesch\u00e4tzte Lesezeit":"7\u00a0Minuten"},"schema":{"@context":"https:\/\/schema.org","@graph":[{"@type":"WebPage","@id":"https:\/\/www.modernloveschool.com\/de\/ueber-uns\/","url":"https:\/\/www.modernloveschool.com\/de\/ueber-uns\/","name":"\u00dcber uns: Modern Love School by Eric Hegmann | Modern Love School","isPartOf":{"@id":"https:\/\/www.modernloveschool.com\/de\/#website"},"primaryImageOfPage":{"@id":"https:\/\/www.modernloveschool.com\/de\/ueber-uns\/#primaryimage"},"image":{"@id":"https:\/\/www.modernloveschool.com\/de\/ueber-uns\/#primaryimage"},"thumbnailUrl":"https:\/\/www.modernloveschool.com\/wp-content\/uploads\/2019\/06\/Love-School-Magazin-Ueber-uns-01.jpg","datePublished":"2019-03-13T10:48:29+00:00","dateModified":"2020-11-16T16:04:21+00:00","description":"Warum die Modern Love Scholl? Erfahre mehr \u00fcber ihre Gr\u00fcnder Barbara Anna Hamm und Eric Hegmann und die Ziele der Modern Love School.","breadcrumb":{"@id":"https:\/\/www.modernloveschool.com\/de\/ueber-uns\/#breadcrumb"},"inLanguage":"de","potentialAction":[{"@type":"ReadAction","target":["https:\/\/www.modernloveschool.com\/de\/ueber-uns\/"]}]},{"@type":"ImageObject","inLanguage":"de","@id":"https:\/\/www.modernloveschool.com\/de\/ueber-uns\/#primaryimage","url":"https:\/\/www.modernloveschool.com\/wp-content\/uploads\/2019\/06\/Love-School-Magazin-Ueber-uns-01.jpg","contentUrl":"https:\/\/www.modernloveschool.com\/wp-content\/uploads\/2019\/06\/Love-School-Magazin-Ueber-uns-01.jpg","width":1220,"height":1220,"caption":"Barbara Hamm und Eric Hegmann, die beiden Gr\u00fcnder der Modern Love School \u2013 Foto-Pause beim Spaziergang in Hamburg Ottensen"},{"@type":"BreadcrumbList","@id":"https:\/\/www.modernloveschool.com\/de\/ueber-uns\/#breadcrumb","itemListElement":[{"@type":"ListItem","position":1,"name":"Home","item":"https:\/\/www.modernloveschool.com\/de\/"},{"@type":"ListItem","position":2,"name":"\u00dcber uns"}]},{"@type":"WebSite","@id":"https:\/\/www.modernloveschool.com\/de\/#website","url":"https:\/\/www.modernloveschool.com\/de\/","name":"Modern Love School","description":"Online Kurse rund um die Liebe","publisher":{"@id":"https:\/\/www.modernloveschool.com\/de\/#organization"},"potentialAction":[{"@type":"SearchAction","target":{"@type":"EntryPoint","urlTemplate":"https:\/\/www.modernloveschool.com\/de\/?s={search_term_string}"},"query-input":{"@type":"PropertyValueSpecification","valueRequired":true,"valueName":"search_term_string"}}],"inLanguage":"de"},{"@type":"Organization","@id":"https:\/\/www.modernloveschool.com\/de\/#organization","name":"Modern Love School GmbH","url":"https:\/\/www.modernloveschool.com\/de\/","logo":{"@type":"ImageObject","inLanguage":"de","@id":"https:\/\/www.modernloveschool.com\/de\/#\/schema\/logo\/image\/","url":"","contentUrl":"","caption":"Modern Love School GmbH"},"image":{"@id":"https:\/\/www.modernloveschool.com\/de\/#\/schema\/logo\/image\/"},"sameAs":["https:\/\/www.facebook.com\/ModernLoveSchool\/","https:\/\/www.instagram.com\/modernloveschool\/","https:\/\/www.pinterest.de\/modernloveschool\/","https:\/\/www.youtube.com\/channel\/UCs5FbbRqySXdc9OdP8vF_WQ"]}]}},"_links":{"self":[{"href":"https:\/\/www.modernloveschool.com\/de\/wp-json\/wp\/v2\/pages\/327","targetHints":{"allow":["GET"]}}],"collection":[{"href":"https:\/\/www.modernloveschool.com\/de\/wp-json\/wp\/v2\/pages"}],"about":[{"href":"https:\/\/www.modernloveschool.com\/de\/wp-json\/wp\/v2\/types\/page"}],"author":[{"embeddable":true,"href":"https:\/\/www.modernloveschool.com\/de\/wp-json\/wp\/v2\/users\/11"}],"replies":[{"embeddable":true,"href":"https:\/\/www.modernloveschool.com\/de\/wp-json\/wp\/v2\/comments?post=327"}],"version-history":[{"count":52,"href":"https:\/\/www.modernloveschool.com\/de\/wp-json\/wp\/v2\/pages\/327\/revisions"}],"predecessor-version":[{"id":4180,"href":"https:\/\/www.modernloveschool.com\/de\/wp-json\/wp\/v2\/pages\/327\/revisions\/4180"}],"wp:featuredmedia":[{"embeddable":true,"href":"https:\/\/www.modernloveschool.com\/de\/wp-json\/wp\/v2\/media\/1395"}],"wp:attachment":[{"href":"https:\/\/www.modernloveschool.com\/de\/wp-json\/wp\/v2\/media?parent=327"}],"curies":[{"name":"wp","href":"https:\/\/api.w.org\/{rel}","templated":true}]}}