{"id":7201,"date":"2020-11-18T17:33:29","date_gmt":"2020-11-18T17:33:29","guid":{"rendered":"https:\/\/www.modernloveschool.com\/?page_id=7201"},"modified":"2020-11-24T10:07:22","modified_gmt":"2020-11-24T10:07:22","slug":"birgit-ehrenberg","status":"publish","type":"page","link":"https:\/\/www.modernloveschool.com\/de\/autoren\/birgit-ehrenberg\/","title":{"rendered":"Birgit Ehrenberg"},"content":{"rendered":"<div class=\"wpb-content-wrapper\"><p>[vc_row content_placement=&#8220;middle&#8220; css=&#8220;.vc_custom_1605625742126{margin-top: 50px !important;}&#8220;][vc_column width=&#8220;1\/4&#8243;][\/vc_column][vc_column width=&#8220;1\/2&#8243;][vc_column_text]<\/p>\n<h1 style=\"text-align: center;\">Birgit Ehrenberg<\/h1>\n<p>[\/vc_column_text][vc_column_text]<\/p>\n<div id=\"attachment_7204\" style=\"width: 330px\" class=\"wp-caption aligncenter\"><img loading=\"lazy\" decoding=\"async\" aria-describedby=\"caption-attachment-7204\" class=\"size-full wp-image-7204\" title=\"Birgit Ehrenberg\" src=\"https:\/\/www.modernloveschool.com\/wp-content\/uploads\/2020\/11\/Modern-Love-School-Autor-Birgit-Ehrenberg.jpg\" alt=\"\" width=\"320\" height=\"320\" srcset=\"https:\/\/www.modernloveschool.com\/wp-content\/uploads\/2020\/11\/Modern-Love-School-Autor-Birgit-Ehrenberg.jpg 640w, https:\/\/www.modernloveschool.com\/wp-content\/uploads\/2020\/11\/Modern-Love-School-Autor-Birgit-Ehrenberg-200x200.jpg 200w, https:\/\/www.modernloveschool.com\/wp-content\/uploads\/2020\/11\/Modern-Love-School-Autor-Birgit-Ehrenberg-400x400.jpg 400w\" sizes=\"auto, (max-width: 320px) 100vw, 320px\" \/><p id=\"caption-attachment-7204\" class=\"wp-caption-text\">Birgit Ehrenberg<\/p><\/div>\n<p>[\/vc_column_text][vc_column_text]<\/p>\n<p style=\"font-size: 22px; text-align: center;\">Philosophin, Liebes-Forscherin<\/p>\n<p style=\"text-align: center;\">Birgit Ehrenberg, geboren 1962, ist Journalistin und studierte Philosophin. Sie begleitet und unterst\u00fctzt Menschen mit ihrer Expertise in existenziellen Fragen zur Liebe und ist seit vielen Jahren erfolgreiche Autorin zum Thema. Ihr j\u00fcngstes Buch: &#8222;Was passiert mit der Liebe, wenn der Partner zum Pflegefall wird&#8220;, erschienen im Rowohlt Verlag.<\/p>\n<p style=\"text-align: center;\"><strong>Kontakt:<\/strong> <a href=\"mailto:redaktion@modernloveschool.com\"> redaktion@modernloveschool.com<\/a><\/p>\n<p>[\/vc_column_text][\/vc_column][vc_column width=&#8220;1\/4&#8243;][\/vc_column][\/vc_row][vc_row disable_element=&#8220;yes&#8220;][vc_column][vc_wp_text]<\/p>\n<hr \/>\n<p>[\/vc_wp_text][\/vc_column][\/vc_row][vc_row disable_element=&#8220;yes&#8220;][vc_column width=&#8220;1\/3&#8243;][vc_column_text]<\/p>\n<h3>T\u00e4tigkeiten<\/h3>\n<ul>\n<li>Text <a href=\"#\">Link<\/a><\/li>\n<\/ul>\n<p>[\/vc_column_text][\/vc_column][vc_column width=&#8220;1\/3&#8243;][vc_column_text]<\/p>\n<h3>Qualifikationen<\/h3>\n<ul>\n<li>Text <a href=\"#\">Link<\/a><\/li>\n<\/ul>\n<p>[\/vc_column_text][\/vc_column][vc_column width=&#8220;1\/3&#8243;][vc_column_text]<\/p>\n<h3>Links<\/h3>\n<ul>\n<li>Text <a href=\"#\">Link<\/a><\/li>\n<\/ul>\n<p>[\/vc_column_text][\/vc_column][\/vc_row][vc_row][vc_column][vc_wp_text]<\/p>\n<hr \/>\n<p>[\/vc_wp_text][\/vc_column][\/vc_row][vc_row][vc_column][vc_wp_text]\r\n<div class=\"post-link my-2\">\r\n  <div class=\"row align-items-center \">\r\n\r\n    <div class=\"col-12 col-md-6\">\r\n      <div class=\"img \">\r\n        <a href=\"https:\/\/www.modernloveschool.com\/de\/liebeskummer\/es-ist-schluss-verlassen-werden-ploetzlich-und-unerwartet\/\">\r\n          <img decoding=\"async\" srcset=\"https:\/\/www.modernloveschool.com\/wp-content\/uploads\/2020\/07\/love-school-beziehung-kommunikation-es-ist-schluss-01.jpg 1220w, https:\/\/www.modernloveschool.com\/wp-content\/uploads\/2020\/07\/love-school-beziehung-kommunikation-es-ist-schluss-01-200x138.jpg 200w, https:\/\/www.modernloveschool.com\/wp-content\/uploads\/2020\/07\/love-school-beziehung-kommunikation-es-ist-schluss-01-400x275.jpg 400w, https:\/\/www.modernloveschool.com\/wp-content\/uploads\/2020\/07\/love-school-beziehung-kommunikation-es-ist-schluss-01-800x551.jpg 800w, https:\/\/www.modernloveschool.com\/wp-content\/uploads\/2020\/07\/love-school-beziehung-kommunikation-es-ist-schluss-01-1000x689.jpg 1000w\" sizes=\"(min-width: 992px) 400px, (min-width: 768px) 330px, (min-width: 576px) 400px, calc(100vw - 30px)\" src=\"https:\/\/www.modernloveschool.com\/wp-content\/uploads\/2020\/07\/love-school-beziehung-kommunikation-es-ist-schluss-01.jpg\" title=\"Photo by Olia Nayda on Unsplash\" >        <\/a>\r\n      <\/div>\r\n    <\/div>\r\n\r\n    <div class=\"col-12 col-md-6\">\r\n      <div class=\"text\">\r\n        <h2 class=\"mt-md-0\"><a href=\"https:\/\/www.modernloveschool.com\/de\/liebeskummer\/es-ist-schluss-verlassen-werden-ploetzlich-und-unerwartet\/\">Es ist Schlu\u00df! Verlassen werden, pl\u00f6tzlich und unerwartet<\/a><\/h2>\r\n        <p>Schlu\u00df gemacht wird heute immer h\u00e4ufiger ohne Ank\u00fcndigung. Warum verschwinden Personen ohne Erkl\u00e4rung pl\u00f6tzlich aus einem Leben, in dem sie sich kurz zuvor noch um einen Platz im Herzen beworben haben? Die Modern Love School Liebesforscherin und Philosophin Birgit Ehrenberg untersucht das Ph\u00e4nomen. <a href=\"https:\/\/www.modernloveschool.com\/de\/liebeskummer\/es-ist-schluss-verlassen-werden-ploetzlich-und-unerwartet\/\">Mehr...<\/a><\/p>\n      <\/div>\r\n    <\/div>\r\n  <\/div>\r\n<\/div><br \/>\n\r\n  <div class=\"post-row\">\r\n    <div class=\"row\">\r\n\r\n    \r\n      <div class=\"col-12 col-md-4 mt-5\">\r\n        <div class=\"img\">\r\n          <a href=\"https:\/\/www.modernloveschool.com\/de\/beziehung\/liebe-gefuehle\/was-ist-eigentlich-romantisch\/\">\r\n            <img decoding=\"async\" srcset=\"https:\/\/www.modernloveschool.com\/wp-content\/uploads\/2020\/06\/love-school-magazin-beziehung-liebe-gefuehle-was-ist-eigentlich-romantisch-01.jpg 1220w, https:\/\/www.modernloveschool.com\/wp-content\/uploads\/2020\/06\/love-school-magazin-beziehung-liebe-gefuehle-was-ist-eigentlich-romantisch-01-200x138.jpg 200w, https:\/\/www.modernloveschool.com\/wp-content\/uploads\/2020\/06\/love-school-magazin-beziehung-liebe-gefuehle-was-ist-eigentlich-romantisch-01-400x275.jpg 400w, https:\/\/www.modernloveschool.com\/wp-content\/uploads\/2020\/06\/love-school-magazin-beziehung-liebe-gefuehle-was-ist-eigentlich-romantisch-01-800x551.jpg 800w, https:\/\/www.modernloveschool.com\/wp-content\/uploads\/2020\/06\/love-school-magazin-beziehung-liebe-gefuehle-was-ist-eigentlich-romantisch-01-1000x689.jpg 1000w\" sizes=\"(min-width: 1200px) 350px, (min-width: 992px) 290px, (min-width: 768px) 210px, (min-width: 576px) 400px, calc(100vw - 30px)\" src=\"https:\/\/www.modernloveschool.com\/wp-content\/uploads\/2020\/06\/love-school-magazin-beziehung-liebe-gefuehle-was-ist-eigentlich-romantisch-01.jpg\" title=\"Photo by Jonathan Borba on Unsplash\" >          <\/a>\r\n        <\/div>\r\n        <div class=\"text\">\r\n          <h2><a href=\"https:\/\/www.modernloveschool.com\/de\/beziehung\/liebe-gefuehle\/was-ist-eigentlich-romantisch\/\">Was ist eigentlich romantisch?<\/a><\/h2>\r\n          <p>Einer mag es romantisch, einer wei\u00df damit gar nichts anzufangen. Philosophin Birgit Ehrenberg wei\u00df Rat. <a href=\"https:\/\/www.modernloveschool.com\/de\/beziehung\/liebe-gefuehle\/was-ist-eigentlich-romantisch\/\">Mehr...<\/a><\/p>\n        <\/div>\r\n      <\/div>\r\n\r\n    \r\n      <div class=\"col-12 col-md-4 mt-5\">\r\n        <div class=\"img\">\r\n          <a href=\"https:\/\/www.modernloveschool.com\/de\/singles\/partnersuche\/single-im-covid-19-fruehling-lass-dich-anstecken-von-hoffnung-und-liebe\/\">\r\n            <img decoding=\"async\" srcset=\"https:\/\/www.modernloveschool.com\/wp-content\/uploads\/2020\/04\/love-school-magazin-single-partneruche-single-im-covid-19-01.jpg 1220w, https:\/\/www.modernloveschool.com\/wp-content\/uploads\/2020\/04\/love-school-magazin-single-partneruche-single-im-covid-19-01-200x138.jpg 200w, https:\/\/www.modernloveschool.com\/wp-content\/uploads\/2020\/04\/love-school-magazin-single-partneruche-single-im-covid-19-01-400x275.jpg 400w, https:\/\/www.modernloveschool.com\/wp-content\/uploads\/2020\/04\/love-school-magazin-single-partneruche-single-im-covid-19-01-800x551.jpg 800w, https:\/\/www.modernloveschool.com\/wp-content\/uploads\/2020\/04\/love-school-magazin-single-partneruche-single-im-covid-19-01-1000x689.jpg 1000w\" sizes=\"(min-width: 1200px) 350px, (min-width: 992px) 290px, (min-width: 768px) 210px, (min-width: 576px) 400px, calc(100vw - 30px)\" src=\"https:\/\/www.modernloveschool.com\/wp-content\/uploads\/2020\/04\/love-school-magazin-single-partneruche-single-im-covid-19-01.jpg\" title=\"Photo by Trent Szmolnik on Unsplash\" >          <\/a>\r\n        <\/div>\r\n        <div class=\"text\">\r\n          <h2><a href=\"https:\/\/www.modernloveschool.com\/de\/singles\/partnersuche\/single-im-covid-19-fruehling-lass-dich-anstecken-von-hoffnung-und-liebe\/\">Single und Corona: Lass dich anstecken von Hoffnung und Liebe!<\/a><\/h2>\r\n          <p>Wie l\u00e4sst sich Einsamkeit und Isolation ertragen? Mach dir bewusst, dass es weitergehen wird, dass du weitergehen wirst! F\u00fcr die Modern Love School macht Philosophin und Liebesforscherin Birgit Ehrenberg allen Singles nun Mut. Lass dich anstecken \u2013 von der Hoffnung und der Liebe! <a href=\"https:\/\/www.modernloveschool.com\/de\/singles\/partnersuche\/single-im-covid-19-fruehling-lass-dich-anstecken-von-hoffnung-und-liebe\/\">Mehr...<\/a><\/p>\n        <\/div>\r\n      <\/div>\r\n\r\n    \r\n      <div class=\"col-12 col-md-4 mt-5\">\r\n        <div class=\"img\">\r\n          <a href=\"https:\/\/www.modernloveschool.com\/de\/beziehung\/liebe-gefuehle\/was-macht-corona-mit-der-liebe\/\">\r\n            <img decoding=\"async\" srcset=\"https:\/\/www.modernloveschool.com\/wp-content\/uploads\/2020\/03\/love-school-magazin-beziehung-liebe-gefuehle-Was-macht-Corona-mit-der-Liebe-01.jpg 1220w, https:\/\/www.modernloveschool.com\/wp-content\/uploads\/2020\/03\/love-school-magazin-beziehung-liebe-gefuehle-Was-macht-Corona-mit-der-Liebe-01-200x138.jpg 200w, https:\/\/www.modernloveschool.com\/wp-content\/uploads\/2020\/03\/love-school-magazin-beziehung-liebe-gefuehle-Was-macht-Corona-mit-der-Liebe-01-400x275.jpg 400w, https:\/\/www.modernloveschool.com\/wp-content\/uploads\/2020\/03\/love-school-magazin-beziehung-liebe-gefuehle-Was-macht-Corona-mit-der-Liebe-01-800x551.jpg 800w, https:\/\/www.modernloveschool.com\/wp-content\/uploads\/2020\/03\/love-school-magazin-beziehung-liebe-gefuehle-Was-macht-Corona-mit-der-Liebe-01-1000x689.jpg 1000w\" sizes=\"(min-width: 1200px) 350px, (min-width: 992px) 290px, (min-width: 768px) 210px, (min-width: 576px) 400px, calc(100vw - 30px)\" src=\"https:\/\/www.modernloveschool.com\/wp-content\/uploads\/2020\/03\/love-school-magazin-beziehung-liebe-gefuehle-Was-macht-Corona-mit-der-Liebe-01.jpg\" title=\"Photo by Evershot on Unsplash\" >          <\/a>\r\n        <\/div>\r\n        <div class=\"text\">\r\n          <h2><a href=\"https:\/\/www.modernloveschool.com\/de\/beziehung\/liebe-gefuehle\/was-macht-corona-mit-der-liebe\/\">Was macht Corona mit der Liebe?<\/a><\/h2>\r\n          <p>Ist die Liebe st\u00e4rker oder der Corona Virus? Wie ver\u00e4ndert der Virus unsere Partnerschaften? Wie kr\u00e4ftigen Paare jetzt ihre Liebe, das Immunsystem ihrer Beziehung? Philosophin und Liebesforscherin Birgit Ehrenberg geht f\u00fcr die Modern Love School der Frage nach, wie Paare jetzt ihre Lieben und ihre Bindung, das Immunsystem ihrer Beziehung, kr\u00e4ftigen k\u00f6nnen. <a href=\"https:\/\/www.modernloveschool.com\/de\/beziehung\/liebe-gefuehle\/was-macht-corona-mit-der-liebe\/\">Mehr...<\/a><\/p>\n        <\/div>\r\n      <\/div>\r\n\r\n    \r\n    <\/div>\r\n  <\/div>\r\n\r\n<br \/>\n\r\n    <div class=\"post-list\">\r\n\r\n      \r\n        <h4>Single Sein beenden <a class=\"more\" href=\"https:\/\/www.modernloveschool.com\/de\/singles\/single-sein-beenden\/\">Mehr...<\/a><\/h4>\r\n\r\n      \r\n        <h4>Liebeskrank, weil dein Herz gebrochen wurde <a class=\"more\" href=\"https:\/\/www.modernloveschool.com\/de\/liebeskummer\/liebeskrank-weil-dein-herz-gebrochen-wurde\/\">Mehr...<\/a><\/h4>\r\n\r\n      \r\n        <h4>H\u00e4lt unsere Beziehung? <a class=\"more\" href=\"https:\/\/www.modernloveschool.com\/de\/beziehung\/haelt-unsere-beziehung\/\">Mehr...<\/a><\/h4>\r\n\r\n      \r\n          <\/div>\r\n\r\n  [\/vc_wp_text][\/vc_column][\/vc_row]<\/p>\n<\/div>","protected":false},"excerpt":{"rendered":"<p>[vc_row content_placement=&#8220;middle&#8220; css=&#8220;.vc_custom_1605625742126{margin-top: 50px !important;}&#8220;][vc_column width=&#8220;1\/4&#8243;][\/vc_column][vc_column width=&#8220;1\/2&#8243;][vc_column_text] Birgit Ehrenberg [\/vc_column_text][vc_column_text] [\/vc_column_text][vc_column_text] Philosophin, Liebes-Forscherin Birgit Ehrenberg, geboren 1962, ist Journalistin und studierte Philosophin. Sie begleitet und unterst\u00fctzt Menschen mit ihrer Expertise in existenziellen Fragen zur Liebe und ist seit vielen Jahren erfolgreiche Autorin zum Thema. Ihr j\u00fcngstes Buch: &#8222;Was passiert mit der Liebe, wenn der Partner [&hellip;]<\/p>\n","protected":false},"author":1,"featured_media":0,"parent":6960,"menu_order":0,"comment_status":"closed","ping_status":"closed","template":"","meta":{"_acf_changed":false,"footnotes":""},"class_list":["post-7201","page","type-page","status-publish","hentry"],"acf":[],"yoast_head":"<!-- This site is optimized with the Yoast SEO plugin v24.1 - https:\/\/yoast.com\/wordpress\/plugins\/seo\/ -->\n<title>Birgit Ehrenberg | Modern Love School<\/title>\n<meta name=\"robots\" content=\"index, follow, max-snippet:-1, max-image-preview:large, max-video-preview:-1\" \/>\n<link rel=\"canonical\" href=\"https:\/\/www.modernloveschool.com\/de\/autoren\/birgit-ehrenberg\/\" \/>\n<meta property=\"og:locale\" content=\"de_DE\" \/>\n<meta property=\"og:type\" content=\"article\" \/>\n<meta property=\"og:title\" content=\"Birgit Ehrenberg | Modern Love School\" \/>\n<meta property=\"og:description\" content=\"[vc_row content_placement=&#8220;middle&#8220; css=&#8220;.vc_custom_1605625742126{margin-top: 50px !important;}&#8220;][vc_column width=&#8220;1\/4&#8243;][\/vc_column][vc_column width=&#8220;1\/2&#8243;][vc_column_text] Birgit Ehrenberg [\/vc_column_text][vc_column_text] [\/vc_column_text][vc_column_text] Philosophin, Liebes-Forscherin Birgit Ehrenberg, geboren 1962, ist Journalistin und studierte Philosophin. Sie begleitet und unterst\u00fctzt Menschen mit ihrer Expertise in existenziellen Fragen zur Liebe und ist seit vielen Jahren erfolgreiche Autorin zum Thema. Ihr j\u00fcngstes Buch: &#8222;Was passiert mit der Liebe, wenn der Partner [&hellip;]\" \/>\n<meta property=\"og:url\" content=\"https:\/\/www.modernloveschool.com\/de\/autoren\/birgit-ehrenberg\/\" \/>\n<meta property=\"og:site_name\" content=\"Modern Love School\" \/>\n<meta property=\"article:publisher\" content=\"https:\/\/www.facebook.com\/ModernLoveSchool\/\" \/>\n<meta property=\"article:modified_time\" content=\"2020-11-24T10:07:22+00:00\" \/>\n<meta property=\"og:image\" content=\"https:\/\/www.modernloveschool.com\/wp-content\/uploads\/2020\/11\/Modern-Love-School-Autor-Birgit-Ehrenberg.jpg\" \/>\n<meta name=\"twitter:card\" content=\"summary_large_image\" \/>\n<meta name=\"twitter:label1\" content=\"Gesch\u00e4tzte Lesezeit\" \/>\n\t<meta name=\"twitter:data1\" content=\"1\u00a0Minute\" \/>\n<script type=\"application\/ld+json\" class=\"yoast-schema-graph\">{\"@context\":\"https:\/\/schema.org\",\"@graph\":[{\"@type\":\"WebPage\",\"@id\":\"https:\/\/www.modernloveschool.com\/de\/autoren\/birgit-ehrenberg\/\",\"url\":\"https:\/\/www.modernloveschool.com\/de\/autoren\/birgit-ehrenberg\/\",\"name\":\"Birgit Ehrenberg | Modern Love School\",\"isPartOf\":{\"@id\":\"https:\/\/www.modernloveschool.com\/de\/#website\"},\"primaryImageOfPage\":{\"@id\":\"https:\/\/www.modernloveschool.com\/de\/autoren\/birgit-ehrenberg\/#primaryimage\"},\"image\":{\"@id\":\"https:\/\/www.modernloveschool.com\/de\/autoren\/birgit-ehrenberg\/#primaryimage\"},\"thumbnailUrl\":\"https:\/\/www.modernloveschool.com\/wp-content\/uploads\/2020\/11\/Modern-Love-School-Autor-Birgit-Ehrenberg.jpg\",\"datePublished\":\"2020-11-18T17:33:29+00:00\",\"dateModified\":\"2020-11-24T10:07:22+00:00\",\"breadcrumb\":{\"@id\":\"https:\/\/www.modernloveschool.com\/de\/autoren\/birgit-ehrenberg\/#breadcrumb\"},\"inLanguage\":\"de\",\"potentialAction\":[{\"@type\":\"ReadAction\",\"target\":[\"https:\/\/www.modernloveschool.com\/de\/autoren\/birgit-ehrenberg\/\"]}]},{\"@type\":\"ImageObject\",\"inLanguage\":\"de\",\"@id\":\"https:\/\/www.modernloveschool.com\/de\/autoren\/birgit-ehrenberg\/#primaryimage\",\"url\":\"https:\/\/www.modernloveschool.com\/wp-content\/uploads\/2020\/11\/Modern-Love-School-Autor-Birgit-Ehrenberg.jpg\",\"contentUrl\":\"https:\/\/www.modernloveschool.com\/wp-content\/uploads\/2020\/11\/Modern-Love-School-Autor-Birgit-Ehrenberg.jpg\"},{\"@type\":\"BreadcrumbList\",\"@id\":\"https:\/\/www.modernloveschool.com\/de\/autoren\/birgit-ehrenberg\/#breadcrumb\",\"itemListElement\":[{\"@type\":\"ListItem\",\"position\":1,\"name\":\"Home\",\"item\":\"https:\/\/www.modernloveschool.com\/de\/\"},{\"@type\":\"ListItem\",\"position\":2,\"name\":\"Autoren\",\"item\":\"https:\/\/www.modernloveschool.com\/de\/autoren\/\"},{\"@type\":\"ListItem\",\"position\":3,\"name\":\"Birgit Ehrenberg\"}]},{\"@type\":\"WebSite\",\"@id\":\"https:\/\/www.modernloveschool.com\/de\/#website\",\"url\":\"https:\/\/www.modernloveschool.com\/de\/\",\"name\":\"Modern Love School\",\"description\":\"Online Kurse rund um die Liebe\",\"publisher\":{\"@id\":\"https:\/\/www.modernloveschool.com\/de\/#organization\"},\"potentialAction\":[{\"@type\":\"SearchAction\",\"target\":{\"@type\":\"EntryPoint\",\"urlTemplate\":\"https:\/\/www.modernloveschool.com\/de\/?s={search_term_string}\"},\"query-input\":{\"@type\":\"PropertyValueSpecification\",\"valueRequired\":true,\"valueName\":\"search_term_string\"}}],\"inLanguage\":\"de\"},{\"@type\":\"Organization\",\"@id\":\"https:\/\/www.modernloveschool.com\/de\/#organization\",\"name\":\"Modern Love School GmbH\",\"url\":\"https:\/\/www.modernloveschool.com\/de\/\",\"logo\":{\"@type\":\"ImageObject\",\"inLanguage\":\"de\",\"@id\":\"https:\/\/www.modernloveschool.com\/de\/#\/schema\/logo\/image\/\",\"url\":\"\",\"contentUrl\":\"\",\"caption\":\"Modern Love School GmbH\"},\"image\":{\"@id\":\"https:\/\/www.modernloveschool.com\/de\/#\/schema\/logo\/image\/\"},\"sameAs\":[\"https:\/\/www.facebook.com\/ModernLoveSchool\/\",\"https:\/\/www.instagram.com\/modernloveschool\/\",\"https:\/\/www.pinterest.de\/modernloveschool\/\",\"https:\/\/www.youtube.com\/channel\/UCs5FbbRqySXdc9OdP8vF_WQ\"]}]}<\/script>\n<!-- \/ Yoast SEO plugin. -->","yoast_head_json":{"title":"Birgit Ehrenberg | Modern Love School","robots":{"index":"index","follow":"follow","max-snippet":"max-snippet:-1","max-image-preview":"max-image-preview:large","max-video-preview":"max-video-preview:-1"},"canonical":"https:\/\/www.modernloveschool.com\/de\/autoren\/birgit-ehrenberg\/","og_locale":"de_DE","og_type":"article","og_title":"Birgit Ehrenberg | Modern Love School","og_description":"[vc_row content_placement=&#8220;middle&#8220; css=&#8220;.vc_custom_1605625742126{margin-top: 50px !important;}&#8220;][vc_column width=&#8220;1\/4&#8243;][\/vc_column][vc_column width=&#8220;1\/2&#8243;][vc_column_text] Birgit Ehrenberg [\/vc_column_text][vc_column_text] [\/vc_column_text][vc_column_text] Philosophin, Liebes-Forscherin Birgit Ehrenberg, geboren 1962, ist Journalistin und studierte Philosophin. Sie begleitet und unterst\u00fctzt Menschen mit ihrer Expertise in existenziellen Fragen zur Liebe und ist seit vielen Jahren erfolgreiche Autorin zum Thema. Ihr j\u00fcngstes Buch: &#8222;Was passiert mit der Liebe, wenn der Partner [&hellip;]","og_url":"https:\/\/www.modernloveschool.com\/de\/autoren\/birgit-ehrenberg\/","og_site_name":"Modern Love School","article_publisher":"https:\/\/www.facebook.com\/ModernLoveSchool\/","article_modified_time":"2020-11-24T10:07:22+00:00","og_image":[{"url":"https:\/\/www.modernloveschool.com\/wp-content\/uploads\/2020\/11\/Modern-Love-School-Autor-Birgit-Ehrenberg.jpg","type":"","width":"","height":""}],"twitter_card":"summary_large_image","twitter_misc":{"Gesch\u00e4tzte Lesezeit":"1\u00a0Minute"},"schema":{"@context":"https:\/\/schema.org","@graph":[{"@type":"WebPage","@id":"https:\/\/www.modernloveschool.com\/de\/autoren\/birgit-ehrenberg\/","url":"https:\/\/www.modernloveschool.com\/de\/autoren\/birgit-ehrenberg\/","name":"Birgit Ehrenberg | Modern Love School","isPartOf":{"@id":"https:\/\/www.modernloveschool.com\/de\/#website"},"primaryImageOfPage":{"@id":"https:\/\/www.modernloveschool.com\/de\/autoren\/birgit-ehrenberg\/#primaryimage"},"image":{"@id":"https:\/\/www.modernloveschool.com\/de\/autoren\/birgit-ehrenberg\/#primaryimage"},"thumbnailUrl":"https:\/\/www.modernloveschool.com\/wp-content\/uploads\/2020\/11\/Modern-Love-School-Autor-Birgit-Ehrenberg.jpg","datePublished":"2020-11-18T17:33:29+00:00","dateModified":"2020-11-24T10:07:22+00:00","breadcrumb":{"@id":"https:\/\/www.modernloveschool.com\/de\/autoren\/birgit-ehrenberg\/#breadcrumb"},"inLanguage":"de","potentialAction":[{"@type":"ReadAction","target":["https:\/\/www.modernloveschool.com\/de\/autoren\/birgit-ehrenberg\/"]}]},{"@type":"ImageObject","inLanguage":"de","@id":"https:\/\/www.modernloveschool.com\/de\/autoren\/birgit-ehrenberg\/#primaryimage","url":"https:\/\/www.modernloveschool.com\/wp-content\/uploads\/2020\/11\/Modern-Love-School-Autor-Birgit-Ehrenberg.jpg","contentUrl":"https:\/\/www.modernloveschool.com\/wp-content\/uploads\/2020\/11\/Modern-Love-School-Autor-Birgit-Ehrenberg.jpg"},{"@type":"BreadcrumbList","@id":"https:\/\/www.modernloveschool.com\/de\/autoren\/birgit-ehrenberg\/#breadcrumb","itemListElement":[{"@type":"ListItem","position":1,"name":"Home","item":"https:\/\/www.modernloveschool.com\/de\/"},{"@type":"ListItem","position":2,"name":"Autoren","item":"https:\/\/www.modernloveschool.com\/de\/autoren\/"},{"@type":"ListItem","position":3,"name":"Birgit Ehrenberg"}]},{"@type":"WebSite","@id":"https:\/\/www.modernloveschool.com\/de\/#website","url":"https:\/\/www.modernloveschool.com\/de\/","name":"Modern Love School","description":"Online Kurse rund um die Liebe","publisher":{"@id":"https:\/\/www.modernloveschool.com\/de\/#organization"},"potentialAction":[{"@type":"SearchAction","target":{"@type":"EntryPoint","urlTemplate":"https:\/\/www.modernloveschool.com\/de\/?s={search_term_string}"},"query-input":{"@type":"PropertyValueSpecification","valueRequired":true,"valueName":"search_term_string"}}],"inLanguage":"de"},{"@type":"Organization","@id":"https:\/\/www.modernloveschool.com\/de\/#organization","name":"Modern Love School GmbH","url":"https:\/\/www.modernloveschool.com\/de\/","logo":{"@type":"ImageObject","inLanguage":"de","@id":"https:\/\/www.modernloveschool.com\/de\/#\/schema\/logo\/image\/","url":"","contentUrl":"","caption":"Modern Love School GmbH"},"image":{"@id":"https:\/\/www.modernloveschool.com\/de\/#\/schema\/logo\/image\/"},"sameAs":["https:\/\/www.facebook.com\/ModernLoveSchool\/","https:\/\/www.instagram.com\/modernloveschool\/","https:\/\/www.pinterest.de\/modernloveschool\/","https:\/\/www.youtube.com\/channel\/UCs5FbbRqySXdc9OdP8vF_WQ"]}]}},"_links":{"self":[{"href":"https:\/\/www.modernloveschool.com\/de\/wp-json\/wp\/v2\/pages\/7201","targetHints":{"allow":["GET"]}}],"collection":[{"href":"https:\/\/www.modernloveschool.com\/de\/wp-json\/wp\/v2\/pages"}],"about":[{"href":"https:\/\/www.modernloveschool.com\/de\/wp-json\/wp\/v2\/types\/page"}],"author":[{"embeddable":true,"href":"https:\/\/www.modernloveschool.com\/de\/wp-json\/wp\/v2\/users\/1"}],"replies":[{"embeddable":true,"href":"https:\/\/www.modernloveschool.com\/de\/wp-json\/wp\/v2\/comments?post=7201"}],"version-history":[{"count":5,"href":"https:\/\/www.modernloveschool.com\/de\/wp-json\/wp\/v2\/pages\/7201\/revisions"}],"predecessor-version":[{"id":7304,"href":"https:\/\/www.modernloveschool.com\/de\/wp-json\/wp\/v2\/pages\/7201\/revisions\/7304"}],"up":[{"embeddable":true,"href":"https:\/\/www.modernloveschool.com\/de\/wp-json\/wp\/v2\/pages\/6960"}],"wp:attachment":[{"href":"https:\/\/www.modernloveschool.com\/de\/wp-json\/wp\/v2\/media?parent=7201"}],"curies":[{"name":"wp","href":"https:\/\/api.w.org\/{rel}","templated":true}]}}